{"id":3883,"date":"2024-10-02T13:12:16","date_gmt":"2024-10-02T13:12:16","guid":{"rendered":"https:\/\/chemicalstore.ee\/toode\/universaalne-puhastusvahendamber-all-purpose-cleaner-5000ml\/"},"modified":"2024-10-02T13:12:24","modified_gmt":"2024-10-02T13:12:24","slug":"universaalne-puhastusvahendamber-all-purpose-cleaner-5000ml","status":"publish","type":"product","link":"https:\/\/chemicalstore.ee\/ru\/toode\/universaalne-puhastusvahendamber-all-purpose-cleaner-5000ml\/","title":{"rendered":"Universaalne puhastusvahend,AMBER All Purpose Cleaner  &#8211; 5000ml"},"content":{"rendered":"<p>AMBER eemaldab mustuse nii auto v\u00e4ljast kui ka seest! V\u00f5imas ja t\u00f5hus. Eriti kasulik rasvase mustuse eemaldamisel. Lahjendus varieerub s\u00f5ltuvalt eemaldatava mustuse iseloomust ja ulatusest, keskmiselt 10%. \u00c4rge unustage AMBER \u00e4ra p\u00fchkida vee v\u00f5i niiske mikrokiudlapiga.<\/p>\n","protected":false},"excerpt":{"rendered":"<p>AUTO GRAPH Detailing<\/p>\n","protected":false},"featured_media":3884,"comment_status":"closed","ping_status":"open","template":"","meta":{"_monsterinsights_skip_tracking":false,"_monsterinsights_sitenote_active":false,"_monsterinsights_sitenote_note":"","_monsterinsights_sitenote_category":0},"product_brand":[],"product_cat":[35],"product_tag":[],"class_list":{"0":"post-3883","1":"product","2":"type-product","3":"status-publish","4":"has-post-thumbnail","6":"product_cat-puhastusvahendid-autohooldustooted","7":"pa_brand-auto-graph-detailing","8":"pa_kasutusotstarve-auto-sise-valipesu","9":"pa_omadused-tohus-puhastusomadus","10":"pa_uhiku-hind-4-58e-l","12":"first","13":"onbackorder","14":"taxable","15":"shipping-taxable","16":"purchasable","17":"product-type-simple"},"_links":{"self":[{"href":"https:\/\/chemicalstore.ee\/ru\/wp-json\/wp\/v2\/product\/3883","targetHints":{"allow":["GET"]}}],"collection":[{"href":"https:\/\/chemicalstore.ee\/ru\/wp-json\/wp\/v2\/product"}],"about":[{"href":"https:\/\/chemicalstore.ee\/ru\/wp-json\/wp\/v2\/types\/product"}],"replies":[{"embeddable":true,"href":"https:\/\/chemicalstore.ee\/ru\/wp-json\/wp\/v2\/comments?post=3883"}],"wp:featuredmedia":[{"embeddable":true,"href":"https:\/\/chemicalstore.ee\/ru\/wp-json\/wp\/v2\/media\/3884"}],"wp:attachment":[{"href":"https:\/\/chemicalstore.ee\/ru\/wp-json\/wp\/v2\/media?parent=3883"}],"wp:term":[{"taxonomy":"product_brand","embeddable":true,"href":"https:\/\/chemicalstore.ee\/ru\/wp-json\/wp\/v2\/product_brand?post=3883"},{"taxonomy":"product_cat","embeddable":true,"href":"https:\/\/chemicalstore.ee\/ru\/wp-json\/wp\/v2\/product_cat?post=3883"},{"taxonomy":"product_tag","embeddable":true,"href":"https:\/\/chemicalstore.ee\/ru\/wp-json\/wp\/v2\/product_tag?post=3883"}],"curies":[{"name":"wp","href":"https:\/\/api.w.org\/{rel}","templated":true}]}}