{"id":3879,"date":"2024-10-02T13:12:16","date_gmt":"2024-10-02T13:12:16","guid":{"rendered":"https:\/\/chemicalstore.ee\/toode\/viimistlusaineaventurine-ipa-cleaner-5000ml\/"},"modified":"2024-10-02T13:12:23","modified_gmt":"2024-10-02T13:12:23","slug":"viimistlusaineaventurine-ipa-cleaner-5000ml","status":"publish","type":"product","link":"https:\/\/chemicalstore.ee\/ru\/toode\/viimistlusaineaventurine-ipa-cleaner-5000ml\/","title":{"rendered":"Viimistlusaine,AVENTURINE IPA Cleaner &#8211; 5000ml"},"content":{"rendered":"<p>AVENTURINE IPA Cleaner on professionaalne rasvaeemaldusvahend, mis sisaldab 99% isopropanooli! Asendamatu puhastusaine enne vaha- v\u00f5i keraamilise kattekihi pealekandmiseks. Eluliselt oluline v\u00e4rvi korrigeerimiseks \u2013 eemaldab poleerimispasta j\u00e4\u00e4gid ja h\u00f5lbustab l\u00f5pp tulemust. Talvel mugav \u2013 t\u00f6\u00f6tab j\u00e4\u00e4sulatajana. Sobib v\u00e4rvi-, velge- ja klaaspindadele.<\/p>\n","protected":false},"excerpt":{"rendered":"<p>AUTO GRAPH Detailing<\/p>\n","protected":false},"featured_media":3877,"comment_status":"closed","ping_status":"open","template":"","meta":{"_monsterinsights_skip_tracking":false,"_monsterinsights_sitenote_active":false,"_monsterinsights_sitenote_note":"","_monsterinsights_sitenote_category":0},"product_brand":[],"product_cat":[35],"product_tag":[],"class_list":{"0":"post-3879","1":"product","2":"type-product","3":"status-publish","4":"has-post-thumbnail","6":"product_cat-puhastusvahendid-autohooldustooted","7":"pa_brand-auto-graph-detailing","8":"pa_kasutusotstarve-varvipinna-viimistlus-enne-teipimist-voi-vaha-keraamilise-kaitse-paigaldamist","9":"pa_omadused-tohus-rasvaeemaldus","10":"pa_uhiku-hind-9-38e-l","12":"first","13":"onbackorder","14":"taxable","15":"shipping-taxable","16":"purchasable","17":"product-type-simple"},"_links":{"self":[{"href":"https:\/\/chemicalstore.ee\/ru\/wp-json\/wp\/v2\/product\/3879","targetHints":{"allow":["GET"]}}],"collection":[{"href":"https:\/\/chemicalstore.ee\/ru\/wp-json\/wp\/v2\/product"}],"about":[{"href":"https:\/\/chemicalstore.ee\/ru\/wp-json\/wp\/v2\/types\/product"}],"replies":[{"embeddable":true,"href":"https:\/\/chemicalstore.ee\/ru\/wp-json\/wp\/v2\/comments?post=3879"}],"wp:featuredmedia":[{"embeddable":true,"href":"https:\/\/chemicalstore.ee\/ru\/wp-json\/wp\/v2\/media\/3877"}],"wp:attachment":[{"href":"https:\/\/chemicalstore.ee\/ru\/wp-json\/wp\/v2\/media?parent=3879"}],"wp:term":[{"taxonomy":"product_brand","embeddable":true,"href":"https:\/\/chemicalstore.ee\/ru\/wp-json\/wp\/v2\/product_brand?post=3879"},{"taxonomy":"product_cat","embeddable":true,"href":"https:\/\/chemicalstore.ee\/ru\/wp-json\/wp\/v2\/product_cat?post=3879"},{"taxonomy":"product_tag","embeddable":true,"href":"https:\/\/chemicalstore.ee\/ru\/wp-json\/wp\/v2\/product_tag?post=3879"}],"curies":[{"name":"wp","href":"https:\/\/api.w.org\/{rel}","templated":true}]}}