{"id":3871,"date":"2024-10-02T13:12:16","date_gmt":"2024-10-02T13:12:16","guid":{"rendered":"https:\/\/chemicalstore.ee\/toode\/naha-puhastusainenepheline-leather-cleaner-5000ml\/"},"modified":"2024-10-02T13:12:20","modified_gmt":"2024-10-02T13:12:20","slug":"naha-puhastusainenepheline-leather-cleaner-5000ml","status":"publish","type":"product","link":"https:\/\/chemicalstore.ee\/ru\/toode\/naha-puhastusainenepheline-leather-cleaner-5000ml\/","title":{"rendered":"Naha puhastusaineNEPHELINE Leather Cleaner  &#8211; 5000ml"},"content":{"rendered":"<p>Nahapuhastusvahend NEPHELINE on teie auto nahapuhastusvahend, mis eemaldab t\u00f5husalt mustuse ja ebameeldivad l\u00f5hnad. See on neutraalne pH-puhastaja ja puhastab nahka kuivatamata.See pehmendab ja niisutab pinda j\u00e4ttes meeldiva tulemuse.T\u00c4IELIKUKS NIISUTAMISEKS KASUTAGE ALABASTER LEATHER PROTECTI. TE NIISUTATE NAHKA, AIDATES SEDA KAUEM OPTIMAALSES OLEKUS S\u00c4ILITADA.<\/p>\n","protected":false},"excerpt":{"rendered":"<p>AUTO GRAPH Detailing<\/p>\n","protected":false},"featured_media":3869,"comment_status":"closed","ping_status":"open","template":"","meta":{"_monsterinsights_skip_tracking":false,"_monsterinsights_sitenote_active":false,"_monsterinsights_sitenote_note":"","_monsterinsights_sitenote_category":0},"product_brand":[],"product_cat":[130],"product_tag":[],"class_list":{"0":"post-3871","1":"product","2":"type-product","3":"status-publish","4":"has-post-thumbnail","6":"product_cat-interjoor","7":"pa_brand-auto-graph-detailing","8":"pa_kasutusotstarve-naha-puhastus","9":"pa_omadused-eemaldab-tohusalt-mustuse-ja-ebameeldivad-lohnad","10":"pa_uhiku-hind-8-58e-l","12":"first","13":"onbackorder","14":"taxable","15":"shipping-taxable","16":"purchasable","17":"product-type-simple"},"_links":{"self":[{"href":"https:\/\/chemicalstore.ee\/ru\/wp-json\/wp\/v2\/product\/3871","targetHints":{"allow":["GET"]}}],"collection":[{"href":"https:\/\/chemicalstore.ee\/ru\/wp-json\/wp\/v2\/product"}],"about":[{"href":"https:\/\/chemicalstore.ee\/ru\/wp-json\/wp\/v2\/types\/product"}],"replies":[{"embeddable":true,"href":"https:\/\/chemicalstore.ee\/ru\/wp-json\/wp\/v2\/comments?post=3871"}],"wp:featuredmedia":[{"embeddable":true,"href":"https:\/\/chemicalstore.ee\/ru\/wp-json\/wp\/v2\/media\/3869"}],"wp:attachment":[{"href":"https:\/\/chemicalstore.ee\/ru\/wp-json\/wp\/v2\/media?parent=3871"}],"wp:term":[{"taxonomy":"product_brand","embeddable":true,"href":"https:\/\/chemicalstore.ee\/ru\/wp-json\/wp\/v2\/product_brand?post=3871"},{"taxonomy":"product_cat","embeddable":true,"href":"https:\/\/chemicalstore.ee\/ru\/wp-json\/wp\/v2\/product_cat?post=3871"},{"taxonomy":"product_tag","embeddable":true,"href":"https:\/\/chemicalstore.ee\/ru\/wp-json\/wp\/v2\/product_tag?post=3871"}],"curies":[{"name":"wp","href":"https:\/\/api.w.org\/{rel}","templated":true}]}}