{"id":3867,"date":"2024-10-02T13:12:16","date_gmt":"2024-10-02T13:12:16","guid":{"rendered":"https:\/\/chemicalstore.ee\/toode\/interjoori-kaitseainemorganite-interior-dressing-5000ml\/"},"modified":"2024-10-02T13:12:19","modified_gmt":"2024-10-02T13:12:19","slug":"interjoori-kaitseainemorganite-interior-dressing-5000ml","status":"publish","type":"product","link":"https:\/\/chemicalstore.ee\/ru\/toode\/interjoori-kaitseainemorganite-interior-dressing-5000ml\/","title":{"rendered":"Interj\u00f6\u00f6ri kaitseaine,MORGANITE Interior Dressing &#8211; 5000ml"},"content":{"rendered":"<p>Mis siis, kui teie armatuurlaud n\u00e4eb alati uus v\u00e4lja? MORGANITE Interior Dressing kaitseb armatuurlauda ja teisi elemente. Kaitseb suurep\u00e4raselt mustuse eest ja t\u00f5rjub tolmu. J\u00e4tab elegantse satiin v\u00e4limuse.T\u00e4iustab ja k\u00fcllastab v\u00e4rve. \u00c4\u00e4rmiselt vaevatu \u2013 lihtsalt loksutage, piserdage mikrokiud lapile v\u00f5i k\u00e4snaaplikaatorile, kandke \u00fchtlaselt pinnale ja laske kuivada.<\/p>\n","protected":false},"excerpt":{"rendered":"<p>AUTO GRAPH Detailing<\/p>\n","protected":false},"featured_media":3865,"comment_status":"closed","ping_status":"open","template":"","meta":{"_monsterinsights_skip_tracking":false,"_monsterinsights_sitenote_active":false,"_monsterinsights_sitenote_note":"","_monsterinsights_sitenote_category":0},"product_brand":[],"product_cat":[130],"product_tag":[],"class_list":{"0":"post-3867","1":"product","2":"type-product","3":"status-publish","4":"has-post-thumbnail","6":"product_cat-interjoor","7":"pa_brand-auto-graph-detailing","8":"pa_kasutusotstarve-salongi-kaitse","9":"pa_omadused-kaitseb-pinda-maardumise-eest","10":"pa_uhiku-hind-12-38e-l","12":"first","13":"onbackorder","14":"taxable","15":"shipping-taxable","16":"purchasable","17":"product-type-simple"},"_links":{"self":[{"href":"https:\/\/chemicalstore.ee\/ru\/wp-json\/wp\/v2\/product\/3867","targetHints":{"allow":["GET"]}}],"collection":[{"href":"https:\/\/chemicalstore.ee\/ru\/wp-json\/wp\/v2\/product"}],"about":[{"href":"https:\/\/chemicalstore.ee\/ru\/wp-json\/wp\/v2\/types\/product"}],"replies":[{"embeddable":true,"href":"https:\/\/chemicalstore.ee\/ru\/wp-json\/wp\/v2\/comments?post=3867"}],"wp:featuredmedia":[{"embeddable":true,"href":"https:\/\/chemicalstore.ee\/ru\/wp-json\/wp\/v2\/media\/3865"}],"wp:attachment":[{"href":"https:\/\/chemicalstore.ee\/ru\/wp-json\/wp\/v2\/media?parent=3867"}],"wp:term":[{"taxonomy":"product_brand","embeddable":true,"href":"https:\/\/chemicalstore.ee\/ru\/wp-json\/wp\/v2\/product_brand?post=3867"},{"taxonomy":"product_cat","embeddable":true,"href":"https:\/\/chemicalstore.ee\/ru\/wp-json\/wp\/v2\/product_cat?post=3867"},{"taxonomy":"product_tag","embeddable":true,"href":"https:\/\/chemicalstore.ee\/ru\/wp-json\/wp\/v2\/product_tag?post=3867"}],"curies":[{"name":"wp","href":"https:\/\/api.w.org\/{rel}","templated":true}]}}