{"id":3863,"date":"2024-10-02T13:12:16","date_gmt":"2024-10-02T13:12:16","guid":{"rendered":"https:\/\/chemicalstore.ee\/toode\/salongi-puhastusaineheliodor-interior-detailer-5000ml\/"},"modified":"2024-10-02T13:12:18","modified_gmt":"2024-10-02T13:12:18","slug":"salongi-puhastusaineheliodor-interior-detailer-5000ml","status":"publish","type":"product","link":"https:\/\/chemicalstore.ee\/ru\/toode\/salongi-puhastusaineheliodor-interior-detailer-5000ml\/","title":{"rendered":"Salongi puhastusaine,HELIODOR Interior Detailer &#8211; 5000ml"},"content":{"rendered":"<p>Kas otsite toodet, mis puhastab ja kaitseb k\u00f5iki auto sisepindu \u2013 plastikut, tekstiili, veluuri, puitu, nahka v\u00f5i Alcantarat? See k\u00f5ik on HELIODORI interj\u00f6\u00f6ri detailer! Eemaldab kergesti mustuse ja j\u00e4tab loomuliku v\u00e4limuse. Aeglustab tolmu settimist t\u00e4nu antistaatilistele omadustele. \u00c4\u00e4rmiselt vaevatu \u2013 piserdage mikrokiust lapile, eemaldage mustus.Ei vaja veega lahjendamist.<\/p>\n","protected":false},"excerpt":{"rendered":"<p>AUTO GRAPH Detailing<\/p>\n","protected":false},"featured_media":3861,"comment_status":"closed","ping_status":"open","template":"","meta":{"_monsterinsights_skip_tracking":false,"_monsterinsights_sitenote_active":false,"_monsterinsights_sitenote_note":"","_monsterinsights_sitenote_category":0},"product_brand":[],"product_cat":[130],"product_tag":[],"class_list":{"0":"post-3863","1":"product","2":"type-product","3":"status-publish","4":"has-post-thumbnail","6":"product_cat-interjoor","7":"pa_brand-auto-graph-detailing","8":"pa_kasutusotstarve-salongi-puhastus","9":"pa_omadused-vaga-head-puhastusomadused","10":"pa_uhiku-hind-6-58e-l","12":"first","13":"onbackorder","14":"taxable","15":"shipping-taxable","16":"purchasable","17":"product-type-simple"},"_links":{"self":[{"href":"https:\/\/chemicalstore.ee\/ru\/wp-json\/wp\/v2\/product\/3863","targetHints":{"allow":["GET"]}}],"collection":[{"href":"https:\/\/chemicalstore.ee\/ru\/wp-json\/wp\/v2\/product"}],"about":[{"href":"https:\/\/chemicalstore.ee\/ru\/wp-json\/wp\/v2\/types\/product"}],"replies":[{"embeddable":true,"href":"https:\/\/chemicalstore.ee\/ru\/wp-json\/wp\/v2\/comments?post=3863"}],"wp:featuredmedia":[{"embeddable":true,"href":"https:\/\/chemicalstore.ee\/ru\/wp-json\/wp\/v2\/media\/3861"}],"wp:attachment":[{"href":"https:\/\/chemicalstore.ee\/ru\/wp-json\/wp\/v2\/media?parent=3863"}],"wp:term":[{"taxonomy":"product_brand","embeddable":true,"href":"https:\/\/chemicalstore.ee\/ru\/wp-json\/wp\/v2\/product_brand?post=3863"},{"taxonomy":"product_cat","embeddable":true,"href":"https:\/\/chemicalstore.ee\/ru\/wp-json\/wp\/v2\/product_cat?post=3863"},{"taxonomy":"product_tag","embeddable":true,"href":"https:\/\/chemicalstore.ee\/ru\/wp-json\/wp\/v2\/product_tag?post=3863"}],"curies":[{"name":"wp","href":"https:\/\/api.w.org\/{rel}","templated":true}]}}