{"id":3852,"date":"2024-10-02T13:12:01","date_gmt":"2024-10-02T13:12:01","guid":{"rendered":"https:\/\/chemicalstore.ee\/toode\/rehvipuhastusaineamethyst-rim-cleaner-750ml\/"},"modified":"2024-11-04T19:22:41","modified_gmt":"2024-11-04T19:22:41","slug":"rehvipuhastusaineamethyst-rim-cleaner-750ml","status":"publish","type":"product","link":"https:\/\/chemicalstore.ee\/ru\/toode\/rehvipuhastusaineamethyst-rim-cleaner-750ml\/","title":{"rendered":"Rehvipuhastusaine,AMETHYST Rim Cleaner &#8211; 750ml"},"content":{"rendered":"<p>See ei hoolitse mitte ainult velgede, vaid ka v\u00e4rvi, plasti, kroomi v\u00f5i klaasi eest. Eemaldab t\u00f5husalt ja \u00f5rnalt piduritolmu ja muu metallilise prahi t\u00e4nu neutraalse pH-ga puhastusvahenditele. Spetsiaalne valem v\u00f5imaldab sellel vertikaalsetest pindadest &#8220;haarata&#8221; ja t\u00f6\u00f6tada kauem.<\/p>\n","protected":false},"excerpt":{"rendered":"<p>AUTO GRAPH Detailing<\/p>\n","protected":false},"featured_media":3853,"comment_status":"closed","ping_status":"open","template":"","meta":{"_monsterinsights_skip_tracking":false,"_monsterinsights_sitenote_active":false,"_monsterinsights_sitenote_note":"","_monsterinsights_sitenote_category":0},"product_brand":[],"product_cat":[523],"product_tag":[],"class_list":{"0":"post-3852","1":"product","2":"type-product","3":"status-publish","4":"has-post-thumbnail","6":"product_cat-rehvidveljed","7":"pa_brand-auto-graph-detailing","8":"pa_kasutusotstarve-rehvipuhastus","9":"pa_omadused-tugev-toime","10":"pa_uhiku-hind-18-53e-l","12":"first","13":"onbackorder","14":"taxable","15":"shipping-taxable","16":"purchasable","17":"product-type-simple"},"_links":{"self":[{"href":"https:\/\/chemicalstore.ee\/ru\/wp-json\/wp\/v2\/product\/3852","targetHints":{"allow":["GET"]}}],"collection":[{"href":"https:\/\/chemicalstore.ee\/ru\/wp-json\/wp\/v2\/product"}],"about":[{"href":"https:\/\/chemicalstore.ee\/ru\/wp-json\/wp\/v2\/types\/product"}],"replies":[{"embeddable":true,"href":"https:\/\/chemicalstore.ee\/ru\/wp-json\/wp\/v2\/comments?post=3852"}],"wp:featuredmedia":[{"embeddable":true,"href":"https:\/\/chemicalstore.ee\/ru\/wp-json\/wp\/v2\/media\/3853"}],"wp:attachment":[{"href":"https:\/\/chemicalstore.ee\/ru\/wp-json\/wp\/v2\/media?parent=3852"}],"wp:term":[{"taxonomy":"product_brand","embeddable":true,"href":"https:\/\/chemicalstore.ee\/ru\/wp-json\/wp\/v2\/product_brand?post=3852"},{"taxonomy":"product_cat","embeddable":true,"href":"https:\/\/chemicalstore.ee\/ru\/wp-json\/wp\/v2\/product_cat?post=3852"},{"taxonomy":"product_tag","embeddable":true,"href":"https:\/\/chemicalstore.ee\/ru\/wp-json\/wp\/v2\/product_tag?post=3852"}],"curies":[{"name":"wp","href":"https:\/\/api.w.org\/{rel}","templated":true}]}}