{"id":3851,"date":"2024-10-02T13:12:01","date_gmt":"2024-10-02T13:12:01","guid":{"rendered":"https:\/\/chemicalstore.ee\/toode\/klaasipuhastusaineemerald-hydrophobic-glass-cleaner-5000ml\/"},"modified":"2026-03-13T19:04:07","modified_gmt":"2026-03-13T19:04:07","slug":"klaasipuhastusaineemerald-hydrophobic-glass-cleaner-5000ml","status":"publish","type":"product","link":"https:\/\/chemicalstore.ee\/ru\/toode\/klaasipuhastusaineemerald-hydrophobic-glass-cleaner-5000ml\/","title":{"rendered":"Klaasipuhastusaine,EMERALD Hydrophobic Glass Cleaner &#8211; 5000ml"},"content":{"rendered":"<p>h\u00fcdrofoobne klaasipuhastusvahend mitte ainult ei puhasta,vaid kaitseb ka iga klaasipinda! T\u00e4iustatud valem tagab kiire aurustumise &#8211; ideaalne mustuse eemaldamiseks koos triibuvaba efektiga.SiO2 pol\u00fcmeeri lisamine garanteerib l\u00e4ike ja h\u00fcdrofoobsuse omadused.Pihustage lihtsalt mikrokiust lapile  ja p\u00fchkige mustus \u00e4ra.T\u00e4iustliku tulemuse jaoks kuivatage teise lapiga!<\/p>\n","protected":false},"excerpt":{"rendered":"<p>AUTO GRAPH Detailing<\/p>\n","protected":false},"featured_media":3849,"comment_status":"closed","ping_status":"open","template":"","meta":{"_monsterinsights_skip_tracking":false,"_monsterinsights_sitenote_active":false,"_monsterinsights_sitenote_note":"","_monsterinsights_sitenote_category":0},"product_brand":[],"product_cat":[35],"product_tag":[],"class_list":{"0":"post-3851","1":"product","2":"type-product","3":"status-publish","4":"has-post-thumbnail","6":"product_cat-puhastusvahendid-autohooldustooted","7":"pa_brand-auto-graph-detailing","8":"pa_kasutusotstarve-klaaspindade-puhastus","9":"pa_omadused-vaga-head-puhastusomadused","10":"pa_uhiku-hind-6-98e-l","12":"first","13":"onbackorder","14":"taxable","15":"shipping-taxable","16":"purchasable","17":"product-type-simple"},"_links":{"self":[{"href":"https:\/\/chemicalstore.ee\/ru\/wp-json\/wp\/v2\/product\/3851","targetHints":{"allow":["GET"]}}],"collection":[{"href":"https:\/\/chemicalstore.ee\/ru\/wp-json\/wp\/v2\/product"}],"about":[{"href":"https:\/\/chemicalstore.ee\/ru\/wp-json\/wp\/v2\/types\/product"}],"replies":[{"embeddable":true,"href":"https:\/\/chemicalstore.ee\/ru\/wp-json\/wp\/v2\/comments?post=3851"}],"wp:featuredmedia":[{"embeddable":true,"href":"https:\/\/chemicalstore.ee\/ru\/wp-json\/wp\/v2\/media\/3849"}],"wp:attachment":[{"href":"https:\/\/chemicalstore.ee\/ru\/wp-json\/wp\/v2\/media?parent=3851"}],"wp:term":[{"taxonomy":"product_brand","embeddable":true,"href":"https:\/\/chemicalstore.ee\/ru\/wp-json\/wp\/v2\/product_brand?post=3851"},{"taxonomy":"product_cat","embeddable":true,"href":"https:\/\/chemicalstore.ee\/ru\/wp-json\/wp\/v2\/product_cat?post=3851"},{"taxonomy":"product_tag","embeddable":true,"href":"https:\/\/chemicalstore.ee\/ru\/wp-json\/wp\/v2\/product_tag?post=3851"}],"curies":[{"name":"wp","href":"https:\/\/api.w.org\/{rel}","templated":true}]}}