{"id":3844,"date":"2024-10-02T13:12:01","date_gmt":"2024-10-02T13:12:01","guid":{"rendered":"https:\/\/chemicalstore.ee\/toode\/klaasipuhastusainemalachite-glass-cleaner-750ml\/"},"modified":"2025-01-10T20:29:46","modified_gmt":"2025-01-10T20:29:46","slug":"klaasipuhastusainemalachite-glass-cleaner-750ml","status":"publish","type":"product","link":"https:\/\/chemicalstore.ee\/ru\/toode\/klaasipuhastusainemalachite-glass-cleaner-750ml\/","title":{"rendered":"Klaasipuhastusaine,MALACHITE Glass Cleaner &#8211; 750ml"},"content":{"rendered":"<p>Uskumatult t\u00f5hus v\u00f6\u00f6tide vaba valem.Aurustub v\u00e4ga kiirelt ja j\u00e4tab kristallselge tulemuse.Lisaks v\u00e4hendab see antistaatilisust . &#8211; lihtsalt pihustage mikrokiudlapile ja p\u00fchkige mustus \u00e4ra.T\u00e4iustage viimistlust teise kuiva lapiga.<\/p>\n","protected":false},"excerpt":{"rendered":"<p>AUTO GRAPH Detailing<\/p>\n","protected":false},"featured_media":3845,"comment_status":"closed","ping_status":"open","template":"","meta":{"_monsterinsights_skip_tracking":false,"_monsterinsights_sitenote_active":false,"_monsterinsights_sitenote_note":"","_monsterinsights_sitenote_category":0},"product_brand":[],"product_cat":[35],"product_tag":[],"class_list":{"0":"post-3844","1":"product","2":"type-product","3":"status-publish","4":"has-post-thumbnail","6":"product_cat-puhastusvahendid-autohooldustooted","7":"pa_brand-auto-graph-detailing","8":"pa_kasutusotstarve-klaaspindade-puhastus","9":"pa_omadused-vaga-head-puhastusomadused","10":"pa_uhiku-hind-13-20e-l","12":"first","13":"onbackorder","14":"taxable","15":"shipping-taxable","16":"purchasable","17":"product-type-simple"},"_links":{"self":[{"href":"https:\/\/chemicalstore.ee\/ru\/wp-json\/wp\/v2\/product\/3844","targetHints":{"allow":["GET"]}}],"collection":[{"href":"https:\/\/chemicalstore.ee\/ru\/wp-json\/wp\/v2\/product"}],"about":[{"href":"https:\/\/chemicalstore.ee\/ru\/wp-json\/wp\/v2\/types\/product"}],"replies":[{"embeddable":true,"href":"https:\/\/chemicalstore.ee\/ru\/wp-json\/wp\/v2\/comments?post=3844"}],"wp:featuredmedia":[{"embeddable":true,"href":"https:\/\/chemicalstore.ee\/ru\/wp-json\/wp\/v2\/media\/3845"}],"wp:attachment":[{"href":"https:\/\/chemicalstore.ee\/ru\/wp-json\/wp\/v2\/media?parent=3844"}],"wp:term":[{"taxonomy":"product_brand","embeddable":true,"href":"https:\/\/chemicalstore.ee\/ru\/wp-json\/wp\/v2\/product_brand?post=3844"},{"taxonomy":"product_cat","embeddable":true,"href":"https:\/\/chemicalstore.ee\/ru\/wp-json\/wp\/v2\/product_cat?post=3844"},{"taxonomy":"product_tag","embeddable":true,"href":"https:\/\/chemicalstore.ee\/ru\/wp-json\/wp\/v2\/product_tag?post=3844"}],"curies":[{"name":"wp","href":"https:\/\/api.w.org\/{rel}","templated":true}]}}