{"id":3843,"date":"2024-10-02T13:12:01","date_gmt":"2024-10-02T13:12:01","guid":{"rendered":"https:\/\/chemicalstore.ee\/toode\/keraamilinekaitsesapphire-ceramic-spray-coat-5000ml\/"},"modified":"2024-10-02T13:12:09","modified_gmt":"2024-10-02T13:12:09","slug":"keraamilinekaitsesapphire-ceramic-spray-coat-5000ml","status":"publish","type":"product","link":"https:\/\/chemicalstore.ee\/ru\/toode\/keraamilinekaitsesapphire-ceramic-spray-coat-5000ml\/","title":{"rendered":"Keraamilinekaitse,SAPPHIRE Ceramic Spray Coat &#8211; 5000ml"},"content":{"rendered":"<p>SiO2 arenenud valem kaitseb v\u00e4rvkatteid mustuse, veej\u00e4lgede ja kriimustuste eest!Peale selle annab see v\u00e4rvile l\u00e4ike ja ilusa v\u00e4limuse. Samuti peidab ja minimaliseerib v\u00e4rvidefekte. Teie auto kuivab kiiresti! \u00c4\u00e4rmiselt vaevatu &#8211; raputage ja pihustage m\u00e4rjale v\u00f5i kuivale v\u00e4rvipinnale.T\u00e4iuslikkuse saamiseks viimistle mikrokiust lappiga<\/p>\n","protected":false},"excerpt":{"rendered":"<p>AUTO GRAPH Detailing<\/p>\n","protected":false},"featured_media":3841,"comment_status":"closed","ping_status":"open","template":"","meta":{"_monsterinsights_skip_tracking":false,"_monsterinsights_sitenote_active":false,"_monsterinsights_sitenote_note":"","_monsterinsights_sitenote_category":0},"product_brand":[],"product_cat":[27],"product_tag":[],"class_list":{"0":"post-3843","1":"product","2":"type-product","3":"status-publish","4":"has-post-thumbnail","6":"product_cat-kaitseained","7":"pa_brand-auto-graph-detailing","8":"pa_kasutusotstarve-varvipinna-kaitse","9":"pa_omadused-lihtne-kasutada","10":"pa_uhiku-hind-10-98e-l","12":"first","13":"onbackorder","14":"taxable","15":"shipping-taxable","16":"purchasable","17":"product-type-simple"},"_links":{"self":[{"href":"https:\/\/chemicalstore.ee\/ru\/wp-json\/wp\/v2\/product\/3843","targetHints":{"allow":["GET"]}}],"collection":[{"href":"https:\/\/chemicalstore.ee\/ru\/wp-json\/wp\/v2\/product"}],"about":[{"href":"https:\/\/chemicalstore.ee\/ru\/wp-json\/wp\/v2\/types\/product"}],"replies":[{"embeddable":true,"href":"https:\/\/chemicalstore.ee\/ru\/wp-json\/wp\/v2\/comments?post=3843"}],"wp:featuredmedia":[{"embeddable":true,"href":"https:\/\/chemicalstore.ee\/ru\/wp-json\/wp\/v2\/media\/3841"}],"wp:attachment":[{"href":"https:\/\/chemicalstore.ee\/ru\/wp-json\/wp\/v2\/media?parent=3843"}],"wp:term":[{"taxonomy":"product_brand","embeddable":true,"href":"https:\/\/chemicalstore.ee\/ru\/wp-json\/wp\/v2\/product_brand?post=3843"},{"taxonomy":"product_cat","embeddable":true,"href":"https:\/\/chemicalstore.ee\/ru\/wp-json\/wp\/v2\/product_cat?post=3843"},{"taxonomy":"product_tag","embeddable":true,"href":"https:\/\/chemicalstore.ee\/ru\/wp-json\/wp\/v2\/product_tag?post=3843"}],"curies":[{"name":"wp","href":"https:\/\/api.w.org\/{rel}","templated":true}]}}