{"id":3821,"date":"2024-10-02T13:12:01","date_gmt":"2024-10-02T13:12:01","guid":{"rendered":"https:\/\/chemicalstore.ee\/toode\/vahusampoontourmaline-neutral-foam-shampoo-green-5000ml\/"},"modified":"2024-10-02T13:12:04","modified_gmt":"2024-10-02T13:12:04","slug":"vahusampoontourmaline-neutral-foam-shampoo-green-5000ml","status":"publish","type":"product","link":"https:\/\/chemicalstore.ee\/ru\/toode\/vahusampoontourmaline-neutral-foam-shampoo-green-5000ml\/","title":{"rendered":"Vahu\u0161ampoon,TOURMALINE Neutral Foam Shampoo Green &#8211; 5000ml"},"content":{"rendered":"<p>K\u00f5rge kontsentratsiooniga  \u0161ampoon eel- ja k\u00e4sipesuks.Eemaldab kergesti m\u00e4\u00e4rdunud , rasvase pinna ja muudab v\u00e4rvikihi l\u00e4ikivaks.Puhastab \u00f5rnalt, kuid t\u00f5husalt.<\/p>\n","protected":false},"excerpt":{"rendered":"<p>AUTO GRAPH Detailing<\/p>\n","protected":false},"featured_media":5348,"comment_status":"closed","ping_status":"open","template":"","meta":{"_monsterinsights_skip_tracking":false,"_monsterinsights_sitenote_active":false,"_monsterinsights_sitenote_note":"","_monsterinsights_sitenote_category":0},"product_brand":[],"product_cat":[35],"product_tag":[],"class_list":{"0":"post-3821","1":"product","2":"type-product","3":"status-publish","4":"has-post-thumbnail","6":"product_cat-puhastusvahendid-autohooldustooted","7":"pa_brand-auto-graph-detailing","8":"pa_kasutusotstarve-eel-ja-kasipesuks","9":"pa_omadused-tugev-puhastusomadus","10":"pa_uhiku-hind-6-58e-l","12":"first","13":"onbackorder","14":"taxable","15":"shipping-taxable","16":"purchasable","17":"product-type-simple"},"_links":{"self":[{"href":"https:\/\/chemicalstore.ee\/ru\/wp-json\/wp\/v2\/product\/3821","targetHints":{"allow":["GET"]}}],"collection":[{"href":"https:\/\/chemicalstore.ee\/ru\/wp-json\/wp\/v2\/product"}],"about":[{"href":"https:\/\/chemicalstore.ee\/ru\/wp-json\/wp\/v2\/types\/product"}],"replies":[{"embeddable":true,"href":"https:\/\/chemicalstore.ee\/ru\/wp-json\/wp\/v2\/comments?post=3821"}],"wp:featuredmedia":[{"embeddable":true,"href":"https:\/\/chemicalstore.ee\/ru\/wp-json\/wp\/v2\/media\/5348"}],"wp:attachment":[{"href":"https:\/\/chemicalstore.ee\/ru\/wp-json\/wp\/v2\/media?parent=3821"}],"wp:term":[{"taxonomy":"product_brand","embeddable":true,"href":"https:\/\/chemicalstore.ee\/ru\/wp-json\/wp\/v2\/product_brand?post=3821"},{"taxonomy":"product_cat","embeddable":true,"href":"https:\/\/chemicalstore.ee\/ru\/wp-json\/wp\/v2\/product_cat?post=3821"},{"taxonomy":"product_tag","embeddable":true,"href":"https:\/\/chemicalstore.ee\/ru\/wp-json\/wp\/v2\/product_tag?post=3821"}],"curies":[{"name":"wp","href":"https:\/\/api.w.org\/{rel}","templated":true}]}}