{"id":3818,"date":"2024-10-02T13:12:01","date_gmt":"2024-10-02T13:12:01","guid":{"rendered":"https:\/\/chemicalstore.ee\/toode\/autosampoonalexandrite-organic-acid-shampoo-750ml\/"},"modified":"2024-10-02T13:12:02","modified_gmt":"2024-10-02T13:12:02","slug":"autosampoonalexandrite-organic-acid-shampoo-750ml","status":"publish","type":"product","link":"https:\/\/chemicalstore.ee\/ru\/toode\/autosampoonalexandrite-organic-acid-shampoo-750ml\/","title":{"rendered":"Auto\u0161ampoon,ALEXANDRITE Organic Acid Shampoo  &#8211; 750ml"},"content":{"rendered":"<p>Kontsentreeritud &#8211; ainult segada 25-50 ml 10 l veele. Sisaldab orgaanilisi happeid, mis v\u00e4ldivad  katlakivi ja suurendab l\u00e4iget.Korrosiooni inhibiitorid v\u00f5itlevad negatiivse keskkonnategurite m\u00f5ju. 2% lahjendus toimib ideaalselt lumevahuna.<\/p>\n","protected":false},"excerpt":{"rendered":"<p>AUTO GRAPH Detailing<\/p>\n","protected":false},"featured_media":3836,"comment_status":"closed","ping_status":"open","template":"","meta":{"_monsterinsights_skip_tracking":false,"_monsterinsights_sitenote_active":false,"_monsterinsights_sitenote_note":"","_monsterinsights_sitenote_category":0},"product_brand":[],"product_cat":[35],"product_tag":[],"class_list":{"0":"post-3818","1":"product","2":"type-product","3":"status-publish","4":"has-post-thumbnail","6":"product_cat-puhastusvahendid-autohooldustooted","7":"pa_brand-auto-graph-detailing","8":"pa_kasutusotstarve-auto-valispinna-pesu","9":"pa_omadusd-tugev-puhastusomadus","10":"pa_uhiku-hind-17-20e-l","12":"first","13":"onbackorder","14":"taxable","15":"shipping-taxable","16":"purchasable","17":"product-type-simple"},"_links":{"self":[{"href":"https:\/\/chemicalstore.ee\/ru\/wp-json\/wp\/v2\/product\/3818","targetHints":{"allow":["GET"]}}],"collection":[{"href":"https:\/\/chemicalstore.ee\/ru\/wp-json\/wp\/v2\/product"}],"about":[{"href":"https:\/\/chemicalstore.ee\/ru\/wp-json\/wp\/v2\/types\/product"}],"replies":[{"embeddable":true,"href":"https:\/\/chemicalstore.ee\/ru\/wp-json\/wp\/v2\/comments?post=3818"}],"wp:featuredmedia":[{"embeddable":true,"href":"https:\/\/chemicalstore.ee\/ru\/wp-json\/wp\/v2\/media\/3836"}],"wp:attachment":[{"href":"https:\/\/chemicalstore.ee\/ru\/wp-json\/wp\/v2\/media?parent=3818"}],"wp:term":[{"taxonomy":"product_brand","embeddable":true,"href":"https:\/\/chemicalstore.ee\/ru\/wp-json\/wp\/v2\/product_brand?post=3818"},{"taxonomy":"product_cat","embeddable":true,"href":"https:\/\/chemicalstore.ee\/ru\/wp-json\/wp\/v2\/product_cat?post=3818"},{"taxonomy":"product_tag","embeddable":true,"href":"https:\/\/chemicalstore.ee\/ru\/wp-json\/wp\/v2\/product_tag?post=3818"}],"curies":[{"name":"wp","href":"https:\/\/api.w.org\/{rel}","templated":true}]}}