{"id":3809,"date":"2024-10-02T13:12:01","date_gmt":"2024-10-02T13:12:01","guid":{"rendered":"https:\/\/chemicalstore.ee\/toode\/akutoitel-pihustipudel-es-5-5000ml\/"},"modified":"2024-10-02T13:12:01","modified_gmt":"2024-10-02T13:12:01","slug":"akutoitel-pihustipudel-es-5-5000ml","status":"publish","type":"product","link":"https:\/\/chemicalstore.ee\/ru\/toode\/akutoitel-pihustipudel-es-5-5000ml\/","title":{"rendered":"Akutoitel pihustipudel ES-5 &#8211; 5000ml"},"content":{"rendered":"<p>Tokya ES-5 on \u00fclimugav akutoitega pesuaine dosaator, mis on varustatud kuni 5-liitrise paagiga, mis teeb ka suured ja vaevarikkad pesemistoimingud lihtsaks ja vaevatuks! Selle pesuainelaoturi abil saab s\u00f5iduki pinnale kanda isegi geelitaolisi pesuaineid ilma vaevarikka pumpamiseta ning t\u00e4nu vastupidavatele tihenditele sobib ES-5 ka lahustite, v\u00e4ikeste eemaldajate,pealekandmiseks. rasvaeemaldusvahendid ja traditsioonilised rasvaeemaldusvahendid. Lisaks \u00fclalnimetatud ainetele saab seda loomulikult kasutada ka nn tavaliste pesuainete (aluste) pealekandmisel nii,et olenemata sellest, millist pesemisetappi teete, t\u00f6\u00f6tab ES-5 vaid \u00fche nupuvajutusega.Aidates sind alati.<br \/>\nES-5 on varustatud 5-liitrise paagiga, mis v\u00f5imaldab korraga k\u00e4sitseda n\u00e4iteks \u00fchte suuremat v\u00f5i mitut v\u00e4iksemat autot. T\u00e4nu suurele paagile on ES-5 suurep\u00e4rane abivahend ka professionaalide vajadusteks, kuna pole vaja pidevalt t\u00f6id katkestada pesuaine paaki lisamiseks. Laoturi kasutusmugavust suurendavad lihtsalt kasutatav ja ergonoomiline p\u00fcstoli k\u00e4epide, kaks erinevat otsikupead (ventilaator ja \u00fcmmargune), astmeteta r\u00f5huregulaator, pika t\u00f6\u00f6aja garanteeriv aku ning \u00f5larihm ja kandmine k\u00e4epide, mis h\u00f5lbustab kaasaskandmist.<\/p>\n","protected":false},"excerpt":{"rendered":"<p>TokyaAkutoitel pesuaine dosaator, mis muudab s\u00f5iduki ja miks mitte ka kodu pesemise lihtsamaks! Selle pesuainedosaatoriga kannate peale nii &#8220;tavalisi&#8221; pesuaineid kui ka rasvaeemaldajaid ja v\u00e4ikseid eemaldajaid ilma pihustit tugevalt pumpamata! Suur 5l paak, kaks otsikut, lihtsalt kasutatav p\u00fcstoli k\u00e4epide ja ergonoomikat suurendavad detailid loovad t\u00e4iusliku terviku.<\/p>\n","protected":false},"featured_media":3810,"comment_status":"closed","ping_status":"open","template":"","meta":{"_monsterinsights_skip_tracking":false,"_monsterinsights_sitenote_active":false,"_monsterinsights_sitenote_note":"","_monsterinsights_sitenote_category":0},"product_brand":[],"product_cat":[46],"product_tag":[],"class_list":{"0":"post-3809","1":"product","2":"type-product","3":"status-publish","4":"has-post-thumbnail","6":"product_cat-autohooldus-muu","7":"pa_brand-tokya","8":"pa_kasutusotstarve-lihtne-pesuaine-pealekandmine","9":"pa_omadusd-ph-tolerants-5-kuni-12","10":"pa_uhiku-hind-19-98e-l","12":"first","13":"onbackorder","14":"taxable","15":"shipping-taxable","16":"purchasable","17":"product-type-simple"},"_links":{"self":[{"href":"https:\/\/chemicalstore.ee\/ru\/wp-json\/wp\/v2\/product\/3809","targetHints":{"allow":["GET"]}}],"collection":[{"href":"https:\/\/chemicalstore.ee\/ru\/wp-json\/wp\/v2\/product"}],"about":[{"href":"https:\/\/chemicalstore.ee\/ru\/wp-json\/wp\/v2\/types\/product"}],"replies":[{"embeddable":true,"href":"https:\/\/chemicalstore.ee\/ru\/wp-json\/wp\/v2\/comments?post=3809"}],"wp:featuredmedia":[{"embeddable":true,"href":"https:\/\/chemicalstore.ee\/ru\/wp-json\/wp\/v2\/media\/3810"}],"wp:attachment":[{"href":"https:\/\/chemicalstore.ee\/ru\/wp-json\/wp\/v2\/media?parent=3809"}],"wp:term":[{"taxonomy":"product_brand","embeddable":true,"href":"https:\/\/chemicalstore.ee\/ru\/wp-json\/wp\/v2\/product_brand?post=3809"},{"taxonomy":"product_cat","embeddable":true,"href":"https:\/\/chemicalstore.ee\/ru\/wp-json\/wp\/v2\/product_cat?post=3809"},{"taxonomy":"product_tag","embeddable":true,"href":"https:\/\/chemicalstore.ee\/ru\/wp-json\/wp\/v2\/product_tag?post=3809"}],"curies":[{"name":"wp","href":"https:\/\/api.w.org\/{rel}","templated":true}]}}