{"id":3807,"date":"2024-10-02T13:11:44","date_gmt":"2024-10-02T13:11:44","guid":{"rendered":"https:\/\/chemicalstore.ee\/toode\/salongi-puhastusvahend-apc-odor-killer-enigma-500ml\/"},"modified":"2024-10-02T13:11:58","modified_gmt":"2024-10-02T13:11:58","slug":"salongi-puhastusvahend-apc-odor-killer-enigma-500ml","status":"publish","type":"product","link":"https:\/\/chemicalstore.ee\/ru\/toode\/salongi-puhastusvahend-apc-odor-killer-enigma-500ml\/","title":{"rendered":"Salongi puhastusvahend APC + Odor Killer Enigma &#8211; 500ml"},"content":{"rendered":"<p>King Carthur APC + Odor Killer Enigma on kombineeritud salongipuhastaja ja l\u00f5hnas\u00f6\u00f6ja, mis puhastab t\u00f5husalt sisepindu ja samal ajal eemaldab t\u00f6\u00f6deldud materjalidelt halva l\u00f5hna. Lihtsalt kasutatav pihustatav pesuaine sobib praktiliselt k\u00f5ikidele sisepindadele ning j\u00e4tab lisaks suurep\u00e4rasele puhastusv\u00f5imele maha h\u00f5rgu l\u00f5hna. L\u00f5hna on kirjeldatud nt. rohelise \u00f5una ja vanilli segu, teiste arvates l\u00f5hnab see pigem Cola ja v\u00e4rskete puuviljade segu j\u00e4rgi. L\u00f5hn, mis l\u00f5hnameelt hellitab, ei ole aga pelgalt h\u00e4gusus, sest APC + Odor Killer mitte ainult ei varja halbu l\u00f5hnu, vaid tungib l\u00e4bi pinna ja, nagu nimigi \u00fctleb, neutraliseerib l\u00f5hnaallika, tagades nii p\u00fcsiva l\u00f5hna.Lisaks t\u00f5husale puhastamisele aitab aine suurep\u00e4raselt eemaldada ka n\u00e4iteks tubakast, loomadest ning mahal\u00e4inud joogist ja toidust p\u00f5hjustatud l\u00f5hnu. Ainet saab kasutada nt. kangapindadele, nahale, plastikule ja vin\u00fc\u00fclile ning eemaldab t\u00f5husalt ka \u00f5li- ja rasvap\u00f5hised mustuseplekid.<\/p>\n","protected":false},"excerpt":{"rendered":"<p>King CarthurV\u00e4ga mitmek\u00fclgne ja t\u00f5hus praktiliselt k\u00f5ikidele s\u00f5iduki salongi pindadele sobiv \u00fcldpuhastusvahend, mis lisaks suurep\u00e4rasele puhastusv\u00f5imele tungib l\u00e4bi pinna ja h\u00e4vitab halva l\u00f5hna allikad. Maitsev l\u00f5hn!<\/p>\n","protected":false},"featured_media":3808,"comment_status":"closed","ping_status":"open","template":"","meta":{"_monsterinsights_skip_tracking":false,"_monsterinsights_sitenote_active":false,"_monsterinsights_sitenote_note":"","_monsterinsights_sitenote_category":0},"product_brand":[],"product_cat":[130],"product_tag":[],"class_list":{"0":"post-3807","1":"product","2":"type-product","3":"status-publish","4":"has-post-thumbnail","6":"product_cat-interjoor","7":"pa_brand-king-carthur","8":"pa_kasutusotstarve-auto-salongi-puhastamine-ja-lohnade-eemaldamine","9":"pa_pakend-kaitsekorgiga-plastpudel-pihustipea-kaasas","10":"pa_uhiku-hind-33-80e-l","12":"first","13":"onbackorder","14":"taxable","15":"shipping-taxable","16":"purchasable","17":"product-type-simple"},"_links":{"self":[{"href":"https:\/\/chemicalstore.ee\/ru\/wp-json\/wp\/v2\/product\/3807","targetHints":{"allow":["GET"]}}],"collection":[{"href":"https:\/\/chemicalstore.ee\/ru\/wp-json\/wp\/v2\/product"}],"about":[{"href":"https:\/\/chemicalstore.ee\/ru\/wp-json\/wp\/v2\/types\/product"}],"replies":[{"embeddable":true,"href":"https:\/\/chemicalstore.ee\/ru\/wp-json\/wp\/v2\/comments?post=3807"}],"wp:featuredmedia":[{"embeddable":true,"href":"https:\/\/chemicalstore.ee\/ru\/wp-json\/wp\/v2\/media\/3808"}],"wp:attachment":[{"href":"https:\/\/chemicalstore.ee\/ru\/wp-json\/wp\/v2\/media?parent=3807"}],"wp:term":[{"taxonomy":"product_brand","embeddable":true,"href":"https:\/\/chemicalstore.ee\/ru\/wp-json\/wp\/v2\/product_brand?post=3807"},{"taxonomy":"product_cat","embeddable":true,"href":"https:\/\/chemicalstore.ee\/ru\/wp-json\/wp\/v2\/product_cat?post=3807"},{"taxonomy":"product_tag","embeddable":true,"href":"https:\/\/chemicalstore.ee\/ru\/wp-json\/wp\/v2\/product_tag?post=3807"}],"curies":[{"name":"wp","href":"https:\/\/api.w.org\/{rel}","templated":true}]}}