{"id":3128,"date":"2024-10-02T13:11:44","date_gmt":"2024-10-02T13:11:44","guid":{"rendered":"https:\/\/chemicalstore.ee\/toode\/rehvi-aplikaator-pintsel-king-carthur\/"},"modified":"2024-10-16T14:16:15","modified_gmt":"2024-10-16T14:16:15","slug":"rehvi-aplikaator-pintsel-king-carthur","status":"publish","type":"product","link":"https:\/\/chemicalstore.ee\/ru\/toode\/rehvi-aplikaator-pintsel-king-carthur\/","title":{"rendered":"Rehvi aplikaator pintsel &#8211; King Carthur"},"content":{"rendered":"<p>King Carthur Tire Applicator Brush on rehvipuhastusvahendite ja rehvikaitsekatete pealekandmiseks m\u00f5eldud pintsel, mille siidiselt pehmed s\u00fcnteetilised harjased jaotavad katte \u00fchtlaselt ka ebatasasel pinnal, garanteerides viimistletud tulemuse. Karvast \u00f5hemad harjased v\u00f5ivad tungida l\u00e4bi rehvi ebatasasuse pinna ja kanda katet ka soontesse,kuhu lameda laoturiga ligi ei p\u00e4\u00e4se. Rehvi aplikaator pintsel sobib lisaks kattekihile tavaliste rehvipuhastusvahendite pealekandmiseks, aga ka praktiliselt k\u00f5ikide ebatasaste pindade k\u00e4sitlemiseks, n\u00e4iteks nahkpinkide ja diivanite puhastamiseks. Pintsli k\u00e4epide on valmistatud plastikust, mis tagab kindla ja ergonoomilise haarde kogu pealekandmise ajal. Aplikaatoriga on kaasas plastikust hoidik, mis kaitseb pintsli osa ladustamise ajal.<\/p>\n","protected":false},"excerpt":{"rendered":"<p>King CarthurRehvi kaitsekatte pealekandmiseks m\u00f5eldud satiinne pehme pintsel, mille \u00f5hukesed s\u00fcnteetilised harjased tungivad l\u00e4bi rehvi soonte, levitades kaitsekatte k\u00f5ikjale. Sobib ka rehvil\u00e4igestuse pealekandmiseks.<\/p>\n","protected":false},"featured_media":3775,"comment_status":"closed","ping_status":"open","template":"","meta":{"_monsterinsights_skip_tracking":false,"_monsterinsights_sitenote_active":false,"_monsterinsights_sitenote_note":"","_monsterinsights_sitenote_category":0},"product_brand":[],"product_cat":[27],"product_tag":[],"class_list":{"0":"post-3128","1":"product","2":"type-product","3":"status-publish","4":"has-post-thumbnail","6":"product_cat-kaitseained","7":"pa_brand-king-carthur","8":"pa_labimoot-50-mm","9":"pa_sobilikkus-sobib-kaitsekatete-ja-rehvilaigesti-pealekandmiseks","10":"pa_uhiku-hind-9-90e-tk","12":"first","13":"onbackorder","14":"taxable","15":"shipping-taxable","16":"purchasable","17":"product-type-simple"},"_links":{"self":[{"href":"https:\/\/chemicalstore.ee\/ru\/wp-json\/wp\/v2\/product\/3128","targetHints":{"allow":["GET"]}}],"collection":[{"href":"https:\/\/chemicalstore.ee\/ru\/wp-json\/wp\/v2\/product"}],"about":[{"href":"https:\/\/chemicalstore.ee\/ru\/wp-json\/wp\/v2\/types\/product"}],"replies":[{"embeddable":true,"href":"https:\/\/chemicalstore.ee\/ru\/wp-json\/wp\/v2\/comments?post=3128"}],"wp:featuredmedia":[{"embeddable":true,"href":"https:\/\/chemicalstore.ee\/ru\/wp-json\/wp\/v2\/media\/3775"}],"wp:attachment":[{"href":"https:\/\/chemicalstore.ee\/ru\/wp-json\/wp\/v2\/media?parent=3128"}],"wp:term":[{"taxonomy":"product_brand","embeddable":true,"href":"https:\/\/chemicalstore.ee\/ru\/wp-json\/wp\/v2\/product_brand?post=3128"},{"taxonomy":"product_cat","embeddable":true,"href":"https:\/\/chemicalstore.ee\/ru\/wp-json\/wp\/v2\/product_cat?post=3128"},{"taxonomy":"product_tag","embeddable":true,"href":"https:\/\/chemicalstore.ee\/ru\/wp-json\/wp\/v2\/product_tag?post=3128"}],"curies":[{"name":"wp","href":"https:\/\/api.w.org\/{rel}","templated":true}]}}