{"id":3127,"date":"2024-10-02T13:11:44","date_gmt":"2024-10-02T13:11:44","guid":{"rendered":"https:\/\/chemicalstore.ee\/toode\/autotulede-keraamilinekaitse-30ml\/"},"modified":"2024-10-02T13:11:56","modified_gmt":"2024-10-02T13:11:56","slug":"autotulede-keraamilinekaitseace-headlight-30ml","status":"publish","type":"product","link":"https:\/\/chemicalstore.ee\/ru\/toode\/autotulede-keraamilinekaitseace-headlight-30ml\/","title":{"rendered":"Autotulede keraamilinekaitse,ACE Headlight &#8211; 30ml"},"content":{"rendered":"<p>King Carthur ACE Headlight on spetsiaalselt plastikust esitulede katetele m\u00f5eldud lihtsalt kasutatav keraamiline kate, mis loob t\u00f6\u00f6deldud pinnale \u00f5hukese, vastupidava ja h\u00fcdrofoobse kaitsekile. keraamilinekaitse kaitseb t\u00f5husalt autotulesid keskkonnast p\u00f5hjustatud pingete eest, nagu teesool, liivatolm, tugevatoimelised pesuvahendid ja p\u00e4ikese kahjulikud UV-kiired. Ultraviolettkiirgus tuhmub ja muudab tuled aja jooksul kollaseks ning halvimal juhul v\u00f5ib see tekitada neisse ka pragusid, mist\u00f5ttu esitulede valgusmuster n\u00f5rgeneb ja niiskus p\u00e4\u00e4seb tuledesse.keraamilinekaitse moodustab tuledele k\u00f5va ja kaitsva molekulaarse kihi, mis ei lase UV-kiirgusesl ja muudel v\u00e4listel pingetel tulesid kahjustada. Samuti on kaitstud tuledel puhastamine lihtsam, kuna need saavad vett ja mustust t\u00f5husalt t\u00f5rjuva kaitsekile, mis hoiab tuled kaua nagu uued.keraamilist kaitset on v\u00e4ga lihtne kasutada nii,et saate tulesid k\u00e4sitleda isegi oma garaa\u017eis. Aine toimib k\u00f5ikidel akr\u00fc\u00fcl- ja pol\u00fckarbonaatpindadel, seega saab seda kasutada ka n\u00e4iteks paadi akr\u00fc\u00fclklaasidel, mootorrattakiivri visiiridel ja lisatuledel jne. P\u00fcsib kuni 3 aastat!<\/p>\n","protected":false},"excerpt":{"rendered":"<p>King CarthurAutotuledele m\u00f5eldud v\u00e4ga vastupidav ja k\u00f5va keraamiline kaitse, mis pakub kaitset v\u00e4liste pingete, nagu liivatolm, tugevatoimelised pesuained, teesool ja p\u00e4ikese kahjulike UV-kiirte eest. P\u00fcsib kuni 36 kuud!<\/p>\n","protected":false},"featured_media":3771,"comment_status":"closed","ping_status":"open","template":"","meta":{"_monsterinsights_skip_tracking":false,"_monsterinsights_sitenote_active":false,"_monsterinsights_sitenote_note":"","_monsterinsights_sitenote_category":0},"product_brand":[],"product_cat":[27],"product_tag":[],"class_list":{"0":"post-3127","1":"product","2":"type-product","3":"status-publish","4":"has-post-thumbnail","6":"product_cat-kaitseained","7":"pa_brand-king-carthur","8":"pa_kasutusotstarve-esitulede-pikaajaline-kaitse","9":"pa_kestvus-kuni-36-kuud","10":"pa_uhiku-hind-1663-33e-l","12":"first","13":"onbackorder","14":"taxable","15":"shipping-taxable","16":"purchasable","17":"product-type-simple"},"_links":{"self":[{"href":"https:\/\/chemicalstore.ee\/ru\/wp-json\/wp\/v2\/product\/3127","targetHints":{"allow":["GET"]}}],"collection":[{"href":"https:\/\/chemicalstore.ee\/ru\/wp-json\/wp\/v2\/product"}],"about":[{"href":"https:\/\/chemicalstore.ee\/ru\/wp-json\/wp\/v2\/types\/product"}],"replies":[{"embeddable":true,"href":"https:\/\/chemicalstore.ee\/ru\/wp-json\/wp\/v2\/comments?post=3127"}],"wp:featuredmedia":[{"embeddable":true,"href":"https:\/\/chemicalstore.ee\/ru\/wp-json\/wp\/v2\/media\/3771"}],"wp:attachment":[{"href":"https:\/\/chemicalstore.ee\/ru\/wp-json\/wp\/v2\/media?parent=3127"}],"wp:term":[{"taxonomy":"product_brand","embeddable":true,"href":"https:\/\/chemicalstore.ee\/ru\/wp-json\/wp\/v2\/product_brand?post=3127"},{"taxonomy":"product_cat","embeddable":true,"href":"https:\/\/chemicalstore.ee\/ru\/wp-json\/wp\/v2\/product_cat?post=3127"},{"taxonomy":"product_tag","embeddable":true,"href":"https:\/\/chemicalstore.ee\/ru\/wp-json\/wp\/v2\/product_tag?post=3127"}],"curies":[{"name":"wp","href":"https:\/\/api.w.org\/{rel}","templated":true}]}}