{"id":3126,"date":"2024-10-02T13:11:44","date_gmt":"2024-10-02T13:11:44","guid":{"rendered":"https:\/\/chemicalstore.ee\/toode\/plastpindade-keraamilinekaitse-30ml\/"},"modified":"2024-10-02T13:11:55","modified_gmt":"2024-10-02T13:11:55","slug":"plastpindade-keraamilinekaitseace-plasticgen2-30ml","status":"publish","type":"product","link":"https:\/\/chemicalstore.ee\/ru\/toode\/plastpindade-keraamilinekaitseace-plasticgen2-30ml\/","title":{"rendered":"Plastpindade keraamilinekaitse,ACE Plastic,Gen2 &#8211; 30ml"},"content":{"rendered":"<p>King Carthur ACE Plastic Gen2 on lihtsalt kasutatav ja v\u00e4ga vastupidav plastkate, mis taastab pleekinud plastpindadele kiiresti nende esialgse hiilguse. Aine seondub t\u00f6\u00f6deldud pinnaga nagu lakk, luues pinnale \u00f5hukese h\u00fcdrofoobse &#8220;kile&#8221;, t\u00e4nu millele saavad p\u00e4ikese UV-kiirte v\u00f5i aja poolt pleekinud plastosad taas oma esialgse s\u00fcgava v\u00e4rvi ja s\u00e4rava ilme. Erinevalt traditsioonilistest plastihooldusvahenditest ei saa katet maha pesta, kuid see talub praktiliselt k\u00f5iki pesuaineid. Nii ei l\u00e4he pind m\u00f5ne pesu j\u00e4rel pleekinud olekusse tagasi, nagu kipuvad tegema paljud &#8220;traditsioonilised&#8221; plastihooldusvahendid. ACE Plastic Gen2 sobib k\u00f5ikidele v\u00e4rvimata plastpindadele, nagu s\u00f5idukiliistud, l\u00e4ved ja lipid. See kate mitte ainult ei taasta plasti esialgset v\u00e4rvi, vaid annab sellele ka t\u00f5husa kaitse nii UV-kiirguse kui mustuse eest kuni aastaks, seega sobib see mitte ainult kulunud osade taaselustamiseks, vaid ka uute osade kaitsmiseks edaspidise pleekimise ja pleekimise eest,Olles \u00e4\u00e4rmiselt h\u00fcdrofoobne, t\u00f5rjub kate mustust, vett ja muid mustusi, aidates hoida pinda puhtana. ACE Plastic Gen2 on lihtne, kiire ja vaevatu kasutada, kuna piisab pinna korralikust puhastamisest, katte pealekandmisest ja l\u00f5pptulemuse nautimisest, mis on justkui otse tehasest tulnud!<\/p>\n","protected":false},"excerpt":{"rendered":"<p>King CarthurT\u00f5hus ja lihtsalt kasutatav plastiku keraamiline kaitse, mis elustab pleekinud plastosad nende algsesse hiilgusesse ning pakub kaitset UV-kiirguse ja mustuse eest kuni aastaks! Sobib v\u00e4rvimata plastidele, nagu liistud, l\u00e4ved ja lippid.<\/p>\n","protected":false},"featured_media":3767,"comment_status":"closed","ping_status":"open","template":"","meta":{"_monsterinsights_skip_tracking":false,"_monsterinsights_sitenote_active":false,"_monsterinsights_sitenote_note":"","_monsterinsights_sitenote_category":0},"product_brand":[],"product_cat":[27],"product_tag":[],"class_list":{"0":"post-3126","1":"product","2":"type-product","3":"status-publish","4":"has-post-thumbnail","6":"product_cat-kaitseained","7":"pa_brand-king-carthur","8":"pa_kasutusotstarve-auto-plastpindade-kaitse","9":"pa_kestvus-kuni-12-kuud","10":"pa_uhiku-hind-1496-67e-l","12":"first","13":"onbackorder","14":"taxable","15":"shipping-taxable","16":"purchasable","17":"product-type-simple"},"_links":{"self":[{"href":"https:\/\/chemicalstore.ee\/ru\/wp-json\/wp\/v2\/product\/3126","targetHints":{"allow":["GET"]}}],"collection":[{"href":"https:\/\/chemicalstore.ee\/ru\/wp-json\/wp\/v2\/product"}],"about":[{"href":"https:\/\/chemicalstore.ee\/ru\/wp-json\/wp\/v2\/types\/product"}],"replies":[{"embeddable":true,"href":"https:\/\/chemicalstore.ee\/ru\/wp-json\/wp\/v2\/comments?post=3126"}],"wp:featuredmedia":[{"embeddable":true,"href":"https:\/\/chemicalstore.ee\/ru\/wp-json\/wp\/v2\/media\/3767"}],"wp:attachment":[{"href":"https:\/\/chemicalstore.ee\/ru\/wp-json\/wp\/v2\/media?parent=3126"}],"wp:term":[{"taxonomy":"product_brand","embeddable":true,"href":"https:\/\/chemicalstore.ee\/ru\/wp-json\/wp\/v2\/product_brand?post=3126"},{"taxonomy":"product_cat","embeddable":true,"href":"https:\/\/chemicalstore.ee\/ru\/wp-json\/wp\/v2\/product_cat?post=3126"},{"taxonomy":"product_tag","embeddable":true,"href":"https:\/\/chemicalstore.ee\/ru\/wp-json\/wp\/v2\/product_tag?post=3126"}],"curies":[{"name":"wp","href":"https:\/\/api.w.org\/{rel}","templated":true}]}}