{"id":3125,"date":"2024-10-02T13:11:44","date_gmt":"2024-10-02T13:11:44","guid":{"rendered":"https:\/\/chemicalstore.ee\/toode\/aplikaator-king-carthur\/"},"modified":"2024-10-02T13:11:54","modified_gmt":"2024-10-02T13:11:54","slug":"aplikaator-king-carthur","status":"publish","type":"product","link":"https:\/\/chemicalstore.ee\/ru\/toode\/aplikaator-king-carthur\/","title":{"rendered":"Aplikaator &#8211; King Carthur"},"content":{"rendered":"<p>King Carthur Premium Applicator on kvaliteetne mikrokiust kattelaotur, mis tagab kvaliteetse ja \u00fchtlase pealekandmistulemuse nii sirgetel, vormitud kui ka detailset t\u00f6\u00f6tlemist vajavatel pindadel. Laoturi \u00fchel k\u00fcljel on l\u00fchikese kuiuga &#8220;seemisnahast&#8221; pind ja teisel poolel on pikema kuiga mikrokiud, nii et seda saab kasutada mitmel erineval viisil, alates erilist t\u00e4psust n\u00f5udvatest katmist\u00f6\u00f6dest kuni n\u00e4iteks pealekandmiseni. vedelad vahad v\u00f5i praimerid.Pehme tekstuur, \u00fcmarad servad ja seest \u00f5mmeldud \u00f5mblused tagavad \u00f5rna puudutuse kahjustusi kartmata ning t\u00e4nu tavap\u00e4rasest veidi paksemale disainile on seda ka lihtne ja mugav k\u00e4es hoida. Premium aplikaator sobib nii professionaalidele kui ka harrastajatele. Saadaval 2 v\u00f5i 10 tk pakendis.<\/p>\n","protected":false},"excerpt":{"rendered":"<p>King CarthurV\u00e4ga kvaliteetne ja mugav mikrokiudkatte aplikaator, millega kaitsekiht kantakse peale lihtsalt ning l\u00f5pptulemus on t\u00e4pne ja \u00fchtlane. Kahepoolne struktuur v\u00f5imaldab ka nt. vedelate vahade ja praimerite pealekandmiseks. Saadaval 2 ja 10 tk pakendis.<\/p>\n","protected":false},"featured_media":3764,"comment_status":"closed","ping_status":"open","template":"","meta":{"_monsterinsights_skip_tracking":false,"_monsterinsights_sitenote_active":false,"_monsterinsights_sitenote_note":"","_monsterinsights_sitenote_category":0},"product_brand":[],"product_cat":[27],"product_tag":[],"class_list":{"0":"post-3125","1":"product","2":"type-product","3":"status-publish","4":"has-post-thumbnail","6":"product_cat-kaitseained","7":"pa_brand-king-carthur","8":"pa_info-sobib-ka-vedelate-vahade-ja-kruntvainete-pealekandmiseks","9":"pa_kasutusotstarve-kaitsekatte-pealekandmine","10":"pa_uhiku-hind-4-95e-tk","12":"first","13":"onbackorder","14":"taxable","15":"shipping-taxable","16":"purchasable","17":"product-type-simple"},"_links":{"self":[{"href":"https:\/\/chemicalstore.ee\/ru\/wp-json\/wp\/v2\/product\/3125","targetHints":{"allow":["GET"]}}],"collection":[{"href":"https:\/\/chemicalstore.ee\/ru\/wp-json\/wp\/v2\/product"}],"about":[{"href":"https:\/\/chemicalstore.ee\/ru\/wp-json\/wp\/v2\/types\/product"}],"replies":[{"embeddable":true,"href":"https:\/\/chemicalstore.ee\/ru\/wp-json\/wp\/v2\/comments?post=3125"}],"wp:featuredmedia":[{"embeddable":true,"href":"https:\/\/chemicalstore.ee\/ru\/wp-json\/wp\/v2\/media\/3764"}],"wp:attachment":[{"href":"https:\/\/chemicalstore.ee\/ru\/wp-json\/wp\/v2\/media?parent=3125"}],"wp:term":[{"taxonomy":"product_brand","embeddable":true,"href":"https:\/\/chemicalstore.ee\/ru\/wp-json\/wp\/v2\/product_brand?post=3125"},{"taxonomy":"product_cat","embeddable":true,"href":"https:\/\/chemicalstore.ee\/ru\/wp-json\/wp\/v2\/product_cat?post=3125"},{"taxonomy":"product_tag","embeddable":true,"href":"https:\/\/chemicalstore.ee\/ru\/wp-json\/wp\/v2\/product_tag?post=3125"}],"curies":[{"name":"wp","href":"https:\/\/api.w.org\/{rel}","templated":true}]}}