{"id":3124,"date":"2024-10-02T13:11:44","date_gmt":"2024-10-02T13:11:44","guid":{"rendered":"https:\/\/chemicalstore.ee\/toode\/kuivatuslapp-king-carthur\/"},"modified":"2025-09-24T09:55:52","modified_gmt":"2025-09-24T09:55:52","slug":"kuivatuslapp-green-jade-king-carthur","status":"publish","type":"product","link":"https:\/\/chemicalstore.ee\/ru\/toode\/kuivatuslapp-green-jade-king-carthur\/","title":{"rendered":"Kuivatuslapp Green Jade &#8211; King Carthur"},"content":{"rendered":"<p>King Carthur Green Jade on v\u00f5rratu imavusega \u00f5rn ja libe kuivatuslapp. Uuenduslik &#8220;Twist-Loop&#8221; kudum ja hingav mikrokiust struktuur muudavad selle t\u00f5eliselt imavaks ja tagavad siidiselt pehme puudutuse ka k\u00f5ige tundlikumatel pindadel. Lapp on struktuurilt kerge ning ka k\u00f5rge pol\u00fcamiidisisaldus muudab selle v\u00e4ga libedaks, s.t erinevalt paljudest teistest kuivatuslappidest ei j\u00e4\u00e4 Green Jade s\u00f5iduki k\u00fclje k\u00fclge kinni, kui imab vett nagu aknast v\u00e4lja s\u00fclitatud n\u00e4ts s\u00f5idu ajal , kuid see libiseb kergelt ja vaevata kuivamise algusest l\u00f5puni. Segadusse ei tasu lasta aga lapi \u00f5huke struktuur, sest vaatamata kergele ja v\u00e4ledale iseloomule on selle kuivatusv\u00f5ime h\u00e4mmastav: Green Jade\u2019i GSM ehk paksust kirjeldav pinnamass on kuni 600, mis viitab. suur neeldumisv\u00f5ime. Kombineerides \u00f5igeid elemente, on see lapp \u00fchtaegu kerge, libe ja pehme ning kiiret ja triipudeta kuivamistulemust pakkuv kuivatuslapp, millel on piisavalt imavust, et kuivatada ka suuremat autot. Kanga suurus 60 x 90 cm.<\/p>\n","protected":false},"excerpt":{"rendered":"<p>King CarthurSuure imavusega ja kergelt libisev kuivatuslapp, mille ainulaadne &#8220;Twist-Loop&#8221; kudumine ja hingav mikrokiudstruktuur garanteerivad \u00f5rna puudutuse ning tilkade ja triipudeta kuivatustulemuse! Kanga suurus 60 x 90 cm.<\/p>\n","protected":false},"featured_media":3757,"comment_status":"closed","ping_status":"open","template":"","meta":{"_monsterinsights_skip_tracking":false,"_monsterinsights_sitenote_active":false,"_monsterinsights_sitenote_note":"","_monsterinsights_sitenote_category":0},"product_brand":[],"product_cat":[35],"product_tag":[],"class_list":{"0":"post-3124","1":"product","2":"type-product","3":"status-publish","4":"has-post-thumbnail","6":"product_cat-puhastusvahendid-autohooldustooted","7":"pa_brand-king-carthur","8":"pa_kasutusotstarve-autokuivatus-peale-pesemist","9":"pa_materjal-80-poluester-20-poluamiid","10":"pa_uhiku-hind-24-90e-tk","12":"first","13":"onbackorder","14":"taxable","15":"shipping-taxable","16":"purchasable","17":"product-type-simple"},"_links":{"self":[{"href":"https:\/\/chemicalstore.ee\/ru\/wp-json\/wp\/v2\/product\/3124","targetHints":{"allow":["GET"]}}],"collection":[{"href":"https:\/\/chemicalstore.ee\/ru\/wp-json\/wp\/v2\/product"}],"about":[{"href":"https:\/\/chemicalstore.ee\/ru\/wp-json\/wp\/v2\/types\/product"}],"replies":[{"embeddable":true,"href":"https:\/\/chemicalstore.ee\/ru\/wp-json\/wp\/v2\/comments?post=3124"}],"wp:featuredmedia":[{"embeddable":true,"href":"https:\/\/chemicalstore.ee\/ru\/wp-json\/wp\/v2\/media\/3757"}],"wp:attachment":[{"href":"https:\/\/chemicalstore.ee\/ru\/wp-json\/wp\/v2\/media?parent=3124"}],"wp:term":[{"taxonomy":"product_brand","embeddable":true,"href":"https:\/\/chemicalstore.ee\/ru\/wp-json\/wp\/v2\/product_brand?post=3124"},{"taxonomy":"product_cat","embeddable":true,"href":"https:\/\/chemicalstore.ee\/ru\/wp-json\/wp\/v2\/product_cat?post=3124"},{"taxonomy":"product_tag","embeddable":true,"href":"https:\/\/chemicalstore.ee\/ru\/wp-json\/wp\/v2\/product_tag?post=3124"}],"curies":[{"name":"wp","href":"https:\/\/api.w.org\/{rel}","templated":true}]}}