{"id":3123,"date":"2024-10-02T13:11:44","date_gmt":"2024-10-02T13:11:44","guid":{"rendered":"https:\/\/chemicalstore.ee\/toode\/autosalongi-puhastusvahend-500ml\/"},"modified":"2024-10-02T13:11:53","modified_gmt":"2024-10-02T13:11:53","slug":"autosalongi-puhastusvahendapc-odor-killer-new-car-500ml","status":"publish","type":"product","link":"https:\/\/chemicalstore.ee\/ru\/toode\/autosalongi-puhastusvahendapc-odor-killer-new-car-500ml\/","title":{"rendered":"Autosalongi puhastusvahend,APC + Odor Killer New Car &#8211; 500ml"},"content":{"rendered":"<p>King Carthur APC + Odor Killer New Car on kombineeritud salongipuhastaja ja l\u00f5hnas\u00f6\u00f6ja, mis puhastab t\u00f5husalt sisepindu ja samal ajal eemaldab t\u00f6\u00f6deldud materjalidelt halva l\u00f5hna. Lihtsalt kasutatav pihustatav pesuaine sobib praktiliselt k\u00f5ikidele sisepindadele ning j\u00e4tab lisaks suurep\u00e4rasele puhastusv\u00f5imele endast maha v\u00e4rske uue autol\u00f5hna. L\u00f5hn, mis l\u00f5hnameelt hellitab, ei ole aga pelgalt h\u00e4gusus, sest APC + Odor Killer mitte ainult ei varja halbu l\u00f5hnu, vaid tungib l\u00e4bi pinna ja, nagu nimigi \u00fctleb, neutraliseerib l\u00f5hnaallika, tagades nii p\u00fcsiva l\u00f5hna.Lisaks t\u00f5husale puhastamisele aitab aine suurep\u00e4raselt eemaldada ka n\u00e4iteks tubakast, loomadest ning mahal\u00e4inud joogist ja toidust p\u00f5hjustatud l\u00f5hnu. Ainet saab kasutada nt. kangapindadele, nahale, plastikule ja vin\u00fc\u00fclile ning eemaldab t\u00f5husalt ka \u00f5li- ja rasvap\u00f5hised mustuseplekid.<\/p>\n","protected":false},"excerpt":{"rendered":"<p>King CarthurV\u00e4ga mitmek\u00fclgne ja t\u00f5hus praktiliselt k\u00f5ikidele s\u00f5iduki salongi pindadele sobiv \u00fcldpuhastusvahend, mis lisaks suurep\u00e4rasele puhastusv\u00f5imele tungib l\u00e4bi pinna ja h\u00e4vitab halva l\u00f5hna allikad. V\u00e4rske uue auto l\u00f5hn!!<\/p>\n","protected":false},"featured_media":3749,"comment_status":"closed","ping_status":"open","template":"","meta":{"_monsterinsights_skip_tracking":false,"_monsterinsights_sitenote_active":false,"_monsterinsights_sitenote_note":"","_monsterinsights_sitenote_category":0},"product_brand":[],"product_cat":[130],"product_tag":[],"class_list":{"0":"post-3123","1":"product","2":"type-product","3":"status-publish","4":"has-post-thumbnail","6":"product_cat-interjoor","7":"pa_brand-king-carthur","8":"pa_kasutusotstarbe-auto-salongi-puhastamine-ja-lohnade-eemaldamine","9":"pa_pakend-kaitsekorgiga-plastpudel-kaasas-pihusti","10":"pa_uhiku-hind-33-80e-l","12":"first","13":"onbackorder","14":"taxable","15":"shipping-taxable","16":"purchasable","17":"product-type-simple"},"_links":{"self":[{"href":"https:\/\/chemicalstore.ee\/ru\/wp-json\/wp\/v2\/product\/3123","targetHints":{"allow":["GET"]}}],"collection":[{"href":"https:\/\/chemicalstore.ee\/ru\/wp-json\/wp\/v2\/product"}],"about":[{"href":"https:\/\/chemicalstore.ee\/ru\/wp-json\/wp\/v2\/types\/product"}],"replies":[{"embeddable":true,"href":"https:\/\/chemicalstore.ee\/ru\/wp-json\/wp\/v2\/comments?post=3123"}],"wp:featuredmedia":[{"embeddable":true,"href":"https:\/\/chemicalstore.ee\/ru\/wp-json\/wp\/v2\/media\/3749"}],"wp:attachment":[{"href":"https:\/\/chemicalstore.ee\/ru\/wp-json\/wp\/v2\/media?parent=3123"}],"wp:term":[{"taxonomy":"product_brand","embeddable":true,"href":"https:\/\/chemicalstore.ee\/ru\/wp-json\/wp\/v2\/product_brand?post=3123"},{"taxonomy":"product_cat","embeddable":true,"href":"https:\/\/chemicalstore.ee\/ru\/wp-json\/wp\/v2\/product_cat?post=3123"},{"taxonomy":"product_tag","embeddable":true,"href":"https:\/\/chemicalstore.ee\/ru\/wp-json\/wp\/v2\/product_tag?post=3123"}],"curies":[{"name":"wp","href":"https:\/\/api.w.org\/{rel}","templated":true}]}}