{"id":3121,"date":"2024-10-02T13:11:44","date_gmt":"2024-10-02T13:11:44","guid":{"rendered":"https:\/\/chemicalstore.ee\/toode\/pesemissvammpremium-wash-towel-king-carthur\/"},"modified":"2024-10-02T13:11:51","modified_gmt":"2024-10-02T13:11:51","slug":"pesemissvammpremium-wash-towel-king-carthur","status":"publish","type":"product","link":"https:\/\/chemicalstore.ee\/ru\/toode\/pesemissvammpremium-wash-towel-king-carthur\/","title":{"rendered":"Pesemissvamm,Premium Wash Towel &#8211; King Carthur"},"content":{"rendered":"<p>King Carthur Premium Wash Towel on suur ja h\u00e4sti imav pesulapp, mis on loodud selleks, et teha suurte pindade, st suurte s\u00f5idukite pesemine v\u00f5imalikult lihtsaks ja kiireks. See 30 x 30 cm suurune hiiglaslik padi suudab imada kujuteldamatult palju pesuvett ja selle \u00f5rnad mikrokiust narmad annavad k\u00f5ikidele s\u00f5idukipindadele siidiselt pehme puudutuse. Pesulapp on t\u00e4nu s\u00fcnteetilisele struktuurile vastupidav ka lahustip\u00f5histele pesuvahenditele, mist\u00f5ttu sobib nii regulaarseks hoolduspesuks kui ka p\u00f5hjalikuks pesuks, mis n\u00f5uab karmimat kemikaali. T\u00e4nu oma \u00f5mblusteta konstruktsioonile ei kahjusta pesupadi isegi k\u00f5ige tundlikumaid pindu, isegi kui peate neile n\u00e4iteks tugevama mustuse eemaldamiseks rohkem survet avaldama. Suurep\u00e4rane valik suurte, aga ka v\u00e4iksemate s\u00f5idukite t\u00f5husaks pesemiseks!<\/p>\n","protected":false},"excerpt":{"rendered":"<p>King CarthurErakordselt suur (30 x 30 cm) pesupadi, mille imamisv\u00f5ime ja pesuv\u00f5imsus h\u00e4mmastab ka k\u00f5ige kogenumat autopesijat. \u00d5rn ja pehme mikrokiust struktuur peab vastu ka lahustit sisaldavat pesukeemiat ning garanteerib siidiselt pehme puudutuse autov\u00e4rvi pinnaga!<\/p>\n","protected":false},"featured_media":3735,"comment_status":"closed","ping_status":"open","template":"","meta":{"_monsterinsights_skip_tracking":false,"_monsterinsights_sitenote_active":false,"_monsterinsights_sitenote_note":"","_monsterinsights_sitenote_category":0},"product_brand":[],"product_cat":[35],"product_tag":[],"class_list":{"0":"post-3121","1":"product","2":"type-product","3":"status-publish","4":"has-post-thumbnail","6":"product_cat-puhastusvahendid-autohooldustooted","7":"pa_brand-king-carthur","8":"pa_kasutusotstarve-sampooniga-pesemiseks","9":"pa_materjal-80-poluester-20-poluamiid","10":"pa_uhiku-hind-17-90e-tk","12":"first","13":"onbackorder","14":"taxable","15":"shipping-taxable","16":"purchasable","17":"product-type-simple"},"_links":{"self":[{"href":"https:\/\/chemicalstore.ee\/ru\/wp-json\/wp\/v2\/product\/3121","targetHints":{"allow":["GET"]}}],"collection":[{"href":"https:\/\/chemicalstore.ee\/ru\/wp-json\/wp\/v2\/product"}],"about":[{"href":"https:\/\/chemicalstore.ee\/ru\/wp-json\/wp\/v2\/types\/product"}],"replies":[{"embeddable":true,"href":"https:\/\/chemicalstore.ee\/ru\/wp-json\/wp\/v2\/comments?post=3121"}],"wp:featuredmedia":[{"embeddable":true,"href":"https:\/\/chemicalstore.ee\/ru\/wp-json\/wp\/v2\/media\/3735"}],"wp:attachment":[{"href":"https:\/\/chemicalstore.ee\/ru\/wp-json\/wp\/v2\/media?parent=3121"}],"wp:term":[{"taxonomy":"product_brand","embeddable":true,"href":"https:\/\/chemicalstore.ee\/ru\/wp-json\/wp\/v2\/product_brand?post=3121"},{"taxonomy":"product_cat","embeddable":true,"href":"https:\/\/chemicalstore.ee\/ru\/wp-json\/wp\/v2\/product_cat?post=3121"},{"taxonomy":"product_tag","embeddable":true,"href":"https:\/\/chemicalstore.ee\/ru\/wp-json\/wp\/v2\/product_tag?post=3121"}],"curies":[{"name":"wp","href":"https:\/\/api.w.org\/{rel}","templated":true}]}}