{"id":3120,"date":"2024-10-02T13:11:44","date_gmt":"2024-10-02T13:11:44","guid":{"rendered":"https:\/\/chemicalstore.ee\/toode\/pesemissvammpremium-wash-pad-king-carthur\/"},"modified":"2024-10-02T13:11:51","modified_gmt":"2024-10-02T13:11:51","slug":"pesemissvammpremium-wash-pad-king-carthur","status":"publish","type":"product","link":"https:\/\/chemicalstore.ee\/ru\/toode\/pesemissvammpremium-wash-pad-king-carthur\/","title":{"rendered":"Pesemissvamm,Premium Wash Pad &#8211; King Carthur"},"content":{"rendered":"<p>King Carthur Premium Wash Pad on professionaalide poolt eelistatud v\u00e4ga kvaliteetne ja imav pesupadi, mille \u00f5rn mikrofiiber struktuur sobib nii regulaarseks hoolduspesuks kui ka lahustitega teostatavaks p\u00f5hjalikuks pesuks. Padja pehmed mikrokiust narmad lausa paitavad v\u00e4rvipinda ning t\u00e4nu pikkadele s\u00fcnteetilistele narmastele satuvad isegi v\u00e4rvipinnalt maha tulevad mustuseosakesed selle sisse, erinevalt traditsioonilise \u0161vammi kasutamisest, kus mustus j\u00e4\u00e4b v\u00e4rvipinna ja k\u00e4sna vahele, p\u00f5hjustades kriimustusi. Premium Wash Pad struktuur on iga detailini l\u00e4bi m\u00f5eldud, et saavutada parim v\u00f5imalik pesutulemus ning sel p\u00f5hjusel on selle sisse lisatud 2 cm paksune vahukiht, mis muudab selle imavamaks kui paljud teised pesupadjad. Lisaks tagab \u00f5mblusteta konstruktsioon, et kriimustusi ei teki ka k\u00f5ige tundlikumatel pindadel!<\/p>\n","protected":false},"excerpt":{"rendered":"<p>King CarthurKvaliteetne ja imav pesupadi, mille \u00f5rn mikrofiiber struktuur tagab kriimuvaba ja ideaalselt puhta pesutulemuse. Padi sobib nii regulaarseks hoolduspesuks kui ka lahustit sisaldavate ainete p\u00f5hjalikuks pesuks.<\/p>\n","protected":false},"featured_media":3729,"comment_status":"closed","ping_status":"open","template":"","meta":{"_monsterinsights_skip_tracking":false,"_monsterinsights_sitenote_active":false,"_monsterinsights_sitenote_note":"","_monsterinsights_sitenote_category":0},"product_brand":[],"product_cat":[35],"product_tag":[],"class_list":{"0":"post-3120","1":"product","2":"type-product","3":"status-publish","4":"has-post-thumbnail","6":"product_cat-puhastusvahendid-autohooldustooted","7":"pa_brand-king-carthur","8":"pa_kasutusotstarve-sampooniga-pesemiseks","9":"pa_materjal-80-poluester-20-poluamiid","10":"pa_uhiku-hind-14-90e-tk","12":"first","13":"onbackorder","14":"taxable","15":"shipping-taxable","16":"purchasable","17":"product-type-simple"},"_links":{"self":[{"href":"https:\/\/chemicalstore.ee\/ru\/wp-json\/wp\/v2\/product\/3120","targetHints":{"allow":["GET"]}}],"collection":[{"href":"https:\/\/chemicalstore.ee\/ru\/wp-json\/wp\/v2\/product"}],"about":[{"href":"https:\/\/chemicalstore.ee\/ru\/wp-json\/wp\/v2\/types\/product"}],"replies":[{"embeddable":true,"href":"https:\/\/chemicalstore.ee\/ru\/wp-json\/wp\/v2\/comments?post=3120"}],"wp:featuredmedia":[{"embeddable":true,"href":"https:\/\/chemicalstore.ee\/ru\/wp-json\/wp\/v2\/media\/3729"}],"wp:attachment":[{"href":"https:\/\/chemicalstore.ee\/ru\/wp-json\/wp\/v2\/media?parent=3120"}],"wp:term":[{"taxonomy":"product_brand","embeddable":true,"href":"https:\/\/chemicalstore.ee\/ru\/wp-json\/wp\/v2\/product_brand?post=3120"},{"taxonomy":"product_cat","embeddable":true,"href":"https:\/\/chemicalstore.ee\/ru\/wp-json\/wp\/v2\/product_cat?post=3120"},{"taxonomy":"product_tag","embeddable":true,"href":"https:\/\/chemicalstore.ee\/ru\/wp-json\/wp\/v2\/product_tag?post=3120"}],"curies":[{"name":"wp","href":"https:\/\/api.w.org\/{rel}","templated":true}]}}