{"id":3119,"date":"2024-10-02T13:11:44","date_gmt":"2024-10-02T13:11:44","guid":{"rendered":"https:\/\/chemicalstore.ee\/toode\/leotuspesuainenextgen-degreaser-25000ml\/"},"modified":"2024-10-02T13:11:50","modified_gmt":"2024-10-02T13:11:50","slug":"leotuspesuainenextgen-degreaser-25000ml","status":"publish","type":"product","link":"https:\/\/chemicalstore.ee\/ru\/toode\/leotuspesuainenextgen-degreaser-25000ml\/","title":{"rendered":"Leotuspesuaine,NextGen Degreaser  &#8211; 25000ml"},"content":{"rendered":"<p>King Carhur NextGen Degreaser on t\u00e4iesti uut t\u00fc\u00fcpi \u00fclit\u00f5hus eelpesu-\/lahustipesuvahend, mis \u00fchendab endas nn k\u00fclmarasva puhastusvahendi puhastusv\u00f5ime ja eriti raskete mustuseplekkide eemaldamise omadused.Vaatamata suurele puhastusj\u00f5ule ei ole aine etiketil hoiatusm\u00e4rke, kuid seda saab muretult kasutada ka kodu\u00f5ue pesemisel, erinevalt keskkonnale kahjulikest ainetest, nt nafta baasil. NextGen Degreaseri pesuj\u00f5udlus j\u00e4\u00e4b lahustite ja v\u00e4ikeste eemaldajate vahele, st eemaldab t\u00f5husalt ka mustuse, mida tavalised eelpesuvahendid ei pruugi eemaldada. Aine m\u00f5jub ka hiilgavalt, nt. maanteesoolale ja selle aseaineid, kergetele t\u00f5rvaplekkidele, m\u00e4\u00e4rde- ja diislij\u00e4\u00e4kidele ning mootori\u00f5li leketele. Eriti talvisel ajal muudab see pesemise oluliselt lihtsamaks, eemaldades soola ja selle asendajad kergesti juba enne kinda pesemist.<br \/>\nKuigi NextGen Degreaser toimib \u00fcksinda kasutades \u00fclit\u00f5husa eelpesuna, ei ole see otseselt m\u00f5eldud traditsioonilise vahustajaga tehtava eelpesu asendamiseks, vaid selle t\u00e4iendamiseks ning eelpesu ja eriti eemaldamise t\u00f5hususe parandamiseks. eriti rasketest plekkidest veelgi kaugemale. Seda saab kasutada nii kuival kui ka m\u00e4rjal pinnal ehk ainet v\u00f5ib pihustada auto pinnale enne vahuga eelpesu ning peale eelpesu tugevamate plekkide eemaldamiseks. M\u00e4rjale pinnale pihustamine v\u00f5imaldab ka lihtsat j\u00e4relt\u00f6\u00f6tlust, kui autol on nii t\u00f5rjuv mustus, mis vajab mitut t\u00f6\u00f6tlust. Olukordades, kus auto on eriti m\u00e4\u00e4rdunud (talvel soolakorjaga kaetud, diisel on k\u00fcljele valgunud, suvel on auto pinnale pikemat aega nn liikluskile kogunenud v\u00f5i l\u00e4bi s\u00f5idetud v\u00e4rske asfalt ehitusplatsil), NextGen Degreaseri kasutamine koos eelpesuga v\u00f5imaldab maksimaalselt eemaldada mustust.<\/p>\n","protected":false},"excerpt":{"rendered":"<p>King Carthur\u00dclit\u00f5hus, 100% biolagunev nn k\u00fclm rasvaeemaldaja. Eemaldab t\u00f5husalt nt. maanteesoola ja selle aseaineid, rasva- ja \u00f5lip\u00f5hine mustus, kerged pigiplekid jne. Kuivale ja m\u00e4rjale pinnale, kasutamiseks eraldi v\u00f5i eelpesu v\u00f5imendajana.<\/p>\n","protected":false},"featured_media":3723,"comment_status":"closed","ping_status":"open","template":"","meta":{"_monsterinsights_skip_tracking":false,"_monsterinsights_sitenote_active":false,"_monsterinsights_sitenote_note":"","_monsterinsights_sitenote_category":0},"product_brand":[],"product_cat":[35],"product_tag":[],"class_list":{"0":"post-3119","1":"product","2":"type-product","3":"status-publish","4":"has-post-thumbnail","6":"product_cat-puhastusvahendid-autohooldustooted","7":"pa_brand-king-carthur","8":"pa_info-biolagunev-keskkonna-ja-kasutajasobralik-tugev-pesujoud","9":"pa_kasutusotstarve-eelpesuks-mootoriruumi-pesemiseks-eelpesu-tohustamiseks","10":"pa_uhiku-hind-10-00e-l","12":"first","13":"onbackorder","14":"taxable","15":"shipping-taxable","16":"purchasable","17":"product-type-simple"},"_links":{"self":[{"href":"https:\/\/chemicalstore.ee\/ru\/wp-json\/wp\/v2\/product\/3119","targetHints":{"allow":["GET"]}}],"collection":[{"href":"https:\/\/chemicalstore.ee\/ru\/wp-json\/wp\/v2\/product"}],"about":[{"href":"https:\/\/chemicalstore.ee\/ru\/wp-json\/wp\/v2\/types\/product"}],"replies":[{"embeddable":true,"href":"https:\/\/chemicalstore.ee\/ru\/wp-json\/wp\/v2\/comments?post=3119"}],"wp:featuredmedia":[{"embeddable":true,"href":"https:\/\/chemicalstore.ee\/ru\/wp-json\/wp\/v2\/media\/3723"}],"wp:attachment":[{"href":"https:\/\/chemicalstore.ee\/ru\/wp-json\/wp\/v2\/media?parent=3119"}],"wp:term":[{"taxonomy":"product_brand","embeddable":true,"href":"https:\/\/chemicalstore.ee\/ru\/wp-json\/wp\/v2\/product_brand?post=3119"},{"taxonomy":"product_cat","embeddable":true,"href":"https:\/\/chemicalstore.ee\/ru\/wp-json\/wp\/v2\/product_cat?post=3119"},{"taxonomy":"product_tag","embeddable":true,"href":"https:\/\/chemicalstore.ee\/ru\/wp-json\/wp\/v2\/product_tag?post=3119"}],"curies":[{"name":"wp","href":"https:\/\/api.w.org\/{rel}","templated":true}]}}