{"id":3117,"date":"2024-10-02T13:11:44","date_gmt":"2024-10-02T13:11:44","guid":{"rendered":"https:\/\/chemicalstore.ee\/toode\/pesuamber-20-l-kaas-king-carthur\/"},"modified":"2025-05-08T05:29:23","modified_gmt":"2025-05-08T05:29:23","slug":"pesuamber-20-l-kaas-king-carthur","status":"publish","type":"product","link":"https:\/\/chemicalstore.ee\/ru\/toode\/pesuamber-20-l-kaas-king-carthur\/","title":{"rendered":"Pesu\u00e4mber 20 L + kaas &#8211; King Carthur"},"content":{"rendered":"<p>King Carthuri kvaliteetne ja v\u00e4ga stiilne pesu\u00e4mber koos m\u00f5\u00f5teskaalaga vastab k\u00f5ikidele autopesuri vajadustele. See suitsuhall \u00e4mber on oma suuruse jaoks optimeeritud just s\u00f5iduki k\u00e4sitsi pesemiseks ja selle tugev konstruktsioon muudab selle kasutamise meeldivaks. \u00c4mbrisse mahub 20 l pesuvett, mis on t\u00e4iesti piisav auto pesemiseks. Lisaks on \u00e4mbriga kaasas sobiv kaas, mille saab \u00e4mbrile k\u00f5vasti k\u00fclge keerata. T\u00e4nu p\u00f6\u00f6rlevale kaanele ei pea kasutaja kartma, et n\u00e4iteks \u00e4mbri liigutamisel vesi maha valgub. Kaanel on keeramiseks m\u00f5eldud k\u00e4epidemed, mis muudavad selle kasutamise lihtsaks. Lisaks autopesule saab seda \u00e4mbrit kasutada ka mitmel muul otstarbel, n\u00e4iteks \u00f5uet\u00f6\u00f6del v\u00f5i maja puhastamisel. \u00c4mber on l\u00e4bipaistev, seega on vee ja muude vedelike kogust \u00e4mbri k\u00fclgedelt lihtne j\u00e4lgida. T\u00e4psemaks m\u00f5\u00f5tmiseks on k\u00fcljel ka m\u00f5\u00f5teskaala, mis teeb doseerimise oluliselt lihtsamaks.<\/p>\n","protected":false},"excerpt":{"rendered":"<p>King CarthurM\u00f5\u00f5teskaalaga varustatud 20-liitrine pesu\u00e4mber, mis on v\u00e4lja t\u00f6\u00f6tatud spetsiaalselt autopesuks! Kaasas keeratav tihendatud kaas. Samuti on \u00e4mbril metallist kandesang, mis h\u00f5lbustab teisaldamist!<\/p>\n","protected":false},"featured_media":3720,"comment_status":"closed","ping_status":"open","template":"","meta":{"_monsterinsights_skip_tracking":false,"_monsterinsights_sitenote_active":false,"_monsterinsights_sitenote_note":"","_monsterinsights_sitenote_category":0},"product_brand":[],"product_cat":[35],"product_tag":[],"class_list":{"0":"post-3117","1":"product","2":"type-product","3":"status-publish","4":"has-post-thumbnail","6":"product_cat-puhastusvahendid-autohooldustooted","7":"pa_brand-king-carthur","8":"pa_korgus-39cm","9":"pa_mahtuvus-20liitrit","10":"pa_uhiku-hind-22-90e-tk","12":"first","13":"onbackorder","14":"taxable","15":"shipping-taxable","16":"purchasable","17":"product-type-simple"},"_links":{"self":[{"href":"https:\/\/chemicalstore.ee\/ru\/wp-json\/wp\/v2\/product\/3117","targetHints":{"allow":["GET"]}}],"collection":[{"href":"https:\/\/chemicalstore.ee\/ru\/wp-json\/wp\/v2\/product"}],"about":[{"href":"https:\/\/chemicalstore.ee\/ru\/wp-json\/wp\/v2\/types\/product"}],"replies":[{"embeddable":true,"href":"https:\/\/chemicalstore.ee\/ru\/wp-json\/wp\/v2\/comments?post=3117"}],"wp:featuredmedia":[{"embeddable":true,"href":"https:\/\/chemicalstore.ee\/ru\/wp-json\/wp\/v2\/media\/3720"}],"wp:attachment":[{"href":"https:\/\/chemicalstore.ee\/ru\/wp-json\/wp\/v2\/media?parent=3117"}],"wp:term":[{"taxonomy":"product_brand","embeddable":true,"href":"https:\/\/chemicalstore.ee\/ru\/wp-json\/wp\/v2\/product_brand?post=3117"},{"taxonomy":"product_cat","embeddable":true,"href":"https:\/\/chemicalstore.ee\/ru\/wp-json\/wp\/v2\/product_cat?post=3117"},{"taxonomy":"product_tag","embeddable":true,"href":"https:\/\/chemicalstore.ee\/ru\/wp-json\/wp\/v2\/product_tag?post=3117"}],"curies":[{"name":"wp","href":"https:\/\/api.w.org\/{rel}","templated":true}]}}