{"id":3116,"date":"2024-10-02T13:11:44","date_gmt":"2024-10-02T13:11:44","guid":{"rendered":"https:\/\/chemicalstore.ee\/toode\/rehvi-pesuhari-king-carthur\/"},"modified":"2024-10-02T13:11:48","modified_gmt":"2024-10-02T13:11:48","slug":"rehvi-pesuharitire-brush-king-carthur","status":"publish","type":"product","link":"https:\/\/chemicalstore.ee\/ru\/toode\/rehvi-pesuharitire-brush-king-carthur\/","title":{"rendered":"Rehvi pesuhari,Tire Brush &#8211; King Carthur"},"content":{"rendered":"<p>King Carthur Tire Brush on spetsiaalselt rehvide k\u00fclgede puhastamiseks loodud hari, mis eemaldab kergesti isegi t\u00f5rksa mustuse. J\u00e4igad harjased sobivad suurep\u00e4raselt p\u00f5hjalikuks rehvipuhastuseks, mida tehakse n\u00e4iteks enne rehvi l\u00e4igestamist v\u00f5i kaitse katmist. Hari sobib suurep\u00e4raselt ka auto kummi- ja riidemattide puhastamiseks ja muude mittetundlike pindade pesemiseks. K\u00e4epideme ergonoomiline disain muudab kasutamise mugavaks ja vaevatu. Oma kareduse t\u00f5ttu ei sobi see velgedele ega v\u00e4rvitud pindadele.<\/p>\n","protected":false},"excerpt":{"rendered":"<p>King CarthurRehvi k\u00fclgede puhastamiseks m\u00f5eldud hari, mille j\u00e4igad harjased eemaldavad ka k\u00f5ige t\u00f5rksama mustuse. Sobib ka nt. kummi- ja riidevaipade pesemiseks!<\/p>\n","protected":false},"featured_media":3714,"comment_status":"closed","ping_status":"open","template":"","meta":{"_monsterinsights_skip_tracking":false,"_monsterinsights_sitenote_active":false,"_monsterinsights_sitenote_note":"","_monsterinsights_sitenote_category":0},"product_brand":[],"product_cat":[35],"product_tag":[],"class_list":{"0":"post-3116","1":"product","2":"type-product","3":"status-publish","4":"has-post-thumbnail","6":"product_cat-puhastusvahendid-autohooldustooted","7":"pa_brand-king-carthur","8":"pa_kasutusotstarve-rehvide-pesu","9":"pa_sobilikkus-koikidele-kummipindadele","10":"pa_uhiku-hind-9-90e-tk","12":"first","13":"onbackorder","14":"taxable","15":"shipping-taxable","16":"purchasable","17":"product-type-simple"},"_links":{"self":[{"href":"https:\/\/chemicalstore.ee\/ru\/wp-json\/wp\/v2\/product\/3116","targetHints":{"allow":["GET"]}}],"collection":[{"href":"https:\/\/chemicalstore.ee\/ru\/wp-json\/wp\/v2\/product"}],"about":[{"href":"https:\/\/chemicalstore.ee\/ru\/wp-json\/wp\/v2\/types\/product"}],"replies":[{"embeddable":true,"href":"https:\/\/chemicalstore.ee\/ru\/wp-json\/wp\/v2\/comments?post=3116"}],"wp:featuredmedia":[{"embeddable":true,"href":"https:\/\/chemicalstore.ee\/ru\/wp-json\/wp\/v2\/media\/3714"}],"wp:attachment":[{"href":"https:\/\/chemicalstore.ee\/ru\/wp-json\/wp\/v2\/media?parent=3116"}],"wp:term":[{"taxonomy":"product_brand","embeddable":true,"href":"https:\/\/chemicalstore.ee\/ru\/wp-json\/wp\/v2\/product_brand?post=3116"},{"taxonomy":"product_cat","embeddable":true,"href":"https:\/\/chemicalstore.ee\/ru\/wp-json\/wp\/v2\/product_cat?post=3116"},{"taxonomy":"product_tag","embeddable":true,"href":"https:\/\/chemicalstore.ee\/ru\/wp-json\/wp\/v2\/product_tag?post=3116"}],"curies":[{"name":"wp","href":"https:\/\/api.w.org\/{rel}","templated":true}]}}