{"id":3115,"date":"2024-10-02T13:11:44","date_gmt":"2024-10-02T13:11:44","guid":{"rendered":"https:\/\/chemicalstore.ee\/toode\/putukate-eemaldaja-geel-500ml\/"},"modified":"2024-10-02T13:11:47","modified_gmt":"2024-10-02T13:11:47","slug":"putukate-eemaldajainsect-remover-gel-500ml","status":"publish","type":"product","link":"https:\/\/chemicalstore.ee\/ru\/toode\/putukate-eemaldajainsect-remover-gel-500ml\/","title":{"rendered":"Putukate eemaldaja,Insect remover Gel &#8211; 500ml"},"content":{"rendered":"<p>King Carthur Insect Remover Gel on spetsiaalselt putukaj\u00e4\u00e4kide eemaldamiseks loodud pesuvahend, mis lahustab \u00fclit\u00f5husalt nii v\u00e4rsked kui ka kuivanud putukaj\u00e4\u00e4gid ja lindude v\u00e4ljaheited auto pinnalt. Aine sobib k\u00f5ikidele pindadele, seega saab seda kasutada ka v\u00e4rvitud pindade, klaas- ja plastdetailide puhastamiseks. Insect Removeri koostis on viimistletud geeliks, mis v\u00f5imaldab ainel olla pikema toimeajaga kui paljudel teistel putukaeemaldajatel. Nii saab ilma vaevarikka n\u00fchkimiseta lahustada ka kindlalt auto pinnale kinni j\u00e4\u00e4nud putukaid. T\u00e4nu geelitaolisele koostisele saab ainet muretult kasutada ka soojematel suvep\u00e4evadel, mil ei ole v\u00f5imalik kasutada kiiresti aurustuvaid aineid. Insect Remover ei kahjusta ega n\u00f5rgesta pinnal olevat kaitsetoodet, mist\u00f5ttu saab seda kasutada ka kaitstud v\u00e4rvipindadel ja hoolduspesu osana. Lisaks putukakorjustele on aine efektiivne ka muu orgaanilise mustuse puhul, muutes puhastamise lihtsaks ja meeldivaks.<\/p>\n","protected":false},"excerpt":{"rendered":"<p>King CarthurV\u00e4ga t\u00f5hus geelitaoline putukat\u00f5rjevahend, mis toimib kogu orgaanilise mustuse korral, puhastades auto nii putukatest kui ka lindude v\u00e4ljaheidetest.<\/p>\n","protected":false},"featured_media":3709,"comment_status":"closed","ping_status":"open","template":"","meta":{"_monsterinsights_skip_tracking":false,"_monsterinsights_sitenote_active":false,"_monsterinsights_sitenote_note":"","_monsterinsights_sitenote_category":0},"product_brand":[],"product_cat":[35],"product_tag":[],"class_list":{"0":"post-3115","1":"product","2":"type-product","3":"status-publish","4":"has-post-thumbnail","6":"product_cat-puhastusvahendid-autohooldustooted","7":"pa_brand-king-carthur","8":"pa_kasutusotstarve-putukate-eemaldamine-eelpesuga","9":"pa_lohn-varske-tsitrus","10":"pa_uhiku-hind-33-80e-l","12":"first","13":"onbackorder","14":"taxable","15":"shipping-taxable","16":"purchasable","17":"product-type-simple"},"_links":{"self":[{"href":"https:\/\/chemicalstore.ee\/ru\/wp-json\/wp\/v2\/product\/3115","targetHints":{"allow":["GET"]}}],"collection":[{"href":"https:\/\/chemicalstore.ee\/ru\/wp-json\/wp\/v2\/product"}],"about":[{"href":"https:\/\/chemicalstore.ee\/ru\/wp-json\/wp\/v2\/types\/product"}],"replies":[{"embeddable":true,"href":"https:\/\/chemicalstore.ee\/ru\/wp-json\/wp\/v2\/comments?post=3115"}],"wp:featuredmedia":[{"embeddable":true,"href":"https:\/\/chemicalstore.ee\/ru\/wp-json\/wp\/v2\/media\/3709"}],"wp:attachment":[{"href":"https:\/\/chemicalstore.ee\/ru\/wp-json\/wp\/v2\/media?parent=3115"}],"wp:term":[{"taxonomy":"product_brand","embeddable":true,"href":"https:\/\/chemicalstore.ee\/ru\/wp-json\/wp\/v2\/product_brand?post=3115"},{"taxonomy":"product_cat","embeddable":true,"href":"https:\/\/chemicalstore.ee\/ru\/wp-json\/wp\/v2\/product_cat?post=3115"},{"taxonomy":"product_tag","embeddable":true,"href":"https:\/\/chemicalstore.ee\/ru\/wp-json\/wp\/v2\/product_tag?post=3115"}],"curies":[{"name":"wp","href":"https:\/\/api.w.org\/{rel}","templated":true}]}}