{"id":3114,"date":"2024-10-02T13:11:44","date_gmt":"2024-10-02T13:11:44","guid":{"rendered":"https:\/\/chemicalstore.ee\/toode\/klaasipoleerimisaine-glass-polish-100ml\/"},"modified":"2024-10-02T13:11:47","modified_gmt":"2024-10-02T13:11:47","slug":"klaasipoleerimisaine-glass-polish-100ml","status":"publish","type":"product","link":"https:\/\/chemicalstore.ee\/ru\/toode\/klaasipoleerimisaine-glass-polish-100ml\/","title":{"rendered":"Klaasipoleerimisaine, Glass Polish &#8211; 100ml"},"content":{"rendered":"<p>King Carthur Glass Polish on kergelt l\u00f5ikav klaasipoleerimisvahend, millega saab eemaldada klaaspindadelt ka k\u00f5ige t\u00f5rksamad mustuse osakesed, mida tavaliste klaasipuhastusvahenditega eemaldada ei saa. Aine sobib kasutamiseks eelk\u00f5ige enne katte pealekandmist, kui soovitakse lisaks mustuse puhastamisele klaasilt eemaldada vana kattekiht, lubjaj\u00e4\u00e4gid, veeplekid ja muud ladestused. Masina peal kasutades s\u00f6\u00f6b aine ka v\u00e4ikesed kriimud v\u00e4lja, parandades klaasi optikat ning see parandab ka n\u00e4htavust ja s\u00f5iduohutust.Kasutades nanosuuruses abrasiivseid osakesi ja sidrunhappep\u00f5hiseid puhastusaineid, puhastab Glass Polish klaasipinna s\u00fcgavuti ja valmistab selle ette kaitsekatte katmiseks. Ainet v\u00f5ib julgelt kasutada ka juhipoolsetel klaasidel, kuna see ei tekita n\u00e4htavus moonutusi.<\/p>\n","protected":false},"excerpt":{"rendered":"<p>King CarthurKleepunud mustuse ja mikrokriimude eemaldamiseks sobiv klaasipoleerimisvahend, mida saab t\u00f6\u00f6delda k\u00e4sitsi v\u00f5i masinaga. Teeb klaasi heledamaks ja valmistab selle ette keraamilisekaitse katmiseks.<\/p>\n","protected":false},"featured_media":3704,"comment_status":"closed","ping_status":"open","template":"","meta":{"_monsterinsights_skip_tracking":false,"_monsterinsights_sitenote_active":false,"_monsterinsights_sitenote_note":"","_monsterinsights_sitenote_category":0},"product_brand":[],"product_cat":[86],"product_tag":[],"class_list":{"0":"post-3114","1":"product","2":"type-product","3":"status-publish","4":"has-post-thumbnail","6":"product_cat-poleerimine","7":"pa_brand-king-carthur","8":"pa_info-eemaldab-vanad-katted-katlakivi-jaagid-ja-isegi-koige-torksama-mustuse","9":"pa_kasutusotstarve-klaasi-sugavpuhastus-ja-poleerimine","10":"pa_uhiku-hind-149-00e-l","12":"first","13":"onbackorder","14":"taxable","15":"shipping-taxable","16":"purchasable","17":"product-type-simple"},"_links":{"self":[{"href":"https:\/\/chemicalstore.ee\/ru\/wp-json\/wp\/v2\/product\/3114","targetHints":{"allow":["GET"]}}],"collection":[{"href":"https:\/\/chemicalstore.ee\/ru\/wp-json\/wp\/v2\/product"}],"about":[{"href":"https:\/\/chemicalstore.ee\/ru\/wp-json\/wp\/v2\/types\/product"}],"replies":[{"embeddable":true,"href":"https:\/\/chemicalstore.ee\/ru\/wp-json\/wp\/v2\/comments?post=3114"}],"wp:featuredmedia":[{"embeddable":true,"href":"https:\/\/chemicalstore.ee\/ru\/wp-json\/wp\/v2\/media\/3704"}],"wp:attachment":[{"href":"https:\/\/chemicalstore.ee\/ru\/wp-json\/wp\/v2\/media?parent=3114"}],"wp:term":[{"taxonomy":"product_brand","embeddable":true,"href":"https:\/\/chemicalstore.ee\/ru\/wp-json\/wp\/v2\/product_brand?post=3114"},{"taxonomy":"product_cat","embeddable":true,"href":"https:\/\/chemicalstore.ee\/ru\/wp-json\/wp\/v2\/product_cat?post=3114"},{"taxonomy":"product_tag","embeddable":true,"href":"https:\/\/chemicalstore.ee\/ru\/wp-json\/wp\/v2\/product_tag?post=3114"}],"curies":[{"name":"wp","href":"https:\/\/api.w.org\/{rel}","templated":true}]}}