{"id":3113,"date":"2024-10-02T13:11:44","date_gmt":"2024-10-02T13:11:44","guid":{"rendered":"https:\/\/chemicalstore.ee\/toode\/rehvi-kaitseaineace-coat-tire-100ml\/"},"modified":"2024-10-02T13:11:46","modified_gmt":"2024-10-02T13:11:46","slug":"rehvi-kaitseaineace-coat-tire-100ml","status":"publish","type":"product","link":"https:\/\/chemicalstore.ee\/ru\/toode\/rehvi-kaitseaineace-coat-tire-100ml\/","title":{"rendered":"Rehvi kaitseaine,ACE Coat Tire &#8211; 100ml"},"content":{"rendered":"<p>King Carthur ACE Coat Tire on rehvikaitsekate, mis taastab rehvide ja muude kummiosade algse v\u00e4rvuse ning tagab \u00e4\u00e4rmise pikaajalise kaitse. Coat Tire ei pese maha nagu tavalisi rehvil\u00e4igestajaid,t\u00e4nu uuenduslikule koostisele peab see vastu ka k\u00f5ige ekstreemsemates tingimustes, hoides rehvid uutena isegi kuude kaupa. Coat Tire ei j\u00e4ta rehvidele mustuse ja tolmu kogumiseks rasvast kilet, vaid aine kuivab kuivaks ja antistaatiliseks kileks. Lisaks pakub kate kaitset p\u00e4ikese kahjulike UV-kiirte eest, mis p\u00f5hjustavad rehvide pragunemist. Katte l\u00e4iketaset saab m\u00e4\u00e4rata kihtide arvu j\u00e4rgi: mida rohkem kihte paigaldatakse, seda l\u00e4ikivam on pind. ACE Coat Tire teeb ainulaadseks see, et peale kihistamist on v\u00f5imalik katte paksust isegi k\u00e4sitsi katsuda! Kate sobib nii musta kui valge k\u00fcljega rehvide kaitseks.<\/p>\n","protected":false},"excerpt":{"rendered":"<p>King CarthurUnikaalne rehvi keraamilinekaitse, mis kaitseb rehve nii UV-kiirte kui ka kulumise eest, hoides need puhtad ja n\u00e4evad v\u00e4lja nagu uued. Kestvus kuni 10 000 km!<\/p>\n","protected":false},"featured_media":3698,"comment_status":"closed","ping_status":"open","template":"","meta":{"_monsterinsights_skip_tracking":false,"_monsterinsights_sitenote_active":false,"_monsterinsights_sitenote_note":"","_monsterinsights_sitenote_category":0},"product_brand":[],"product_cat":[27],"product_tag":[],"class_list":{"0":"post-3113","1":"product","2":"type-product","3":"status-publish","4":"has-post-thumbnail","6":"product_cat-kaitseained","7":"pa_brand-king-carthur","8":"pa_kasutusotstarve-pikaajaline-rehvikaitse","9":"pa_kestvus-mitu-kuud-tuhandeid-kilomeetreid","10":"pa_uhiku-hind-229-00e-l","12":"first","13":"onbackorder","14":"taxable","15":"shipping-taxable","16":"purchasable","17":"product-type-simple"},"_links":{"self":[{"href":"https:\/\/chemicalstore.ee\/ru\/wp-json\/wp\/v2\/product\/3113","targetHints":{"allow":["GET"]}}],"collection":[{"href":"https:\/\/chemicalstore.ee\/ru\/wp-json\/wp\/v2\/product"}],"about":[{"href":"https:\/\/chemicalstore.ee\/ru\/wp-json\/wp\/v2\/types\/product"}],"replies":[{"embeddable":true,"href":"https:\/\/chemicalstore.ee\/ru\/wp-json\/wp\/v2\/comments?post=3113"}],"wp:featuredmedia":[{"embeddable":true,"href":"https:\/\/chemicalstore.ee\/ru\/wp-json\/wp\/v2\/media\/3698"}],"wp:attachment":[{"href":"https:\/\/chemicalstore.ee\/ru\/wp-json\/wp\/v2\/media?parent=3113"}],"wp:term":[{"taxonomy":"product_brand","embeddable":true,"href":"https:\/\/chemicalstore.ee\/ru\/wp-json\/wp\/v2\/product_brand?post=3113"},{"taxonomy":"product_cat","embeddable":true,"href":"https:\/\/chemicalstore.ee\/ru\/wp-json\/wp\/v2\/product_cat?post=3113"},{"taxonomy":"product_tag","embeddable":true,"href":"https:\/\/chemicalstore.ee\/ru\/wp-json\/wp\/v2\/product_tag?post=3113"}],"curies":[{"name":"wp","href":"https:\/\/api.w.org\/{rel}","templated":true}]}}