{"id":3111,"date":"2024-10-02T13:11:44","date_gmt":"2024-10-02T13:11:44","guid":{"rendered":"https:\/\/chemicalstore.ee\/toode\/poleerimislappwhite-crystal-king-carthur\/"},"modified":"2024-10-02T13:11:45","modified_gmt":"2024-10-02T13:11:45","slug":"poleerimislappwhite-crystal-king-carthur","status":"publish","type":"product","link":"https:\/\/chemicalstore.ee\/ru\/toode\/poleerimislappwhite-crystal-king-carthur\/","title":{"rendered":"Poleerimislapp,White Crystal &#8211; King Carthur"},"content":{"rendered":"<p>King Carthur White Crystal on tippkvaliteetne, pehme ja l\u00fchikese kihiga mikrokiudlapp, mille struktuur on optimeeritud spetsiaalselt erinevate katete mahap\u00fchkimiseks. Kvaliteetsed mikrokiud ja erakordselt k\u00f5rge pol\u00fcamiidisisaldus (30%) koos t\u00e4iesti \u00f5mblusteta struktuuriga tagavad pehme ja \u00f5rna kontakti v\u00e4rvipinnaga, muutes p\u00fchkimise v\u00f5imalikult ohutuks ja lihtsaks. Samuti ei j\u00e4ta riie maha kiudu ning sellel puudub sisse\u00f5mmeldud p\u00fchkimislapp, mis suurendab \u00f5rnust veelgi. Ultrahelil\u00f5ikuriga l\u00f5igatud servadega varustatud White Crystal on plussmassiga 600 gsm, mis tagab suurep\u00e4rase imavuse ja ei lase lapil p\u00fchkides ummistuda<\/p>\n","protected":false},"excerpt":{"rendered":"<p>King CarthurTippkvaliteetne l\u00fchikese karvaga mikrokiudlapp keraamilise katte  mahap\u00fchkimiseks. V\u00e4ga pehme ja \u00f5rn struktuur \u00f5mblusteta servadega. Kaal 600 g\/m\u00b2.<\/p>\n","protected":false},"featured_media":3687,"comment_status":"closed","ping_status":"open","template":"","meta":{"_monsterinsights_skip_tracking":false,"_monsterinsights_sitenote_active":false,"_monsterinsights_sitenote_note":"","_monsterinsights_sitenote_category":0},"product_brand":[],"product_cat":[86],"product_tag":[],"class_list":{"0":"post-3111","1":"product","2":"type-product","3":"status-publish","4":"has-post-thumbnail","6":"product_cat-poleerimine","7":"pa_brand-king-carthur","8":"pa_kasutusotstarve-keraamilise-kaitse-puhkimine","9":"pa_moodud-40x40cm","10":"pa_uhiku-hind-9-90e-tk","12":"first","13":"onbackorder","14":"taxable","15":"shipping-taxable","16":"purchasable","17":"product-type-simple"},"_links":{"self":[{"href":"https:\/\/chemicalstore.ee\/ru\/wp-json\/wp\/v2\/product\/3111","targetHints":{"allow":["GET"]}}],"collection":[{"href":"https:\/\/chemicalstore.ee\/ru\/wp-json\/wp\/v2\/product"}],"about":[{"href":"https:\/\/chemicalstore.ee\/ru\/wp-json\/wp\/v2\/types\/product"}],"replies":[{"embeddable":true,"href":"https:\/\/chemicalstore.ee\/ru\/wp-json\/wp\/v2\/comments?post=3111"}],"wp:featuredmedia":[{"embeddable":true,"href":"https:\/\/chemicalstore.ee\/ru\/wp-json\/wp\/v2\/media\/3687"}],"wp:attachment":[{"href":"https:\/\/chemicalstore.ee\/ru\/wp-json\/wp\/v2\/media?parent=3111"}],"wp:term":[{"taxonomy":"product_brand","embeddable":true,"href":"https:\/\/chemicalstore.ee\/ru\/wp-json\/wp\/v2\/product_brand?post=3111"},{"taxonomy":"product_cat","embeddable":true,"href":"https:\/\/chemicalstore.ee\/ru\/wp-json\/wp\/v2\/product_cat?post=3111"},{"taxonomy":"product_tag","embeddable":true,"href":"https:\/\/chemicalstore.ee\/ru\/wp-json\/wp\/v2\/product_tag?post=3111"}],"curies":[{"name":"wp","href":"https:\/\/api.w.org\/{rel}","templated":true}]}}