{"id":3110,"date":"2024-10-02T13:11:28","date_gmt":"2024-10-02T13:11:28","guid":{"rendered":"https:\/\/chemicalstore.ee\/toode\/kuivatuslappblue-sapphire-king-carthur\/"},"modified":"2025-09-22T07:10:32","modified_gmt":"2025-09-22T07:10:32","slug":"kuivatuslappblue-sapphire-king-carthur","status":"publish","type":"product","link":"https:\/\/chemicalstore.ee\/ru\/toode\/kuivatuslappblue-sapphire-king-carthur\/","title":{"rendered":"Kuivatuslapp,Blue Sapphire &#8211; King Carthur"},"content":{"rendered":"<p>King Carthur Blue Sapphire on massiivse suurusega (70 x 120 cm) ja imav kuivatuslapp, mis kuivatab t\u00f5husalt ka suuremaid pindu korraga. Lapi paks ja v\u00e4ga pehme mikrokiust kudum muudab selle v\u00e4ga \u00f5rnaks ning need koos k\u00f5rge pol\u00fcamiidisisaldusega (30%) tagavad ka k\u00f5ige tundlikumate pindade muretu kuivamise. Blue Sapphire on kuni kolm korda suurem kui tavaline kuivatuslapp (70 x 120 cm). T\u00e4nu oma massiivsele suurusele imab lapp liitreid vett ja v\u00f5imaldab kuivatada isegi mitut autot ilma vahepeal kr\u00f5mpsutamata. Kui otsite v\u00f5imalikult suurt kuivatuslappi, on Blue Sapphire teie valik!<\/p>\n","protected":false},"excerpt":{"rendered":"<p>King CarthurMassiivne (70 x 120 cm) kuivatuslapp, mis imab liitreid vett! V\u00e4ga pehme ja \u00f5rn struktuur \u00f5mblusteta servadega. Kaal 800 g\/m\u00b2.<\/p>\n","protected":false},"featured_media":3682,"comment_status":"closed","ping_status":"open","template":"","meta":{"_monsterinsights_skip_tracking":false,"_monsterinsights_sitenote_active":false,"_monsterinsights_sitenote_note":"","_monsterinsights_sitenote_category":0},"product_brand":[],"product_cat":[35],"product_tag":[],"class_list":{"0":"post-3110","1":"product","2":"type-product","3":"status-publish","4":"has-post-thumbnail","6":"product_cat-puhastusvahendid-autohooldustooted","7":"pa_brand-king-carthur","8":"pa_kasutusotstarve-autokuivatus-peale-pesemist","9":"pa_moodud-70-x-120-cm","10":"pa_uhiku-hind-29-90e-tk","12":"first","13":"onbackorder","14":"taxable","15":"shipping-taxable","16":"purchasable","17":"product-type-simple"},"_links":{"self":[{"href":"https:\/\/chemicalstore.ee\/ru\/wp-json\/wp\/v2\/product\/3110","targetHints":{"allow":["GET"]}}],"collection":[{"href":"https:\/\/chemicalstore.ee\/ru\/wp-json\/wp\/v2\/product"}],"about":[{"href":"https:\/\/chemicalstore.ee\/ru\/wp-json\/wp\/v2\/types\/product"}],"replies":[{"embeddable":true,"href":"https:\/\/chemicalstore.ee\/ru\/wp-json\/wp\/v2\/comments?post=3110"}],"wp:featuredmedia":[{"embeddable":true,"href":"https:\/\/chemicalstore.ee\/ru\/wp-json\/wp\/v2\/media\/3682"}],"wp:attachment":[{"href":"https:\/\/chemicalstore.ee\/ru\/wp-json\/wp\/v2\/media?parent=3110"}],"wp:term":[{"taxonomy":"product_brand","embeddable":true,"href":"https:\/\/chemicalstore.ee\/ru\/wp-json\/wp\/v2\/product_brand?post=3110"},{"taxonomy":"product_cat","embeddable":true,"href":"https:\/\/chemicalstore.ee\/ru\/wp-json\/wp\/v2\/product_cat?post=3110"},{"taxonomy":"product_tag","embeddable":true,"href":"https:\/\/chemicalstore.ee\/ru\/wp-json\/wp\/v2\/product_tag?post=3110"}],"curies":[{"name":"wp","href":"https:\/\/api.w.org\/{rel}","templated":true}]}}