{"id":3109,"date":"2024-10-02T13:11:28","date_gmt":"2024-10-02T13:11:28","guid":{"rendered":"https:\/\/chemicalstore.ee\/toode\/rehvi-aplikaator-king-carthur\/"},"modified":"2024-10-02T13:11:41","modified_gmt":"2024-10-02T13:11:41","slug":"rehvi-aplikaatortire-applicator-king-carthur","status":"publish","type":"product","link":"https:\/\/chemicalstore.ee\/ru\/toode\/rehvi-aplikaatortire-applicator-king-carthur\/","title":{"rendered":"Rehvi aplikaator,Tire Applicator &#8211; King Carthur"},"content":{"rendered":"<p>King Carthur Tire Applicator on rehvil\u00e4igestus aplikaator, mis on suurep\u00e4rane t\u00f6\u00f6riist neile, kes hoolivad oma auto hooldatud v\u00e4limusest.Rehvi aplikaatori abil saab rehv igast k\u00fcljest \u00fchtlase kihi ja j\u00e4lg on korralik. T\u00e4nu kumerale disainile on l\u00e4igesti Rehvi pealekandjaga lihtne rehvile kanda, olgu tegemist madala v\u00f5i k\u00f5rge profiiliga rehvidega.T\u00e4nu oma v\u00e4iksusele mahub aplikaator ideaalselt ka k\u00e4tte ning t\u00f6\u00f6tlemine on mugav ja m\u00f5nus. Laoturil on tugevdatud k\u00e4epide, mis muudab k\u00e4sna k\u00e4sitsemise lihtsamaks.<\/p>\n","protected":false},"excerpt":{"rendered":"<p>King CarthurMugav kuju s\u00e4ilitav rehviaplikaator, mis j\u00e4rgib rehvi kuju. Muudab kaitse pealekandmise lihtsaks ja mugavaks!<\/p>\n","protected":false},"featured_media":3676,"comment_status":"closed","ping_status":"open","template":"","meta":{"_monsterinsights_skip_tracking":false,"_monsterinsights_sitenote_active":false,"_monsterinsights_sitenote_note":"","_monsterinsights_sitenote_category":0},"product_brand":[],"product_cat":[27],"product_tag":[],"class_list":{"0":"post-3109","1":"product","2":"type-product","3":"status-publish","4":"has-post-thumbnail","6":"product_cat-kaitseained","7":"pa_brand-king-carthur","8":"pa_kasutusotstarve-rehvilaigesti-kasitlus","9":"pa_moodud-98-x-40-x-50-60-mm-pikkus-x-laius-x-korgus","10":"pa_uhiku-hind-4-90e-tk","12":"first","13":"onbackorder","14":"taxable","15":"shipping-taxable","16":"purchasable","17":"product-type-simple"},"_links":{"self":[{"href":"https:\/\/chemicalstore.ee\/ru\/wp-json\/wp\/v2\/product\/3109","targetHints":{"allow":["GET"]}}],"collection":[{"href":"https:\/\/chemicalstore.ee\/ru\/wp-json\/wp\/v2\/product"}],"about":[{"href":"https:\/\/chemicalstore.ee\/ru\/wp-json\/wp\/v2\/types\/product"}],"replies":[{"embeddable":true,"href":"https:\/\/chemicalstore.ee\/ru\/wp-json\/wp\/v2\/comments?post=3109"}],"wp:featuredmedia":[{"embeddable":true,"href":"https:\/\/chemicalstore.ee\/ru\/wp-json\/wp\/v2\/media\/3676"}],"wp:attachment":[{"href":"https:\/\/chemicalstore.ee\/ru\/wp-json\/wp\/v2\/media?parent=3109"}],"wp:term":[{"taxonomy":"product_brand","embeddable":true,"href":"https:\/\/chemicalstore.ee\/ru\/wp-json\/wp\/v2\/product_brand?post=3109"},{"taxonomy":"product_cat","embeddable":true,"href":"https:\/\/chemicalstore.ee\/ru\/wp-json\/wp\/v2\/product_cat?post=3109"},{"taxonomy":"product_tag","embeddable":true,"href":"https:\/\/chemicalstore.ee\/ru\/wp-json\/wp\/v2\/product_tag?post=3109"}],"curies":[{"name":"wp","href":"https:\/\/api.w.org\/{rel}","templated":true}]}}