{"id":3107,"date":"2024-10-02T13:11:28","date_gmt":"2024-10-02T13:11:28","guid":{"rendered":"https:\/\/chemicalstore.ee\/toode\/vaha-aplikaatorcoating-pad-king-carthur\/"},"modified":"2024-10-02T13:11:39","modified_gmt":"2024-10-02T13:11:39","slug":"vaha-aplikaatorcoating-pad-king-carthur","status":"publish","type":"product","link":"https:\/\/chemicalstore.ee\/ru\/toode\/vaha-aplikaatorcoating-pad-king-carthur\/","title":{"rendered":"Vaha aplikaator,Coating Pad &#8211; King Carthur"},"content":{"rendered":"<p>King Carthur Coating Pad on katte pealekandmiseks m\u00f5eldud tugi, millega saab katte \u00fchtlaselt t\u00f6\u00f6deldavale pinnale hajutada. Coating Pad on tugev vaht, kuid toe p\u00f5hi on \u00f5hukese elastsema kihiga, t\u00e4nu millele ei pea aplikaatorit t\u00f5stma ka rohkema kujuga alade katmisel, vaid katet saab kanda pidevalt, t\u00e4ielikult sisse vastavalt auto disainile. Kattepadjake istub ideaalselt peopessa ja muudab sellega katmise meeldivamaks! Tugi toimib puisturi raamina ja katte puistelapp pinnamaterjalina.Saate osta kas ainult toe v\u00f5i tugi- ja aplikaatorlappe.<\/p>\n","protected":false},"excerpt":{"rendered":"<p>King CarthurV\u00e4ike ja vastupidav alus keraamilise kaitse katmiseks. Toe alumine k\u00fclg on painduvast vahust, t\u00e4nu millele saab katet peale kanda vastavalt auto kujule ilma seda asjatult kontaktpinnalt eemaldamata!<\/p>\n","protected":false},"featured_media":3663,"comment_status":"closed","ping_status":"open","template":"","meta":{"_monsterinsights_skip_tracking":false,"_monsterinsights_sitenote_active":false,"_monsterinsights_sitenote_note":"","_monsterinsights_sitenote_category":0},"product_brand":[],"product_cat":[27],"product_tag":[],"class_list":{"0":"post-3107","1":"product","2":"type-product","3":"status-publish","4":"has-post-thumbnail","6":"product_cat-kaitseained","7":"pa_brand-king-carthur","8":"pa_kasutusotstarve-keraamilise-kaitse-aplikaatortugi","9":"pa_moodud-80-x-40-x-20-mm-pikkus-x-laius-x-korgus","10":"pa_uhiku-hind-3-90e-tk","12":"first","13":"onbackorder","14":"taxable","15":"shipping-taxable","16":"purchasable","17":"product-type-simple"},"_links":{"self":[{"href":"https:\/\/chemicalstore.ee\/ru\/wp-json\/wp\/v2\/product\/3107","targetHints":{"allow":["GET"]}}],"collection":[{"href":"https:\/\/chemicalstore.ee\/ru\/wp-json\/wp\/v2\/product"}],"about":[{"href":"https:\/\/chemicalstore.ee\/ru\/wp-json\/wp\/v2\/types\/product"}],"replies":[{"embeddable":true,"href":"https:\/\/chemicalstore.ee\/ru\/wp-json\/wp\/v2\/comments?post=3107"}],"wp:featuredmedia":[{"embeddable":true,"href":"https:\/\/chemicalstore.ee\/ru\/wp-json\/wp\/v2\/media\/3663"}],"wp:attachment":[{"href":"https:\/\/chemicalstore.ee\/ru\/wp-json\/wp\/v2\/media?parent=3107"}],"wp:term":[{"taxonomy":"product_brand","embeddable":true,"href":"https:\/\/chemicalstore.ee\/ru\/wp-json\/wp\/v2\/product_brand?post=3107"},{"taxonomy":"product_cat","embeddable":true,"href":"https:\/\/chemicalstore.ee\/ru\/wp-json\/wp\/v2\/product_cat?post=3107"},{"taxonomy":"product_tag","embeddable":true,"href":"https:\/\/chemicalstore.ee\/ru\/wp-json\/wp\/v2\/product_tag?post=3107"}],"curies":[{"name":"wp","href":"https:\/\/api.w.org\/{rel}","templated":true}]}}