{"id":3106,"date":"2024-10-02T13:11:28","date_gmt":"2024-10-02T13:11:28","guid":{"rendered":"https:\/\/chemicalstore.ee\/toode\/klaasipuhastus-lappsilver-shine-king-carthur\/"},"modified":"2024-10-02T13:11:39","modified_gmt":"2024-10-02T13:11:39","slug":"klaasipuhastus-lappsilver-shine-king-carthur","status":"publish","type":"product","link":"https:\/\/chemicalstore.ee\/ru\/toode\/klaasipuhastus-lappsilver-shine-king-carthur\/","title":{"rendered":"Klaasipuhastus lapp,Silver Shine &#8211; King Carthur"},"content":{"rendered":"<p>King Carthur Silver Shine on klaaspindadele m\u00f5eldud puhastus- ja kuivatuslapp. Lapi struktuur on t\u00f5esti l\u00fchikese kiuga mikrofiiber ja selle pind tundub k\u00e4ele praktiliselt t\u00e4iesti sile. Just t\u00e4nu oma struktuurile hammustab see t\u00f5eliselt t\u00f5husalt igasugust mustust, muutes klaaspindade puhastamise lihtsaks ja vaevatuks. Silver Shine\u2019iga saab klaas- ja peegelpindadelt eemaldada mitte ainult tavalist mustust, vaid ka t\u00f5rksamat mustust, mis ei taha hoolimata h\u00f5\u00f5rumisest tavaliste lappidega maha tulla. Nende hulka kuuluvad n\u00e4iteks nikotiinikiled,kuivanus putukad ja muud orgaanilised ained, mis on j\u00f5udnud klaasil kuivada. Lisaks h\u00e4mmastavale puhastusj\u00f5ule kuivatab Silver Shine\u2019i sile ja pehme pind klaasi kiiresti ja \u00f5rnalt, kartmata pinda kriimustada. See imav lapp ei j\u00e4ta klaasile triipe ega keerise j\u00e4lgi, j\u00e4ttes maha vaid t\u00e4iesti puhta kristallselge klaasi. Silver Shine on masinpestav, mist\u00f5ttu on see uskumatult meeldiv vahend nii auto kui ka kodu klaaspindade puhastamiseks.<\/p>\n","protected":false},"excerpt":{"rendered":"<p>King CarthurUskumatu puhastusj\u00f5u ja hea imavusega esmaklassiline mikrokiudlapp klaaspindade pesemiseks ja kuivatamiseks. Sile ja pehme struktuur hammustab h\u00e4sti isegi t\u00f5rksa mustuse, j\u00e4ttes endast maha ideaalselt puhta klaasi. M\u00f5\u00f5dud 40 x 40 cm.<\/p>\n","protected":false},"featured_media":3655,"comment_status":"closed","ping_status":"open","template":"","meta":{"_monsterinsights_skip_tracking":false,"_monsterinsights_sitenote_active":false,"_monsterinsights_sitenote_note":"","_monsterinsights_sitenote_category":0},"product_brand":[],"product_cat":[35],"product_tag":[],"class_list":{"0":"post-3106","1":"product","2":"type-product","3":"status-publish","4":"has-post-thumbnail","6":"product_cat-puhastusvahendid-autohooldustooted","7":"pa_brand-king-carthur","8":"pa_kasutusotstarve-klaaspindade-puhastamine-ja-kuivatamine","9":"pa_moodud-40x40","10":"pa_uhiku-hind-11-90e-tk","12":"first","13":"onbackorder","14":"taxable","15":"shipping-taxable","16":"purchasable","17":"product-type-simple"},"_links":{"self":[{"href":"https:\/\/chemicalstore.ee\/ru\/wp-json\/wp\/v2\/product\/3106","targetHints":{"allow":["GET"]}}],"collection":[{"href":"https:\/\/chemicalstore.ee\/ru\/wp-json\/wp\/v2\/product"}],"about":[{"href":"https:\/\/chemicalstore.ee\/ru\/wp-json\/wp\/v2\/types\/product"}],"replies":[{"embeddable":true,"href":"https:\/\/chemicalstore.ee\/ru\/wp-json\/wp\/v2\/comments?post=3106"}],"wp:featuredmedia":[{"embeddable":true,"href":"https:\/\/chemicalstore.ee\/ru\/wp-json\/wp\/v2\/media\/3655"}],"wp:attachment":[{"href":"https:\/\/chemicalstore.ee\/ru\/wp-json\/wp\/v2\/media?parent=3106"}],"wp:term":[{"taxonomy":"product_brand","embeddable":true,"href":"https:\/\/chemicalstore.ee\/ru\/wp-json\/wp\/v2\/product_brand?post=3106"},{"taxonomy":"product_cat","embeddable":true,"href":"https:\/\/chemicalstore.ee\/ru\/wp-json\/wp\/v2\/product_cat?post=3106"},{"taxonomy":"product_tag","embeddable":true,"href":"https:\/\/chemicalstore.ee\/ru\/wp-json\/wp\/v2\/product_tag?post=3106"}],"curies":[{"name":"wp","href":"https:\/\/api.w.org\/{rel}","templated":true}]}}