{"id":3101,"date":"2024-10-02T13:11:28","date_gmt":"2024-10-02T13:11:28","guid":{"rendered":"https:\/\/chemicalstore.ee\/toode\/pusamust-m-king-carthur\/"},"modified":"2024-10-02T13:11:36","modified_gmt":"2024-10-02T13:11:36","slug":"pusamust-m-king-carthur","status":"publish","type":"product","link":"https:\/\/chemicalstore.ee\/ru\/toode\/pusamust-m-king-carthur\/","title":{"rendered":"Pusa,Must, M &#8211; King Carthur"},"content":{"rendered":"<p>King Carthur Hoodie on \u00fclimalt stiilne, kvaliteetne ja soe pusa nii autopesuks kui ka vabal ajal. Paks struktuur tagab r\u00f5iva soojuse ka k\u00fclmema ilmaga pestes. Pusa rinnal (v\u00e4ike) ja seljal (suur) on \u00fclistiilne King Carthuri logo. Pingutusn\u00f6\u00f6r kapuutsis, n\u00f6\u00f6rid all\u00e4\u00e4res ja varrukaotstes. Lisaks on ees mahukas k\u00e4ngurutasku asjade hoiustamiseks.<\/p>\n","protected":false},"excerpt":{"rendered":"<p>King Carthur\u00c4\u00e4rmiselt stiilne, kvaliteetne ja soe pusa nii auto pesemiseks kui ka vaba aja veetmiseks. Rinnal v\u00e4ike KC logo, seljal sama logo suuremas suuruses.<\/p>\n","protected":false},"featured_media":3646,"comment_status":"closed","ping_status":"open","template":"","meta":{"_monsterinsights_skip_tracking":false,"_monsterinsights_sitenote_active":false,"_monsterinsights_sitenote_note":"","_monsterinsights_sitenote_category":0},"product_brand":[],"product_cat":[46],"product_tag":[],"class_list":{"0":"post-3101","1":"product","2":"type-product","3":"status-publish","4":"has-post-thumbnail","6":"product_cat-autohooldus-muu","7":"pa_brand-king-carthur","8":"pa_materjal-80-puuvill-20-poluester","9":"pa_saadavus-suurus-smlxlxxl","10":"pa_uhiku-hind-79-90e-tk","12":"first","13":"onbackorder","14":"taxable","15":"shipping-taxable","16":"purchasable","17":"product-type-simple"},"_links":{"self":[{"href":"https:\/\/chemicalstore.ee\/ru\/wp-json\/wp\/v2\/product\/3101","targetHints":{"allow":["GET"]}}],"collection":[{"href":"https:\/\/chemicalstore.ee\/ru\/wp-json\/wp\/v2\/product"}],"about":[{"href":"https:\/\/chemicalstore.ee\/ru\/wp-json\/wp\/v2\/types\/product"}],"replies":[{"embeddable":true,"href":"https:\/\/chemicalstore.ee\/ru\/wp-json\/wp\/v2\/comments?post=3101"}],"wp:featuredmedia":[{"embeddable":true,"href":"https:\/\/chemicalstore.ee\/ru\/wp-json\/wp\/v2\/media\/3646"}],"wp:attachment":[{"href":"https:\/\/chemicalstore.ee\/ru\/wp-json\/wp\/v2\/media?parent=3101"}],"wp:term":[{"taxonomy":"product_brand","embeddable":true,"href":"https:\/\/chemicalstore.ee\/ru\/wp-json\/wp\/v2\/product_brand?post=3101"},{"taxonomy":"product_cat","embeddable":true,"href":"https:\/\/chemicalstore.ee\/ru\/wp-json\/wp\/v2\/product_cat?post=3101"},{"taxonomy":"product_tag","embeddable":true,"href":"https:\/\/chemicalstore.ee\/ru\/wp-json\/wp\/v2\/product_tag?post=3101"}],"curies":[{"name":"wp","href":"https:\/\/api.w.org\/{rel}","templated":true}]}}