{"id":3098,"date":"2024-10-02T13:11:28","date_gmt":"2024-10-02T13:11:28","guid":{"rendered":"https:\/\/chemicalstore.ee\/toode\/pesuainete-kande-kott-king-carthur\/"},"modified":"2024-10-02T13:11:34","modified_gmt":"2024-10-02T13:11:34","slug":"pesuainete-kande-kott-king-carthur","status":"publish","type":"product","link":"https:\/\/chemicalstore.ee\/ru\/toode\/pesuainete-kande-kott-king-carthur\/","title":{"rendered":"Pesuainete kande kott &#8211; King Carthur"},"content":{"rendered":"<p>King Carthuri kangast kott on mitmeotstarbeline t\u00f6\u00f6riist nii autohooldustoodete kui ka muude kaupade transportimiseks. Koti sees on viis n\u00f6 lahtrit, t\u00e4nu millele saab tooteid kergesti \u00fcksteisest eraldada ja need p\u00fcsivad p\u00fcstises asendis. Nii saab kotis turvaliselt transportida ka vedelikke sisaldavaid pakendeid, kartmata, et need k\u00fcljel olevast purgist koti p\u00f5hja lekivad. Koti kolmel k\u00fcljel on kogu koti laiuses lisataskud, mille abil saab mahtu veelgi suurendada. Nende taskutega saab transportida v\u00f5i hoida n\u00e4iteks mikrokiudlappe! Lisaks on koti \u00fchel k\u00fcljel kolm v\u00e4iksemat taskut v\u00e4iksemate asjade, n\u00e4iteks aplikaatorite jaoks. KC stiilis kott on elegantne must ja selle k\u00fclgi kaunistavad King Carthuri logod. Kandmise teevad lihtsamaks kandesangad, mille abil saab kotti kanda kas \u00f5lal v\u00f5i k\u00e4es, ilma et see longus oleks. Hoia kotis autohooldustarbeid v\u00f5i muid esemeid, Kangaskotti saad kasutada nii garaa\u017eis kui ka v\u00e4ljas!<\/p>\n","protected":false},"excerpt":{"rendered":"<p>King CarthurKC riidest kott, sees olevad lahtrid hoiavad transporditavad purgid ja pudelid p\u00fcstises asendis ka ebatasasel s\u00f5idul.<\/p>\n","protected":false},"featured_media":3637,"comment_status":"closed","ping_status":"open","template":"","meta":{"_monsterinsights_skip_tracking":false,"_monsterinsights_sitenote_active":false,"_monsterinsights_sitenote_note":"","_monsterinsights_sitenote_category":0},"product_brand":[],"product_cat":[46],"product_tag":[],"class_list":{"0":"post-3098","1":"product","2":"type-product","3":"status-publish","4":"has-post-thumbnail","6":"product_cat-autohooldus-muu","7":"pa_brand-king-carthur","8":"pa_moodud-200-x-270-x-200-mm-laius-x-korgus-x-pikkus","9":"pa_uhiku-hind-19-90e-tk","11":"first","12":"onbackorder","13":"taxable","14":"shipping-taxable","15":"purchasable","16":"product-type-simple"},"_links":{"self":[{"href":"https:\/\/chemicalstore.ee\/ru\/wp-json\/wp\/v2\/product\/3098","targetHints":{"allow":["GET"]}}],"collection":[{"href":"https:\/\/chemicalstore.ee\/ru\/wp-json\/wp\/v2\/product"}],"about":[{"href":"https:\/\/chemicalstore.ee\/ru\/wp-json\/wp\/v2\/types\/product"}],"replies":[{"embeddable":true,"href":"https:\/\/chemicalstore.ee\/ru\/wp-json\/wp\/v2\/comments?post=3098"}],"wp:featuredmedia":[{"embeddable":true,"href":"https:\/\/chemicalstore.ee\/ru\/wp-json\/wp\/v2\/media\/3637"}],"wp:attachment":[{"href":"https:\/\/chemicalstore.ee\/ru\/wp-json\/wp\/v2\/media?parent=3098"}],"wp:term":[{"taxonomy":"product_brand","embeddable":true,"href":"https:\/\/chemicalstore.ee\/ru\/wp-json\/wp\/v2\/product_brand?post=3098"},{"taxonomy":"product_cat","embeddable":true,"href":"https:\/\/chemicalstore.ee\/ru\/wp-json\/wp\/v2\/product_cat?post=3098"},{"taxonomy":"product_tag","embeddable":true,"href":"https:\/\/chemicalstore.ee\/ru\/wp-json\/wp\/v2\/product_tag?post=3098"}],"curies":[{"name":"wp","href":"https:\/\/api.w.org\/{rel}","templated":true}]}}