{"id":3097,"date":"2024-10-02T13:11:28","date_gmt":"2024-10-02T13:11:28","guid":{"rendered":"https:\/\/chemicalstore.ee\/toode\/pesuaine-doseerimis-topsik-measuring-cup-king-carthur\/"},"modified":"2024-11-04T19:22:41","modified_gmt":"2024-11-04T19:22:41","slug":"pesuaine-doseerimis-topsik-measuring-cup-king-carthur","status":"publish","type":"product","link":"https:\/\/chemicalstore.ee\/ru\/toode\/pesuaine-doseerimis-topsik-measuring-cup-king-carthur\/","title":{"rendered":"Pesuaine doseerimis topsik, Measuring Cup &#8211; King Carthur"},"content":{"rendered":"<p>King Carthur Measuring Cup on pesuaine v\u00f5i muu vedeliku m\u00f5\u00f5tmiseks ja doseerimiseks m\u00f5eldud m\u00f5\u00f5tetops, mis on varustatud lihtsalt kasutatava valamistilaga. Tops on valmistatud v\u00e4ga kemikaalikindlast silikoonist, t\u00e4nu millele saab seda mitmek\u00fclgselt kasutada erinevate pesuvahendite doseerimiseks: m\u00f5\u00f5dutops peab h\u00e4sti vastu ka lahustip\u00f5histele pesuvahenditele. Tassi maht on 150 ml ning elastse materjali t\u00f5ttu mahub see k\u00e4tte v\u00e4ga mugavalt. Olgu kasutaja peopesa suur v\u00f5i v\u00e4ike, selle tassi puhul ei pea keegi kartma, et see k\u00e4est libiseb, sest m\u00f5\u00f5tetopsi peopesapoolne k\u00fclg on kujundatud kuusnurkse v\u00f5rguga, et tagada kindel haare. Piimaklaasi v\u00e4rvi tassist on lihtne l\u00e4bi n\u00e4ha, mist\u00f5ttu on doseeritud aine kogust visuaalselt lihtne j\u00e4lgida. T\u00e4psemaks doseerimiseks on tassi k\u00fcljel m\u00f5\u00f5teskaala, mis v\u00f5imaldab vedelikku millimeetrini m\u00f5\u00f5ta. M\u00f5\u00f5tetopsi on p\u00e4rast kasutamist lihtne sooja veega pesta.<\/p>\n","protected":false},"excerpt":{"rendered":"<p>King CarthurV\u00e4ga mugav kallatustila ja m\u00f5\u00f5teskaalaga m\u00f5\u00f5tetops, mis on m\u00f5eldud pesuvahendite doseerimiseks. Tass on valmistatud v\u00e4ga kemikaalikindlast silikoonist.<\/p>\n","protected":false},"featured_media":3632,"comment_status":"closed","ping_status":"open","template":"","meta":{"_monsterinsights_skip_tracking":false,"_monsterinsights_sitenote_active":false,"_monsterinsights_sitenote_note":"","_monsterinsights_sitenote_category":0},"product_brand":[],"product_cat":[46],"product_tag":[],"class_list":{"0":"post-3097","1":"product","2":"type-product","3":"status-publish","4":"has-post-thumbnail","6":"product_cat-autohooldus-muu","7":"pa_brand-king-carthur","8":"pa_mahutavus-150ml","9":"pa_uhiku-hind-7-90e-tk","11":"first","12":"onbackorder","13":"taxable","14":"shipping-taxable","15":"purchasable","16":"product-type-simple"},"_links":{"self":[{"href":"https:\/\/chemicalstore.ee\/ru\/wp-json\/wp\/v2\/product\/3097","targetHints":{"allow":["GET"]}}],"collection":[{"href":"https:\/\/chemicalstore.ee\/ru\/wp-json\/wp\/v2\/product"}],"about":[{"href":"https:\/\/chemicalstore.ee\/ru\/wp-json\/wp\/v2\/types\/product"}],"replies":[{"embeddable":true,"href":"https:\/\/chemicalstore.ee\/ru\/wp-json\/wp\/v2\/comments?post=3097"}],"wp:featuredmedia":[{"embeddable":true,"href":"https:\/\/chemicalstore.ee\/ru\/wp-json\/wp\/v2\/media\/3632"}],"wp:attachment":[{"href":"https:\/\/chemicalstore.ee\/ru\/wp-json\/wp\/v2\/media?parent=3097"}],"wp:term":[{"taxonomy":"product_brand","embeddable":true,"href":"https:\/\/chemicalstore.ee\/ru\/wp-json\/wp\/v2\/product_brand?post=3097"},{"taxonomy":"product_cat","embeddable":true,"href":"https:\/\/chemicalstore.ee\/ru\/wp-json\/wp\/v2\/product_cat?post=3097"},{"taxonomy":"product_tag","embeddable":true,"href":"https:\/\/chemicalstore.ee\/ru\/wp-json\/wp\/v2\/product_tag?post=3097"}],"curies":[{"name":"wp","href":"https:\/\/api.w.org\/{rel}","templated":true}]}}