{"id":3096,"date":"2024-10-02T13:11:28","date_gmt":"2024-10-02T13:11:28","guid":{"rendered":"https:\/\/chemicalstore.ee\/toode\/puhastusaine-pure-exterior-cleaner-1000ml\/"},"modified":"2024-10-02T13:11:32","modified_gmt":"2024-10-02T13:11:32","slug":"puhastusaine-pure-exterior-cleaner-1000ml","status":"publish","type":"product","link":"https:\/\/chemicalstore.ee\/ru\/toode\/puhastusaine-pure-exterior-cleaner-1000ml\/","title":{"rendered":"Puhastusaine, PURE Exterior Cleaner &#8211; 1000ml"},"content":{"rendered":"<p>King Carthur PURE Exterior Cleaner on \u00e4\u00e4rmiselt t\u00f5hus, v\u00e4ga mitmek\u00fclgne ja piisav puhastusvahend, mis sobib k\u00f5ikidele v\u00e4rvitud v\u00e4lispindadele. See on v\u00e4lja t\u00f6\u00f6tatud k\u00f5ige raskema ja t\u00f5rksama mustuse eemaldamiseks, seega sobib see suurep\u00e4raselt olukordadeks, kus on vaja maksimaalset puhastusv\u00f5imsust. PURE Exterior Cleaner lagundab igasuguse mustuse ning see toimib nii eelpesurina kui ka putukate eemaldamiseks, mootoriruumi puhastamiseks ja v\u00e4iksemate alade, n\u00e4iteks k\u00fctuseluugi, t\u00e4pseks puhastamiseks. Aine lahustab t\u00f5husalt nii orgaanilist kui ka rasva- ja \u00f5lip\u00f5hist mustust ning seda saab kasutada isegi vana vahakihi eemaldamiseks! Pesuv\u00f5imsuselt piisab ainest ka kontaktivabaks pesuks, kuid vajadusel saab selle toimet tugevdada pinnale sobiva pintsliga. Ainet saab kasutada nii sprei- ja pumppudelites kui ka survepesuriga \u00fchendatud vahustajas!<\/p>\n","protected":false},"excerpt":{"rendered":"<p>King CarthurV\u00e4ga t\u00f5hus ja mitmeotstarbeline lahjendatav lahustiga pesuaine auto v\u00e4lispindade puhastamiseks. Suurep\u00e4rane nt vaha- v\u00f5i poleerimisj\u00e4\u00e4kide eemaldamiseks ja detailide puhastamiseks. Ka professionaalseks kasutamiseks!<\/p>\n","protected":false},"featured_media":3627,"comment_status":"closed","ping_status":"open","template":"","meta":{"_monsterinsights_skip_tracking":false,"_monsterinsights_sitenote_active":false,"_monsterinsights_sitenote_note":"","_monsterinsights_sitenote_category":0},"product_brand":[],"product_cat":[35],"product_tag":[],"class_list":{"0":"post-3096","1":"product","2":"type-product","3":"status-publish","4":"has-post-thumbnail","6":"product_cat-puhastusvahendid-autohooldustooted","7":"pa_brand-king-carthur","8":"pa_kasutusotstarve-valispindade-puhastamine-koige-torksamate-plekkide-eemaldamine","9":"pa_lahjendussuhe-16-110","10":"pa_uhiku-hind-19-90e-l","12":"first","13":"onbackorder","14":"taxable","15":"shipping-taxable","16":"purchasable","17":"product-type-simple"},"_links":{"self":[{"href":"https:\/\/chemicalstore.ee\/ru\/wp-json\/wp\/v2\/product\/3096","targetHints":{"allow":["GET"]}}],"collection":[{"href":"https:\/\/chemicalstore.ee\/ru\/wp-json\/wp\/v2\/product"}],"about":[{"href":"https:\/\/chemicalstore.ee\/ru\/wp-json\/wp\/v2\/types\/product"}],"replies":[{"embeddable":true,"href":"https:\/\/chemicalstore.ee\/ru\/wp-json\/wp\/v2\/comments?post=3096"}],"wp:featuredmedia":[{"embeddable":true,"href":"https:\/\/chemicalstore.ee\/ru\/wp-json\/wp\/v2\/media\/3627"}],"wp:attachment":[{"href":"https:\/\/chemicalstore.ee\/ru\/wp-json\/wp\/v2\/media?parent=3096"}],"wp:term":[{"taxonomy":"product_brand","embeddable":true,"href":"https:\/\/chemicalstore.ee\/ru\/wp-json\/wp\/v2\/product_brand?post=3096"},{"taxonomy":"product_cat","embeddable":true,"href":"https:\/\/chemicalstore.ee\/ru\/wp-json\/wp\/v2\/product_cat?post=3096"},{"taxonomy":"product_tag","embeddable":true,"href":"https:\/\/chemicalstore.ee\/ru\/wp-json\/wp\/v2\/product_tag?post=3096"}],"curies":[{"name":"wp","href":"https:\/\/api.w.org\/{rel}","templated":true}]}}