{"id":3094,"date":"2024-10-02T13:11:28","date_gmt":"2024-10-02T13:11:28","guid":{"rendered":"https:\/\/chemicalstore.ee\/toode\/puhastusaine-quick-detailer-spot-remover-500ml\/"},"modified":"2025-08-11T13:48:30","modified_gmt":"2025-08-11T13:48:30","slug":"puhastusaine-quick-detailer-spot-remover-500ml","status":"publish","type":"product","link":"https:\/\/chemicalstore.ee\/ru\/toode\/puhastusaine-quick-detailer-spot-remover-500ml\/","title":{"rendered":"Puhastusaine, Quick Detailer + Spot Remover &#8211; 500ml"},"content":{"rendered":"<p>King Carthur Quick Detailer + Spot Remover on kombineeritud kiirdetail- ja plekieemaldaja, mis on m\u00f5eldud autode v\u00e4lispindade viimistlemiseks ja kergeks puhastamiseks. Aine on oma parimal tasemel n\u00e4iteks auton\u00e4itustel, kus tuleb pinnalt p\u00fchkida kerge tolm ja s\u00f5rmej\u00e4ljed ning tuua esile k\u00f5ige v\u00e4rskem s\u00e4ra. QD + Spot Remover toimib nii paljal pinnal kui ka juba paigaldatud kaitsetoote (vaha v\u00f5i kate) peal, pakkudes pinnale t\u00e4iendavat kaitset ning parandades pinna l\u00e4iget ja t\u00f5rjuvust. Nii saab juba veidi v\u00e4sinud kaitsetoote elustada ja uuesti t\u00f6\u00f6le. Lisaks, nagu nimigi \u00fctleb, eemaldab aine pinnalt v\u00e4ikesed plekid ning t\u00e4nu spetsiaalsetele koostisainetele eemaldab isegi kerged katlakivij\u00e4\u00e4gid ja veepiiskade kuivamisj\u00e4ljed (nn veelaigud)! M\u00f5nus vanilje ja karamelli l\u00f5hn teeb t\u00f6\u00f6tamise mugavaks!<\/p>\n","protected":false},"excerpt":{"rendered":"<p>King CarthurV\u00e4ga lihtsalt kasutatav aine, mis mitte ainult ei elusta selle all olevat vahapinda, vaid eemaldab ka tolmu ja s\u00f5rmej\u00e4ljed ning kerged katlakivij\u00e4\u00e4gid ja veeplekid!<\/p>\n","protected":false},"featured_media":3617,"comment_status":"closed","ping_status":"open","template":"","meta":{"_monsterinsights_skip_tracking":false,"_monsterinsights_sitenote_active":false,"_monsterinsights_sitenote_note":"","_monsterinsights_sitenote_category":0},"product_brand":[],"product_cat":[35],"product_tag":[],"class_list":{"0":"post-3094","1":"product","2":"type-product","3":"status-publish","4":"has-post-thumbnail","6":"product_cat-puhastusvahendid-autohooldustooted","7":"pa_brand-king-carthur","8":"pa_kasutusotstarve-kaitsevahendi-taaselustamine-pinnal-pinna-kerge-puhastamine","9":"pa_pakend-kaitsekorgiga-plastpudel-kaasas-pihusti","10":"pa_uhiku-hind-33-80e-l","12":"first","13":"onbackorder","14":"taxable","15":"shipping-taxable","16":"purchasable","17":"product-type-simple"},"_links":{"self":[{"href":"https:\/\/chemicalstore.ee\/ru\/wp-json\/wp\/v2\/product\/3094","targetHints":{"allow":["GET"]}}],"collection":[{"href":"https:\/\/chemicalstore.ee\/ru\/wp-json\/wp\/v2\/product"}],"about":[{"href":"https:\/\/chemicalstore.ee\/ru\/wp-json\/wp\/v2\/types\/product"}],"replies":[{"embeddable":true,"href":"https:\/\/chemicalstore.ee\/ru\/wp-json\/wp\/v2\/comments?post=3094"}],"wp:featuredmedia":[{"embeddable":true,"href":"https:\/\/chemicalstore.ee\/ru\/wp-json\/wp\/v2\/media\/3617"}],"wp:attachment":[{"href":"https:\/\/chemicalstore.ee\/ru\/wp-json\/wp\/v2\/media?parent=3094"}],"wp:term":[{"taxonomy":"product_brand","embeddable":true,"href":"https:\/\/chemicalstore.ee\/ru\/wp-json\/wp\/v2\/product_brand?post=3094"},{"taxonomy":"product_cat","embeddable":true,"href":"https:\/\/chemicalstore.ee\/ru\/wp-json\/wp\/v2\/product_cat?post=3094"},{"taxonomy":"product_tag","embeddable":true,"href":"https:\/\/chemicalstore.ee\/ru\/wp-json\/wp\/v2\/product_tag?post=3094"}],"curies":[{"name":"wp","href":"https:\/\/api.w.org\/{rel}","templated":true}]}}