{"id":3093,"date":"2024-10-02T13:11:28","date_gmt":"2024-10-02T13:11:28","guid":{"rendered":"https:\/\/chemicalstore.ee\/toode\/viimistlusaine-final-cleaner-500ml\/"},"modified":"2025-07-01T08:14:34","modified_gmt":"2025-07-01T08:14:34","slug":"viimistlusaine-final-cleaner-500ml","status":"publish","type":"product","link":"https:\/\/chemicalstore.ee\/ru\/toode\/viimistlusaine-final-cleaner-500ml\/","title":{"rendered":"Viimistlusaine, Final Cleaner &#8211; 500ml"},"content":{"rendered":"<p>King Carthur Final Cleaner on \u00fclit\u00f5hus s\u00fcsivesinike baasil viimistluspuhastusvahend, mis on m\u00f5eldud l\u00f5plikuks puhastamiseks enne vahatamist,keraamilise kaitse katmist v\u00f5i teipimist. Aine eemaldab pinnalt kogu mustuse, alates vanadest vahadest kuni pesuaine j\u00e4\u00e4kide ja poleerimispastadeni. Lisaks hambub see suurep\u00e4raselt ka rasva ja \u00f5li sisse, tagades ideaalselt puhta pinna ja maksimaalse nakkuvuse pinnale tulevale kaitsevahendile. Final Cleaner on efektiivne ka liimij\u00e4\u00e4kide puhul ja sobib seet\u00f5ttu ka vanadelt teipidelt liimiplekkide eemaldamiseks. Absoluutne toode eduka kaitse tagamiseks!<\/p>\n","protected":false},"excerpt":{"rendered":"<p>King CarthurV\u00e4ga t\u00f5hus, kauakestev alkoholivaba viimistluspuhastusvahend poleerimisj\u00e4\u00e4kide ja rasva eemaldamiseks enne keraamika katmist v\u00f5i vahatamist. Eemaldab ka teipidelt liimij\u00e4\u00e4gid!<\/p>\n","protected":false},"featured_media":3610,"comment_status":"closed","ping_status":"open","template":"","meta":{"_monsterinsights_skip_tracking":false,"_monsterinsights_sitenote_active":false,"_monsterinsights_sitenote_note":"","_monsterinsights_sitenote_category":0},"product_brand":[],"product_cat":[35],"product_tag":[],"class_list":{"0":"post-3093","1":"product","2":"type-product","3":"status-publish","4":"has-post-thumbnail","6":"product_cat-puhastusvahendid-autohooldustooted","7":"pa_brand-king-carthur","8":"pa_kasutusotstarve-pindade-puhastamine-enne-kaitse-paigaldamist","9":"pa_pakend-kaitsekorgiga-plastpudel-kaasas-pihusti","10":"pa_uhiku-hind-33-80e-l","12":"first","13":"onbackorder","14":"taxable","15":"shipping-taxable","16":"purchasable","17":"product-type-simple"},"_links":{"self":[{"href":"https:\/\/chemicalstore.ee\/ru\/wp-json\/wp\/v2\/product\/3093","targetHints":{"allow":["GET"]}}],"collection":[{"href":"https:\/\/chemicalstore.ee\/ru\/wp-json\/wp\/v2\/product"}],"about":[{"href":"https:\/\/chemicalstore.ee\/ru\/wp-json\/wp\/v2\/types\/product"}],"replies":[{"embeddable":true,"href":"https:\/\/chemicalstore.ee\/ru\/wp-json\/wp\/v2\/comments?post=3093"}],"wp:featuredmedia":[{"embeddable":true,"href":"https:\/\/chemicalstore.ee\/ru\/wp-json\/wp\/v2\/media\/3610"}],"wp:attachment":[{"href":"https:\/\/chemicalstore.ee\/ru\/wp-json\/wp\/v2\/media?parent=3093"}],"wp:term":[{"taxonomy":"product_brand","embeddable":true,"href":"https:\/\/chemicalstore.ee\/ru\/wp-json\/wp\/v2\/product_brand?post=3093"},{"taxonomy":"product_cat","embeddable":true,"href":"https:\/\/chemicalstore.ee\/ru\/wp-json\/wp\/v2\/product_cat?post=3093"},{"taxonomy":"product_tag","embeddable":true,"href":"https:\/\/chemicalstore.ee\/ru\/wp-json\/wp\/v2\/product_tag?post=3093"}],"curies":[{"name":"wp","href":"https:\/\/api.w.org\/{rel}","templated":true}]}}