{"id":3092,"date":"2024-10-02T13:11:28","date_gmt":"2024-10-02T13:11:28","guid":{"rendered":"https:\/\/chemicalstore.ee\/toode\/rehvipuhastus-aine-duty-apc-tire-cleaner-500ml\/"},"modified":"2024-10-02T13:11:29","modified_gmt":"2024-10-02T13:11:29","slug":"rehvipuhastus-aine-duty-apc-tire-cleaner-500ml","status":"publish","type":"product","link":"https:\/\/chemicalstore.ee\/ru\/toode\/rehvipuhastus-aine-duty-apc-tire-cleaner-500ml\/","title":{"rendered":"Rehvipuhastus aine, Duty APC &#038; Tire Cleaner &#8211; 500ml"},"content":{"rendered":"<p>King Carthur Heavy Duty APC &#038; Tire Cleaner on t\u00f5hus kasutusvalmis puhastusvahend, mis sobib suurep\u00e4raselt nii regulaarseks kasutamiseks kui ka p\u00f5hjalikumaks puhastamiseks. Aine on spetsiaalselt v\u00e4lja t\u00f6\u00f6tatud rehvi k\u00fclgede, koobaste  mootoriruumi, \u0161assii ja muude raskete, eriti m\u00e4\u00e4rdunud kohtade puhastamiseks. See sobib suurep\u00e4raselt ka pesemiseks enne rehvide l\u00e4igestit. HD APC &#038; Tire Cleaner eemaldab t\u00f5husalt t\u00f5rksa mustuse, rasva ja isegi vanad rehvil\u00e4ikevahendid, j\u00e4ttes pinna t\u00e4iesti puhtaks ilma l\u00e4iketa ning annab seega kattele v\u00f5i uuele kaitsevahendile optimaalse pinna, millele nakkuda! Sobib k\u00f5ikidele autode v\u00e4lispindadele ja igat t\u00fc\u00fcpi rehvidele, sealhulgas klassikalistele valgetele k\u00fclgrehvidele. Ei riku velge ega sellel olevat katet, kuid sobib kasutamiseks ka \u00fcldise velgede puhastusvahendina seoses hoolduspesudega. Absoluutne toode eduka kaitse tagamiseks! Biolagunev.<\/p>\n","protected":false},"excerpt":{"rendered":"<p>King CarthurV\u00e4ga t\u00f5hus, kasutusvalmis puhastusvahend rehvidele, koobastele, \u0161assiile, mootoriruumile jne. Eemaldab t\u00f5rksa mustuse, rasva ja isegi vanad rehvil\u00e4igestajad!<\/p>\n","protected":false},"featured_media":3603,"comment_status":"closed","ping_status":"open","template":"","meta":{"_monsterinsights_skip_tracking":false,"_monsterinsights_sitenote_active":false,"_monsterinsights_sitenote_note":"","_monsterinsights_sitenote_category":0},"product_brand":[],"product_cat":[35],"product_tag":[],"class_list":{"0":"post-3092","1":"product","2":"type-product","3":"status-publish","4":"has-post-thumbnail","6":"product_cat-puhastusvahendid-autohooldustooted","7":"pa_brand-king-carthur","8":"pa_kasutusotstarve-rehvide-kuljed-veljed-ja-muud-raskesti-maarduvad-kohad","9":"pa_lohn-lavendel","10":"pa_uhiku-hind-29-80e-l","12":"first","13":"onbackorder","14":"taxable","15":"shipping-taxable","16":"purchasable","17":"product-type-simple"},"_links":{"self":[{"href":"https:\/\/chemicalstore.ee\/ru\/wp-json\/wp\/v2\/product\/3092","targetHints":{"allow":["GET"]}}],"collection":[{"href":"https:\/\/chemicalstore.ee\/ru\/wp-json\/wp\/v2\/product"}],"about":[{"href":"https:\/\/chemicalstore.ee\/ru\/wp-json\/wp\/v2\/types\/product"}],"replies":[{"embeddable":true,"href":"https:\/\/chemicalstore.ee\/ru\/wp-json\/wp\/v2\/comments?post=3092"}],"wp:featuredmedia":[{"embeddable":true,"href":"https:\/\/chemicalstore.ee\/ru\/wp-json\/wp\/v2\/media\/3603"}],"wp:attachment":[{"href":"https:\/\/chemicalstore.ee\/ru\/wp-json\/wp\/v2\/media?parent=3092"}],"wp:term":[{"taxonomy":"product_brand","embeddable":true,"href":"https:\/\/chemicalstore.ee\/ru\/wp-json\/wp\/v2\/product_brand?post=3092"},{"taxonomy":"product_cat","embeddable":true,"href":"https:\/\/chemicalstore.ee\/ru\/wp-json\/wp\/v2\/product_cat?post=3092"},{"taxonomy":"product_tag","embeddable":true,"href":"https:\/\/chemicalstore.ee\/ru\/wp-json\/wp\/v2\/product_tag?post=3092"}],"curies":[{"name":"wp","href":"https:\/\/api.w.org\/{rel}","templated":true}]}}