{"id":3091,"date":"2024-10-02T13:11:28","date_gmt":"2024-10-02T13:11:28","guid":{"rendered":"https:\/\/chemicalstore.ee\/toode\/uldpuhastusaine-pure-apc-1000ml\/"},"modified":"2024-10-02T13:11:29","modified_gmt":"2024-10-02T13:11:29","slug":"uldpuhastusaine-pure-apc-1000ml","status":"publish","type":"product","link":"https:\/\/chemicalstore.ee\/ru\/toode\/uldpuhastusaine-pure-apc-1000ml\/","title":{"rendered":"\u00dcldpuhastusaine, PURE APC &#8211; 1000ml"},"content":{"rendered":"<p>King Carthur PURE APC on t\u00f5hus, v\u00e4ga piisav ja mitmeotstarbeline \u00fcldpuhastusvahend, mis sobib auto sise- ja v\u00e4lispindade, aga ka n\u00e4iteks mootoriruumi puhastamiseks. Lisaks autodele sobib aine suurep\u00e4raselt mootorrataste, haagissuvilate ja s\u00f5iduautode, haagiste ja rasketehnika pindade puhastamiseks. PURE APC sobib k\u00f5ikidele pehmetele ja k\u00f5vadele pindadele ning see puhastab pinnad kiiresti ja vaevata, j\u00e4tmata maha kleepuvust v\u00f5i l\u00e4iget. Aine m\u00f5jub t\u00f5husalt igat t\u00fc\u00fcpi mustusele, nagu \u00f5li- ja rasvalekked masinaruumis, siseplekid ja mitmesugused v\u00e4rvipinnal leiduvad rasked mustuseplekid. T\u00e4nu oma k\u00fcllaltki lahjendatavale koostisele on aine ohutu praktiliselt k\u00f5ikidele pindadele ning sobib lisaks v\u00e4rvipinnale ka nt sise- ja v\u00e4lisplastikale, kangapindadele, klaasile ja isegi nahale. Mahedam segu tundlikele pindadele ja kergesti m\u00e4\u00e4rduvale, tugevam segu kangema, nt \u00f5lise mustuse puhastamiseks. \u00dches pudelis on kuni 11 liitrit valmis puhastusvahendit! PURE APC on professionaalsel tasemel \u00fcldpuhastusvahend, mis on turvaline ja kulut\u00f5hus valik nii tavalistele autopesijatele kui ka kogenud professionaalidele! Biolagunev, ei sisalda keskkonnale kahjulikke lisandeid.<\/p>\n","protected":false},"excerpt":{"rendered":"<p>King CarthurV\u00e4ga t\u00f5hus, mitmeotstarbeline pesuainekontsentraat, mis sobib nii sise- ja v\u00e4lispindade kui ka nt mootoriruumi puhastamiseks. Kulus\u00e4\u00e4stlik, ka professionaalseks kasutamiseks.<\/p>\n","protected":false},"featured_media":3599,"comment_status":"closed","ping_status":"open","template":"","meta":{"_monsterinsights_skip_tracking":false,"_monsterinsights_sitenote_active":false,"_monsterinsights_sitenote_note":"","_monsterinsights_sitenote_category":0},"product_brand":[],"product_cat":[35],"product_tag":[],"class_list":{"0":"post-3091","1":"product","2":"type-product","3":"status-publish","4":"has-post-thumbnail","6":"product_cat-puhastusvahendid-autohooldustooted","7":"pa_brand-king-carthur","8":"pa_kasutusotstarve-soiduki-sise-ja-valispindade-puhastamine","9":"pa_lahjendussuhe-11-kuni-110","10":"pa_uhiku-hind-34-90e-l","12":"first","13":"onbackorder","14":"taxable","15":"shipping-taxable","16":"purchasable","17":"product-type-simple"},"_links":{"self":[{"href":"https:\/\/chemicalstore.ee\/ru\/wp-json\/wp\/v2\/product\/3091","targetHints":{"allow":["GET"]}}],"collection":[{"href":"https:\/\/chemicalstore.ee\/ru\/wp-json\/wp\/v2\/product"}],"about":[{"href":"https:\/\/chemicalstore.ee\/ru\/wp-json\/wp\/v2\/types\/product"}],"replies":[{"embeddable":true,"href":"https:\/\/chemicalstore.ee\/ru\/wp-json\/wp\/v2\/comments?post=3091"}],"wp:featuredmedia":[{"embeddable":true,"href":"https:\/\/chemicalstore.ee\/ru\/wp-json\/wp\/v2\/media\/3599"}],"wp:attachment":[{"href":"https:\/\/chemicalstore.ee\/ru\/wp-json\/wp\/v2\/media?parent=3091"}],"wp:term":[{"taxonomy":"product_brand","embeddable":true,"href":"https:\/\/chemicalstore.ee\/ru\/wp-json\/wp\/v2\/product_brand?post=3091"},{"taxonomy":"product_cat","embeddable":true,"href":"https:\/\/chemicalstore.ee\/ru\/wp-json\/wp\/v2\/product_cat?post=3091"},{"taxonomy":"product_tag","embeddable":true,"href":"https:\/\/chemicalstore.ee\/ru\/wp-json\/wp\/v2\/product_tag?post=3091"}],"curies":[{"name":"wp","href":"https:\/\/api.w.org\/{rel}","templated":true}]}}