{"id":3090,"date":"2024-10-02T13:11:12","date_gmt":"2024-10-02T13:11:12","guid":{"rendered":"https:\/\/chemicalstore.ee\/toode\/klaasipuhastus-lapp-purple-view-king-carthur\/"},"modified":"2025-08-11T13:48:30","modified_gmt":"2025-08-11T13:48:30","slug":"klaasipuhastus-lapp-purple-view-king-carthur","status":"publish","type":"product","link":"https:\/\/chemicalstore.ee\/ru\/toode\/klaasipuhastus-lapp-purple-view-king-carthur\/","title":{"rendered":"Klaasipuhastus lapp, Purple View &#8211; King Carthur"},"content":{"rendered":"<p>King Carthur Purple View on tippkvaliteetne ebemevaba klaaslapp, mis toimib suurep\u00e4raselt eelk\u00f5ige klaasi l\u00f5plikuks poleerimiseks kahe lapiga tehnikas klaasi pesemisel. Isegi parim klaasipuhastusvahend ei t\u00f6\u00f6ta ilma korraliku lapita, mis eemaldab pinnalt mustuse. Purple View ebemevaba struktuur v\u00f5imaldab klaaspinda t\u00f5husalt puhastada ka t\u00f5rksa mustuse eest ning tagab triipudevaba l\u00f5pptulemuse. Lapp sobib lisaks autoakende seest ja v\u00e4ljast ka peeglitele ning sobib suurep\u00e4raselt ka kodus klaaspindade puhastamiseks. Erakordselt suur suurus (50 x 50 cm) ja kaal 350 g\/m\u00b2 tagavad lapi imavuse ka igap\u00e4evasel professionaalsel kasutamisel.<\/p>\n","protected":false},"excerpt":{"rendered":"<p>King CarthurKiuvaba, suurem\u00f5\u00f5tmeline (50 x 50 cm) mikrokiudlapp klaaspindade puhastamiseks ja l\u00f5plikuks poleerimiseks. Puhastab pinna t\u00f5husalt, j\u00e4tab triipudevaba tulemuse!<\/p>\n","protected":false},"featured_media":3593,"comment_status":"closed","ping_status":"open","template":"","meta":{"_monsterinsights_skip_tracking":false,"_monsterinsights_sitenote_active":false,"_monsterinsights_sitenote_note":"","_monsterinsights_sitenote_category":0},"product_brand":[],"product_cat":[35],"product_tag":[],"class_list":{"0":"post-3090","1":"product","2":"type-product","3":"status-publish","4":"has-post-thumbnail","6":"product_cat-puhastusvahendid-autohooldustooted","7":"pa_brand-king-carthur","8":"pa_kasutusotstarve-auto-klaaspindade-puhastamine","9":"pa_moodud-50-x-50-cm","10":"pa_uhiku-hind-9-90e-tk","12":"first","13":"onbackorder","14":"taxable","15":"shipping-taxable","16":"purchasable","17":"product-type-simple"},"_links":{"self":[{"href":"https:\/\/chemicalstore.ee\/ru\/wp-json\/wp\/v2\/product\/3090","targetHints":{"allow":["GET"]}}],"collection":[{"href":"https:\/\/chemicalstore.ee\/ru\/wp-json\/wp\/v2\/product"}],"about":[{"href":"https:\/\/chemicalstore.ee\/ru\/wp-json\/wp\/v2\/types\/product"}],"replies":[{"embeddable":true,"href":"https:\/\/chemicalstore.ee\/ru\/wp-json\/wp\/v2\/comments?post=3090"}],"wp:featuredmedia":[{"embeddable":true,"href":"https:\/\/chemicalstore.ee\/ru\/wp-json\/wp\/v2\/media\/3593"}],"wp:attachment":[{"href":"https:\/\/chemicalstore.ee\/ru\/wp-json\/wp\/v2\/media?parent=3090"}],"wp:term":[{"taxonomy":"product_brand","embeddable":true,"href":"https:\/\/chemicalstore.ee\/ru\/wp-json\/wp\/v2\/product_brand?post=3090"},{"taxonomy":"product_cat","embeddable":true,"href":"https:\/\/chemicalstore.ee\/ru\/wp-json\/wp\/v2\/product_cat?post=3090"},{"taxonomy":"product_tag","embeddable":true,"href":"https:\/\/chemicalstore.ee\/ru\/wp-json\/wp\/v2\/product_tag?post=3090"}],"curies":[{"name":"wp","href":"https:\/\/api.w.org\/{rel}","templated":true}]}}