{"id":3087,"date":"2024-10-02T13:11:12","date_gmt":"2024-10-02T13:11:12","guid":{"rendered":"https:\/\/chemicalstore.ee\/toode\/ohuvarskendaja-jasmiin-king-carthur\/"},"modified":"2024-10-02T13:11:23","modified_gmt":"2024-10-02T13:11:23","slug":"ohuvarskendajaair-freshenerjasmiin-king-carthur","status":"publish","type":"product","link":"https:\/\/chemicalstore.ee\/ru\/toode\/ohuvarskendajaair-freshenerjasmiin-king-carthur\/","title":{"rendered":"\u00d5huv\u00e4rskendaja,Air Freshener,Jasmiin &#8211; King Carthur"},"content":{"rendered":"<p>King Carthuri \u00f5huv\u00e4rskendaja on stiilne krooni- v\u00f5i pudelikujuliselt l\u00f5igatud papist \u00f5huv\u00e4rskendaja, mis hoiab auto sisemuse meeldivalt l\u00f5hnavana ja v\u00e4rskena. Saadaval l\u00f5hnaained: lavendel, jasmiin, New Car ja v\u00e4rske mango. Valmisseotud kummist aas riputamiseks.<\/p>\n","protected":false},"excerpt":{"rendered":"<p>King CarthurElegantselt krooni- v\u00f5i pudelikujuliselt l\u00f5igatud \u00f5huv\u00e4rskendaja, mis hoiab sisemuse m\u00f5nusalt v\u00e4rskena. Saadaval nelja erineva l\u00f5hnaga!<\/p>\n","protected":false},"featured_media":3589,"comment_status":"closed","ping_status":"open","template":"","meta":{"_monsterinsights_skip_tracking":false,"_monsterinsights_sitenote_active":false,"_monsterinsights_sitenote_note":"","_monsterinsights_sitenote_category":0},"product_brand":[],"product_cat":[130],"product_tag":[],"class_list":{"0":"post-3087","1":"product","2":"type-product","3":"status-publish","4":"has-post-thumbnail","6":"product_cat-interjoor","7":"pa_brand-king-carthur","8":"pa_lohnad-lavendel-jasmiin-uus-auto-varske-mango","9":"pa_uhiku-hind-2-90e-tk","11":"first","12":"onbackorder","13":"taxable","14":"shipping-taxable","15":"purchasable","16":"product-type-simple"},"_links":{"self":[{"href":"https:\/\/chemicalstore.ee\/ru\/wp-json\/wp\/v2\/product\/3087","targetHints":{"allow":["GET"]}}],"collection":[{"href":"https:\/\/chemicalstore.ee\/ru\/wp-json\/wp\/v2\/product"}],"about":[{"href":"https:\/\/chemicalstore.ee\/ru\/wp-json\/wp\/v2\/types\/product"}],"replies":[{"embeddable":true,"href":"https:\/\/chemicalstore.ee\/ru\/wp-json\/wp\/v2\/comments?post=3087"}],"wp:featuredmedia":[{"embeddable":true,"href":"https:\/\/chemicalstore.ee\/ru\/wp-json\/wp\/v2\/media\/3589"}],"wp:attachment":[{"href":"https:\/\/chemicalstore.ee\/ru\/wp-json\/wp\/v2\/media?parent=3087"}],"wp:term":[{"taxonomy":"product_brand","embeddable":true,"href":"https:\/\/chemicalstore.ee\/ru\/wp-json\/wp\/v2\/product_brand?post=3087"},{"taxonomy":"product_cat","embeddable":true,"href":"https:\/\/chemicalstore.ee\/ru\/wp-json\/wp\/v2\/product_cat?post=3087"},{"taxonomy":"product_tag","embeddable":true,"href":"https:\/\/chemicalstore.ee\/ru\/wp-json\/wp\/v2\/product_tag?post=3087"}],"curies":[{"name":"wp","href":"https:\/\/api.w.org\/{rel}","templated":true}]}}