{"id":3086,"date":"2024-10-02T13:11:12","date_gmt":"2024-10-02T13:11:12","guid":{"rendered":"https:\/\/chemicalstore.ee\/toode\/rauaeemaldusaine-iron-remover-5000ml\/"},"modified":"2024-10-02T13:11:23","modified_gmt":"2024-10-02T13:11:23","slug":"rauaeemaldusaine-iron-remover-5000ml","status":"publish","type":"product","link":"https:\/\/chemicalstore.ee\/ru\/toode\/rauaeemaldusaine-iron-remover-5000ml\/","title":{"rendered":"Rauaeemaldusaine, Iron Remover &#8211; 5000ml"},"content":{"rendered":"<p>King Carthur Iron Remover on kiiretoimeline ja t\u00f5hus, kuid samas \u00f5rn \u00fchendatud rauaeemaldus- ja veljepesuvahend. Aine eemaldab kogu rauap\u00f5hise mustuse alates piduritolmust kuni pinnale tunginud metalliosakesteni kiiresti ja t\u00f5husalt nii velgedelt kui ka v\u00e4rvipinnalt. Vahapinna vastupidavuse p\u00e4rast ei ole vaja muretseda, kuna aine on t\u00e4ielikult vahaturvaline. Rauaga reageerivate koostisosade lisaks sisaldab see t\u00f5husaid pesemisaineid, mis v\u00f5imaldavad eemaldada ka v\u00e4ga kinnitunud mustuse velgedelt piduritolmuga \u00fche korraga. King Carthur Iron Remover sobib rauaeemalduseks nii velgedelt kui v\u00e4rvipinnalt. Iron Removeri koostis j\u00e4\u00e4b t\u00e4pselt vedela ja geelja koostise vahele. Nii saab \u00e4ra kasutada m\u00f5lema parimad omadused: aine on vedelike ainetena kergesti levitatav pihustuspudeliga, kuid kergelt geeljas koostis v\u00f5imaldab pikemat toimeaega ilma, et aine pinnale kuivaks. Pikema toimeajaga saavutatakse parem pesutulemus eriti tugevalt kinnitunud mustuse (n\u00e4iteks k\u00f5rbenud piduritolm v\u00f5i suured rauaosakesed) eemaldamisel, kuna paksu mustusekihi l\u00e4bistamine v\u00f5tab aega. Vedelate rauaeemaldusainete puhul on oht, et aine kuivab pinnale enne s\u00fcgavamat toimet.<\/p>\n","protected":false},"excerpt":{"rendered":"<p>King CarthurKing Carthur Iron Remover on kiiretoimeline ja t\u00f5hus, kuid samas \u00f5rn \u00fchendatud rauaeemaldus- ja veljepesuvahend. Aine eemaldab kogu rauap\u00f5hise mustuse alates piduritolmust kuni pinnale tunginud metalliosakesteni kiiresti ja t\u00f5husalt nii velgedelt kui ka v\u00e4rvipinnalt. Vahapinna vastupidavuse p\u00e4rast ei ole vaja muretseda, kuna aine on t\u00e4ielikult vahaturvaline. Rauaga reageerivate koostisosade lisaks sisaldab see t\u00f5husaid pesemisaineid, mis v\u00f5imaldavad eemaldada ka v\u00e4ga kinnitunud mustuse velgedelt piduritolmuga \u00fche korraga. King Carthur Iron Remover sobib rauaeemalduseks nii velgedelt kui v\u00e4rvipinnalt. Iron Removeri koostis j\u00e4\u00e4b t\u00e4pselt vedela ja geelja koostise vahele. Nii saab \u00e4ra kasutada m\u00f5lema parimad omadused: aine on vedelike ainetena kergesti levitatav pihustuspudeliga, kuid kergelt geeljas koostis v\u00f5imaldab pikemat toimeaega ilma, et aine pinnale kuivaks. Pikema toimeajaga saavutatakse parem pesutulemus eriti tugevalt kinnitunud mustuse (n\u00e4iteks k\u00f5rbenud piduritolm v\u00f5i suured rauaosakesed) eemaldamisel, kuna paksu mustusekihi l\u00e4bistamine v\u00f5tab aega. Vedelate rauaeemaldusainete puhul on oht, et aine kuivab pinnale enne s\u00fcgavamat toimet.<\/p>\n","protected":false},"featured_media":3587,"comment_status":"closed","ping_status":"open","template":"","meta":{"_monsterinsights_skip_tracking":false,"_monsterinsights_sitenote_active":false,"_monsterinsights_sitenote_note":"","_monsterinsights_sitenote_category":0},"product_brand":[],"product_cat":[35],"product_tag":[],"class_list":{"0":"post-3086","1":"product","2":"type-product","3":"status-publish","4":"has-post-thumbnail","6":"product_cat-puhastusvahendid-autohooldustooted","7":"pa_brand-king-carthur","8":"pa_kasutusotstarve-rauda-sisaldava-mustuse-eemaldamine-auto-pindadelt-velgede-pesu","9":"pa_konsistents-vedeliku-ja-geeli-vahel","10":"pa_uhiku-hind-19-98e-l","12":"first","13":"onbackorder","14":"taxable","15":"shipping-taxable","16":"purchasable","17":"product-type-simple"},"_links":{"self":[{"href":"https:\/\/chemicalstore.ee\/ru\/wp-json\/wp\/v2\/product\/3086","targetHints":{"allow":["GET"]}}],"collection":[{"href":"https:\/\/chemicalstore.ee\/ru\/wp-json\/wp\/v2\/product"}],"about":[{"href":"https:\/\/chemicalstore.ee\/ru\/wp-json\/wp\/v2\/types\/product"}],"replies":[{"embeddable":true,"href":"https:\/\/chemicalstore.ee\/ru\/wp-json\/wp\/v2\/comments?post=3086"}],"wp:featuredmedia":[{"embeddable":true,"href":"https:\/\/chemicalstore.ee\/ru\/wp-json\/wp\/v2\/media\/3587"}],"wp:attachment":[{"href":"https:\/\/chemicalstore.ee\/ru\/wp-json\/wp\/v2\/media?parent=3086"}],"wp:term":[{"taxonomy":"product_brand","embeddable":true,"href":"https:\/\/chemicalstore.ee\/ru\/wp-json\/wp\/v2\/product_brand?post=3086"},{"taxonomy":"product_cat","embeddable":true,"href":"https:\/\/chemicalstore.ee\/ru\/wp-json\/wp\/v2\/product_cat?post=3086"},{"taxonomy":"product_tag","embeddable":true,"href":"https:\/\/chemicalstore.ee\/ru\/wp-json\/wp\/v2\/product_tag?post=3086"}],"curies":[{"name":"wp","href":"https:\/\/api.w.org\/{rel}","templated":true}]}}