{"id":3084,"date":"2024-10-02T13:11:12","date_gmt":"2024-10-02T13:11:12","guid":{"rendered":"https:\/\/chemicalstore.ee\/toode\/pesuvaht-total-snow-foam-25000ml\/"},"modified":"2024-10-02T13:11:22","modified_gmt":"2024-10-02T13:11:22","slug":"pesuvaht-total-snow-foam-25000ml","status":"publish","type":"product","link":"https:\/\/chemicalstore.ee\/ru\/toode\/pesuvaht-total-snow-foam-25000ml\/","title":{"rendered":"Pesuvaht, Total Snow Foam &#8211; 25000ml"},"content":{"rendered":"<p>King Carthur Total Snow Foam on \u00e4\u00e4rimm\u00e4isen t\u00f5hus lahustav eelpesuvahend, mis eemaldab pestavalt pinnalt isegi k\u00f5ige sissejuurdunuma mustuse ilma mehaanilise kontaktita. Total on suurep\u00e4rane valik, kui s\u00f5idukile soovitakse teha p\u00f5hjalik puhastus ja pinnal on mustust, mida vahaturvalised pesuvahendid ei eemalda. Total eemaldab t\u00f6\u00f6deldud pinnalt lisaks sissejuurdunud mustuseosakestele ka n\u00e4iteks rasva, teesoola ja vanad vahad, j\u00e4ttes maha ainult t\u00e4iesti puhta pinna. Seda eelpesuvahendit tasub kasutada n\u00e4iteks siis, kui auto pesemisest on m\u00f6\u00f6das juba m\u00f5nda aega v\u00f5i kui auto soovitakse ette valmistada n\u00e4iteks uue vaha v\u00f5i kaitsekihi jaoks. Lahustav eelpesuvahend on hea valik ka siis, kui autopesuks ei ole palju aega.<br \/>\nRohkelt lahjendatavana sobib Total igasugusteks puhastust\u00f6\u00f6deks v\u00e4ikestest detailidest raskete masinate pesuni. Tugevalt lahjendatuna sobib see suurep\u00e4raselt \u00fcldpuhastusvahendiks, samas kui kasutamata v\u00f5i veidi lahjendatud kujul eemaldab see pinnalt praktiliselt kogu mustuse, rasva ja vahad. Total sobib suurep\u00e4raselt ka kaetud autode p\u00f5hjalikuks pesuks, ja selle koostisosad avavad ummistunud kaitsekihi, taastades selle h\u00fclgavust. Total Foam on k\u00f5ige parem kasutada kas vahtp\u00fcstoli v\u00f5i pumbapudeliga levitades, kuid vajadusel sobib see ka kinnastamiseks.<\/p>\n","protected":false},"excerpt":{"rendered":"<p>King CarthurKing Carthur Total Snow Foam ei sisalda v\u00e4rvaineid, vaha ega muid pesut\u00f5husust v\u00e4hendavaid koostisosi &#8211; selle disainimisel on keskendutud ainult ja ainult parima pesutulemuse saavutamisele. Seet\u00f5ttu sobib see suurep\u00e4raselt auto p\u00f5hjalikuks puhastamiseks. Total on biolagunev, mist\u00f5ttu sobib see ka kodustes pesut\u00f6\u00f6des kasutamiseks, ja lahjendatava segu t\u00f5ttu saab seda praktiliselt kasutada k\u00f5igi k\u00f5vade pindade puhastamiseks.<\/p>\n","protected":false},"featured_media":1994,"comment_status":"closed","ping_status":"open","template":"","meta":{"_monsterinsights_skip_tracking":false,"_monsterinsights_sitenote_active":false,"_monsterinsights_sitenote_note":"","_monsterinsights_sitenote_category":0},"product_brand":[],"product_cat":[35],"product_tag":[],"class_list":{"0":"post-3084","1":"product","2":"type-product","3":"status-publish","4":"has-post-thumbnail","6":"product_cat-puhastusvahendid-autohooldustooted","7":"pa_brand-king-carthur","8":"pa_kasutusotstarve-eelpesu-pesu-torksa-mustuse-korral","9":"pa_pakendi-suurus-1000-ml-5000-ml-ja-25000-ml","10":"pa_uhiku-hind-7-00e-l","12":"first","13":"onbackorder","14":"taxable","15":"shipping-taxable","16":"purchasable","17":"product-type-simple"},"_links":{"self":[{"href":"https:\/\/chemicalstore.ee\/ru\/wp-json\/wp\/v2\/product\/3084","targetHints":{"allow":["GET"]}}],"collection":[{"href":"https:\/\/chemicalstore.ee\/ru\/wp-json\/wp\/v2\/product"}],"about":[{"href":"https:\/\/chemicalstore.ee\/ru\/wp-json\/wp\/v2\/types\/product"}],"replies":[{"embeddable":true,"href":"https:\/\/chemicalstore.ee\/ru\/wp-json\/wp\/v2\/comments?post=3084"}],"wp:featuredmedia":[{"embeddable":true,"href":"https:\/\/chemicalstore.ee\/ru\/wp-json\/wp\/v2\/media\/1994"}],"wp:attachment":[{"href":"https:\/\/chemicalstore.ee\/ru\/wp-json\/wp\/v2\/media?parent=3084"}],"wp:term":[{"taxonomy":"product_brand","embeddable":true,"href":"https:\/\/chemicalstore.ee\/ru\/wp-json\/wp\/v2\/product_brand?post=3084"},{"taxonomy":"product_cat","embeddable":true,"href":"https:\/\/chemicalstore.ee\/ru\/wp-json\/wp\/v2\/product_cat?post=3084"},{"taxonomy":"product_tag","embeddable":true,"href":"https:\/\/chemicalstore.ee\/ru\/wp-json\/wp\/v2\/product_tag?post=3084"}],"curies":[{"name":"wp","href":"https:\/\/api.w.org\/{rel}","templated":true}]}}