{"id":3078,"date":"2024-10-02T13:11:12","date_gmt":"2024-10-02T13:11:12","guid":{"rendered":"https:\/\/chemicalstore.ee\/toode\/puhastusaine-quick-detailer-carbon-flex-vitalize-spray-473ml\/"},"modified":"2024-10-02T13:11:21","modified_gmt":"2024-10-02T13:11:21","slug":"puhastusaine-quick-detailer-carbon-flex-vitalize-spray-473ml","status":"publish","type":"product","link":"https:\/\/chemicalstore.ee\/ru\/toode\/puhastusaine-quick-detailer-carbon-flex-vitalize-spray-473ml\/","title":{"rendered":"Puhastusaine Quick Detailer, Carbon Flex Vitalize Spray &#8211; 473ml"},"content":{"rendered":"<p>Chemical Guys Carbon Flex Vitalize Spray on lihtsalt kasutatav Quick Detailer, mis annab s\u00f5idukipindadele l\u00f5pliku, suurep\u00e4rase l\u00e4ikiva viimistluse. Vitalize Spray on m\u00f5eldud juba s\u00f5iduki pinnal oleva kaitsevahendi puhastamiseks, hooldamiseks ja parandamiseks, pikendades selle kestust ja kvaliteeti. See Quick Detailer ei suru abrasiivseid mustuseosakesi katte pinnale, vaid eemaldab need ilma katet ummistamata. Lisaks lisab aine katte pinnale kaitsvaid pol\u00fcmeere ning taastab selle h\u00fcdrofoobsuse ja t\u00f5rjuvuse, pakkudes samas ka t\u00f5husat UV-kaitset. Nii p\u00fcsib kate ja samas s\u00f5iduk kauem paremas korras. Loomulikult saab Vitalize Sprayt kasutada ka kaitsmata pinna viimistluspuhastuseks. Aine puhastab s\u00f5iduki pinnad nt. tolmu, s\u00f5rmej\u00e4lgi ja katlakivi j\u00e4\u00e4ke, muutes pinna viimistletuks ja l\u00e4ikivaks. V\u00f5ib kasutada nii kuivadel kui ka m\u00e4rgadel pindadel!<\/p>\n","protected":false},"excerpt":{"rendered":"<p>Chemical GuysLihtne ja kiirelt kasutatav Quick Detailer kaitse taaselustamiseks ja nt. tolmu ja s\u00f5rmej\u00e4lgede eemaldamiseks. Annab s\u00f5idukile suurep\u00e4rase l\u00e4ike ja viimistletud v\u00e4limuse!<\/p>\n","protected":false},"featured_media":3079,"comment_status":"closed","ping_status":"open","template":"","meta":{"_monsterinsights_skip_tracking":false,"_monsterinsights_sitenote_active":false,"_monsterinsights_sitenote_note":"","_monsterinsights_sitenote_category":0},"product_brand":[],"product_cat":[27],"product_tag":[],"class_list":{"0":"post-3078","1":"product","2":"type-product","3":"status-publish","4":"has-post-thumbnail","6":"product_cat-kaitseained","7":"pa_brand-chemical-guys","8":"pa_kasutusotstarve-auto-varvikaitse-ja-puhastus","9":"pa_pakend-pihustuspeaga-plastpudel","10":"pa_uhiku-hind-61-10e-l","12":"first","13":"onbackorder","14":"taxable","15":"shipping-taxable","16":"purchasable","17":"product-type-simple"},"_links":{"self":[{"href":"https:\/\/chemicalstore.ee\/ru\/wp-json\/wp\/v2\/product\/3078","targetHints":{"allow":["GET"]}}],"collection":[{"href":"https:\/\/chemicalstore.ee\/ru\/wp-json\/wp\/v2\/product"}],"about":[{"href":"https:\/\/chemicalstore.ee\/ru\/wp-json\/wp\/v2\/types\/product"}],"replies":[{"embeddable":true,"href":"https:\/\/chemicalstore.ee\/ru\/wp-json\/wp\/v2\/comments?post=3078"}],"wp:featuredmedia":[{"embeddable":true,"href":"https:\/\/chemicalstore.ee\/ru\/wp-json\/wp\/v2\/media\/3079"}],"wp:attachment":[{"href":"https:\/\/chemicalstore.ee\/ru\/wp-json\/wp\/v2\/media?parent=3078"}],"wp:term":[{"taxonomy":"product_brand","embeddable":true,"href":"https:\/\/chemicalstore.ee\/ru\/wp-json\/wp\/v2\/product_brand?post=3078"},{"taxonomy":"product_cat","embeddable":true,"href":"https:\/\/chemicalstore.ee\/ru\/wp-json\/wp\/v2\/product_cat?post=3078"},{"taxonomy":"product_tag","embeddable":true,"href":"https:\/\/chemicalstore.ee\/ru\/wp-json\/wp\/v2\/product_tag?post=3078"}],"curies":[{"name":"wp","href":"https:\/\/api.w.org\/{rel}","templated":true}]}}