{"id":3075,"date":"2024-10-02T13:11:12","date_gmt":"2024-10-02T13:11:12","guid":{"rendered":"https:\/\/chemicalstore.ee\/toode\/katlakivi-eemaldusaine-hd-waterspot-remover-473ml\/"},"modified":"2024-10-02T13:11:20","modified_gmt":"2024-10-02T13:11:20","slug":"katlakivi-eemaldusaine-hd-waterspot-remover-473ml","status":"publish","type":"product","link":"https:\/\/chemicalstore.ee\/ru\/toode\/katlakivi-eemaldusaine-hd-waterspot-remover-473ml\/","title":{"rendered":"Katlakivi eemaldusaine, HD Waterspot Remover &#8211; 473ml"},"content":{"rendered":"<p>Chemical Guys HD Waterspot Remover on t\u00f5eliselt t\u00f5hus tsitrusel p\u00f5hinev katlakivieemaldaja, mida saab kasutada katlakivi j\u00e4\u00e4kide eemaldamiseks peaaegu k\u00f5igilt s\u00f5idukite v\u00e4lispindadelt, nagu n\u00e4iteks v\u00e4rvkatted, poritiibad, veljed ja klaasid. Aine geeljas koostis v\u00f5imaldab pika toimeperioodi, t\u00e4nu millele saab silmapilguga eemaldada isegi kaua pinnal olnud ja tahenenud katlakivij\u00e4\u00e4gid! HD Waterspot Remover neutraliseerib leeliselised veeplekid, tungides katlakivilaikude alla ja eemaldab seega \u00f5rnalt veeplekid t\u00f6\u00f6deldud pinda kahjustamata. Aine on v\u00e4ga piisav ning ka suurema ala t\u00f6\u00f6tlemiseks piisab vaid v\u00e4ikesest kogusest. \u00c4rge kasutage ainet plastosadele ega kummile.<\/p>\n","protected":false},"excerpt":{"rendered":"<p>Chemical GuysV\u00e4ga t\u00f5hus geelitaoline katlakivieemaldaja, mis eemaldab veepiiskade plekid vaevata peaaegu k\u00f5igilt auto v\u00e4lispindadelt. Viimistle oma auto l\u00e4ikiv v\u00e4limus selle ainega \u00f5rnalt ilma pinda kahjustamata!<\/p>\n","protected":false},"featured_media":3076,"comment_status":"closed","ping_status":"open","template":"","meta":{"_monsterinsights_skip_tracking":false,"_monsterinsights_sitenote_active":false,"_monsterinsights_sitenote_note":"","_monsterinsights_sitenote_category":0},"product_brand":[],"product_cat":[35],"product_tag":[],"class_list":{"0":"post-3075","1":"product","2":"type-product","3":"status-publish","4":"has-post-thumbnail","6":"product_cat-puhastusvahendid-autohooldustooted","7":"pa_brand-chemical-guys","8":"pa_kasutusotstarve-katlakivi-eemaldamine","9":"pa_koostis-geelilaadne-koostis","10":"pa_uhiku-hind-71-67e-l","12":"first","13":"onbackorder","14":"taxable","15":"shipping-taxable","16":"purchasable","17":"product-type-simple"},"_links":{"self":[{"href":"https:\/\/chemicalstore.ee\/ru\/wp-json\/wp\/v2\/product\/3075","targetHints":{"allow":["GET"]}}],"collection":[{"href":"https:\/\/chemicalstore.ee\/ru\/wp-json\/wp\/v2\/product"}],"about":[{"href":"https:\/\/chemicalstore.ee\/ru\/wp-json\/wp\/v2\/types\/product"}],"replies":[{"embeddable":true,"href":"https:\/\/chemicalstore.ee\/ru\/wp-json\/wp\/v2\/comments?post=3075"}],"wp:featuredmedia":[{"embeddable":true,"href":"https:\/\/chemicalstore.ee\/ru\/wp-json\/wp\/v2\/media\/3076"}],"wp:attachment":[{"href":"https:\/\/chemicalstore.ee\/ru\/wp-json\/wp\/v2\/media?parent=3075"}],"wp:term":[{"taxonomy":"product_brand","embeddable":true,"href":"https:\/\/chemicalstore.ee\/ru\/wp-json\/wp\/v2\/product_brand?post=3075"},{"taxonomy":"product_cat","embeddable":true,"href":"https:\/\/chemicalstore.ee\/ru\/wp-json\/wp\/v2\/product_cat?post=3075"},{"taxonomy":"product_tag","embeddable":true,"href":"https:\/\/chemicalstore.ee\/ru\/wp-json\/wp\/v2\/product_tag?post=3075"}],"curies":[{"name":"wp","href":"https:\/\/api.w.org\/{rel}","templated":true}]}}