{"id":3070,"date":"2024-10-02T13:11:12","date_gmt":"2024-10-02T13:11:12","guid":{"rendered":"https:\/\/chemicalstore.ee\/toode\/kruntimisaine-ez-creme-glaze-473ml\/"},"modified":"2024-10-02T13:11:20","modified_gmt":"2024-10-02T13:11:20","slug":"kruntimisaine-ez-creme-glaze-473ml","status":"publish","type":"product","link":"https:\/\/chemicalstore.ee\/ru\/toode\/kruntimisaine-ez-creme-glaze-473ml\/","title":{"rendered":"Kruntimisaine, EZ Creme Glaze &#8211; 473ml"},"content":{"rendered":"<p>Chemical Guys EZ Creme Glaze on t\u00f5hus kruntv\u00e4rv, mis t\u00e4idab kerged pesukriimud. Aine ainulaadne Acrylic Shine X tehnoloogia muudab pinna kaunilt peegelpildiks ja toob v\u00e4rvipinna v\u00e4rvi s\u00fcgavust. Creme Glaze&#8217;i spetsiaalsed t\u00e4iteained maskeerivad kerge keerisej\u00e4lje, mis parandab pinna l\u00e4iget ilma aegan\u00f5udva mehaanilise poleerimiseta. Toode sobib k\u00f5ikidele v\u00e4rvitoonidele ja seda saab peale kanda nii k\u00e4sitsi kui ka ekstsentrilise poleerimismasinaga. Aine kestvuse maksimeerimiseks on soovitatav peale kanda vaha. Chemical Guysi \u00fcks populaarsemaid kruntaineid!<\/p>\n","protected":false},"excerpt":{"rendered":"<p>Chemical GuysKruntv\u00e4rv, mis t\u00e4idab t\u00f5husalt kerged pesukriimud. Kasutatakse enne vahatamist pinna viimistlemiseks. Sobib nii k\u00e4sitsi kui masinaga kasutamiseks.<\/p>\n","protected":false},"featured_media":3071,"comment_status":"closed","ping_status":"open","template":"","meta":{"_monsterinsights_skip_tracking":false,"_monsterinsights_sitenote_active":false,"_monsterinsights_sitenote_note":"","_monsterinsights_sitenote_category":0},"product_brand":[],"product_cat":[86],"product_tag":[],"class_list":{"0":"post-3070","1":"product","2":"type-product","3":"status-publish","4":"has-post-thumbnail","6":"product_cat-poleerimine","7":"pa_brand-chemical-guys","8":"pa_kasutusotstarve-kriimude-taidis-ja-laike-lisamine-enne-vahatamist","9":"pa_kestvus-vahaga-kuni-6-kuud","10":"pa_uhiku-hind-50-53e-l","12":"first","13":"onbackorder","14":"taxable","15":"shipping-taxable","16":"purchasable","17":"product-type-simple"},"_links":{"self":[{"href":"https:\/\/chemicalstore.ee\/ru\/wp-json\/wp\/v2\/product\/3070","targetHints":{"allow":["GET"]}}],"collection":[{"href":"https:\/\/chemicalstore.ee\/ru\/wp-json\/wp\/v2\/product"}],"about":[{"href":"https:\/\/chemicalstore.ee\/ru\/wp-json\/wp\/v2\/types\/product"}],"replies":[{"embeddable":true,"href":"https:\/\/chemicalstore.ee\/ru\/wp-json\/wp\/v2\/comments?post=3070"}],"wp:featuredmedia":[{"embeddable":true,"href":"https:\/\/chemicalstore.ee\/ru\/wp-json\/wp\/v2\/media\/3071"}],"wp:attachment":[{"href":"https:\/\/chemicalstore.ee\/ru\/wp-json\/wp\/v2\/media?parent=3070"}],"wp:term":[{"taxonomy":"product_brand","embeddable":true,"href":"https:\/\/chemicalstore.ee\/ru\/wp-json\/wp\/v2\/product_brand?post=3070"},{"taxonomy":"product_cat","embeddable":true,"href":"https:\/\/chemicalstore.ee\/ru\/wp-json\/wp\/v2\/product_cat?post=3070"},{"taxonomy":"product_tag","embeddable":true,"href":"https:\/\/chemicalstore.ee\/ru\/wp-json\/wp\/v2\/product_tag?post=3070"}],"curies":[{"name":"wp","href":"https:\/\/api.w.org\/{rel}","templated":true}]}}