{"id":3064,"date":"2024-10-02T13:11:12","date_gmt":"2024-10-02T13:11:12","guid":{"rendered":"https:\/\/chemicalstore.ee\/toode\/varvipinna-kontrollimis-lamp-ultra-bright-xl-chemical-guys\/"},"modified":"2024-10-02T13:11:19","modified_gmt":"2024-10-02T13:11:19","slug":"varvipinna-kontrollimis-lamp-ultra-bright-xl-chemical-guys","status":"publish","type":"product","link":"https:\/\/chemicalstore.ee\/ru\/toode\/varvipinna-kontrollimis-lamp-ultra-bright-xl-chemical-guys\/","title":{"rendered":"V\u00e4rvipinna kontrollimis lamp, Ultra Bright XL &#8211; Chemical Guys"},"content":{"rendered":"<p>Chemical Guys Ultra Bright XL on akutoitel v\u00e4rvipinna kontrolltuli. Valguse abil on m\u00e4rgata kriimustusi ja keerisesid, mis muidu palja silmaga m\u00e4rkamatuks j\u00e4\u00e4ksid. Seda kasutatakse eriti seoses mehaanilise poleerimisega, kuid see toimib nutikalt ka n\u00e4iteks sisemuse puhastamisel. Lambi valgusallikaks on LED-riba, mille valgusv\u00f5imsus on 430 luumenit. Valgusv\u00f5imsust saab rulll\u00fcliti abil astmeliselt ja lihtsalt reguleerida.<\/p>\n","protected":false},"excerpt":{"rendered":"<p>Chemical GuysAkutoitega v\u00e4rvipinna kontrolllamp hea valgusv\u00f5imsusega nt hologrammide kontrollimiseks. Reguleeritav valgustusnurk.<\/p>\n","protected":false},"featured_media":3065,"comment_status":"closed","ping_status":"open","template":"","meta":{"_monsterinsights_skip_tracking":false,"_monsterinsights_sitenote_active":false,"_monsterinsights_sitenote_note":"","_monsterinsights_sitenote_category":0},"product_brand":[],"product_cat":[46],"product_tag":[],"class_list":{"0":"post-3064","1":"product","2":"type-product","3":"status-publish","4":"has-post-thumbnail","6":"product_cat-autohooldus-muu","7":"pa_brand-chemical-guys","8":"pa_kasutusotstarve-varvipinna-defektide-kontrollimiseks","9":"pa_uhiku-hind-59-90e-tk","10":"pa_voimsus-430-lm","12":"first","13":"onbackorder","14":"taxable","15":"shipping-taxable","16":"purchasable","17":"product-type-simple"},"_links":{"self":[{"href":"https:\/\/chemicalstore.ee\/ru\/wp-json\/wp\/v2\/product\/3064","targetHints":{"allow":["GET"]}}],"collection":[{"href":"https:\/\/chemicalstore.ee\/ru\/wp-json\/wp\/v2\/product"}],"about":[{"href":"https:\/\/chemicalstore.ee\/ru\/wp-json\/wp\/v2\/types\/product"}],"replies":[{"embeddable":true,"href":"https:\/\/chemicalstore.ee\/ru\/wp-json\/wp\/v2\/comments?post=3064"}],"wp:featuredmedia":[{"embeddable":true,"href":"https:\/\/chemicalstore.ee\/ru\/wp-json\/wp\/v2\/media\/3065"}],"wp:attachment":[{"href":"https:\/\/chemicalstore.ee\/ru\/wp-json\/wp\/v2\/media?parent=3064"}],"wp:term":[{"taxonomy":"product_brand","embeddable":true,"href":"https:\/\/chemicalstore.ee\/ru\/wp-json\/wp\/v2\/product_brand?post=3064"},{"taxonomy":"product_cat","embeddable":true,"href":"https:\/\/chemicalstore.ee\/ru\/wp-json\/wp\/v2\/product_cat?post=3064"},{"taxonomy":"product_tag","embeddable":true,"href":"https:\/\/chemicalstore.ee\/ru\/wp-json\/wp\/v2\/product_tag?post=3064"}],"curies":[{"name":"wp","href":"https:\/\/api.w.org\/{rel}","templated":true}]}}