{"id":3059,"date":"2024-10-02T13:11:12","date_gmt":"2024-10-02T13:11:12","guid":{"rendered":"https:\/\/chemicalstore.ee\/toode\/autovaha-petes-53-black-pearl-242ml\/"},"modified":"2024-10-02T13:11:18","modified_gmt":"2024-10-02T13:11:18","slug":"autovaha-petes-53-black-pearl-242ml","status":"publish","type":"product","link":"https:\/\/chemicalstore.ee\/ru\/toode\/autovaha-petes-53-black-pearl-242ml\/","title":{"rendered":"Autovaha, Pete&#8217;s 53 Black Pearl &#8211; 242ml"},"content":{"rendered":"<p>Chemical Guys Pete&#8217;s Black Pearl Carnauba Paste Wax on kvaliteetne autovaha, mis sobib igat t\u00fc\u00fcpi v\u00e4rvipindadele, kuid vaha toob k\u00f5ige maitsvamad omadused tumedatele ja metalsetele v\u00e4rvipindadele. Black Pearl on looduslikest materjalidest k\u00e4sitsi valmistatud vaha, mis sisaldab 53% ehtsat Brasiilia karnaubavaha. Vaha tagab k\u00f5rge n\u00e4ituse v\u00e4\u00e4rilise ja peegelsile s\u00e4rava s\u00e4ra. Vaha on oma nime saanud Chemical Guysi tootjate hea s\u00f5bra, kes on lahkunud, ja kauaaegse autohoolduse entusiasti j\u00e4rgi. Vaha on m\u00f5eldud kirglikele autohooldushuvilistele.<\/p>\n","protected":false},"excerpt":{"rendered":"<p>Chemical GuysKvaliteetsest looduslikust toorainest valmistatud autovaha. Eriti tumedate toonide jaoks. Suurep\u00e4rane s\u00e4ra!<\/p>\n","protected":false},"featured_media":3060,"comment_status":"closed","ping_status":"open","template":"","meta":{"_monsterinsights_skip_tracking":false,"_monsterinsights_sitenote_active":false,"_monsterinsights_sitenote_note":"","_monsterinsights_sitenote_category":0},"product_brand":[],"product_cat":[27],"product_tag":[],"class_list":{"0":"post-3059","1":"product","2":"type-product","3":"status-publish","4":"has-post-thumbnail","6":"product_cat-kaitseained","7":"pa_brand-chemical-guys","8":"pa_kasutusotstarve-auto-vahatamine","9":"pa_omadused-eriti-tumedate-toonide-vahatamiseks","10":"pa_uhiku-hind-247-52e-l","12":"first","13":"onbackorder","14":"taxable","15":"shipping-taxable","16":"purchasable","17":"product-type-simple"},"_links":{"self":[{"href":"https:\/\/chemicalstore.ee\/ru\/wp-json\/wp\/v2\/product\/3059","targetHints":{"allow":["GET"]}}],"collection":[{"href":"https:\/\/chemicalstore.ee\/ru\/wp-json\/wp\/v2\/product"}],"about":[{"href":"https:\/\/chemicalstore.ee\/ru\/wp-json\/wp\/v2\/types\/product"}],"replies":[{"embeddable":true,"href":"https:\/\/chemicalstore.ee\/ru\/wp-json\/wp\/v2\/comments?post=3059"}],"wp:featuredmedia":[{"embeddable":true,"href":"https:\/\/chemicalstore.ee\/ru\/wp-json\/wp\/v2\/media\/3060"}],"wp:attachment":[{"href":"https:\/\/chemicalstore.ee\/ru\/wp-json\/wp\/v2\/media?parent=3059"}],"wp:term":[{"taxonomy":"product_brand","embeddable":true,"href":"https:\/\/chemicalstore.ee\/ru\/wp-json\/wp\/v2\/product_brand?post=3059"},{"taxonomy":"product_cat","embeddable":true,"href":"https:\/\/chemicalstore.ee\/ru\/wp-json\/wp\/v2\/product_cat?post=3059"},{"taxonomy":"product_tag","embeddable":true,"href":"https:\/\/chemicalstore.ee\/ru\/wp-json\/wp\/v2\/product_tag?post=3059"}],"curies":[{"name":"wp","href":"https:\/\/api.w.org\/{rel}","templated":true}]}}