{"id":3050,"date":"2024-10-02T13:11:12","date_gmt":"2024-10-02T13:11:12","guid":{"rendered":"https:\/\/chemicalstore.ee\/toode\/luhike-survepesuri-kaepide-torq-snubby-chemical-guys\/"},"modified":"2024-10-02T13:11:17","modified_gmt":"2024-10-02T13:11:17","slug":"luhike-survepesuri-kaepide-torq-snubby-chemical-guys","status":"publish","type":"product","link":"https:\/\/chemicalstore.ee\/ru\/toode\/luhike-survepesuri-kaepide-torq-snubby-chemical-guys\/","title":{"rendered":"L\u00fchike survepesuri k\u00e4epide, Torq Snubby &#8211; Chemical Guys"},"content":{"rendered":"<p>Chemical Guys Torq Snubby on l\u00fchike pesuk\u00e4epide survepesurite jaoks. L\u00fchike k\u00e4epide muudab auto \u00fcmber t\u00f6\u00f6tamise palju lihtsamaks, nt autopesulates, kus auto ja seina vahele ei j\u00e4\u00e4 palju ruumi. L\u00fchikest k\u00e4epidet on ka lihtsam juhtida ja see on oluliselt kergem. Meeldiv k\u00e4epide tagab kindla ja mugava haarde. K\u00e4epidemel on ka kaitse, mis hoiab \u00e4ra &#8220;kahjul\u00f6\u00f6gi&#8221;. T\u00e4nu standardm\u00f5\u00f5dus 1\/4&#8243; kiir\u00fchendusele on erinevaid tarvikuid \u00fclilihtne ja kiire k\u00e4epidemest kinnitada ja lahti v\u00f5tta, mis teeb t\u00f6\u00f6tamise oluliselt kiiremaks ja mugavamaks! K\u00e4epide kinnitub pesuri vooliku k\u00fclge kas 1\/4-ga &#8221; kiir\u00fchendusega v\u00f5i traditsioonilise M22 keermega pistikuga, mis tagab k\u00e4epideme sobivuse suurele osale turust. olemasolevatest survepesuritele!<\/p>\n","protected":false},"excerpt":{"rendered":"<p>Chemical GuysL\u00fchike, kiir\u00fchendusega pesuk\u00e4epide survepesuritele. Kinnitub vooliku k\u00fclge 1\/4&#8243; kiir\u00fchendusega v\u00f5i M22 keermega pistikuga, 1\/4&#8243; kiirliitmikuga tarvikute jaoks!<\/p>\n","protected":false},"featured_media":3051,"comment_status":"closed","ping_status":"open","template":"","meta":{"_monsterinsights_skip_tracking":false,"_monsterinsights_sitenote_active":false,"_monsterinsights_sitenote_note":"","_monsterinsights_sitenote_category":0},"product_brand":[],"product_cat":[46],"product_tag":[],"class_list":{"0":"post-3050","1":"product","2":"type-product","3":"status-publish","4":"has-post-thumbnail","6":"product_cat-autohooldus-muu","7":"pa_brand-chemical-guys","8":"pa_kasutusotstarve-survepesuri-kaepide","9":"pa_sobivus-voolikuuhendus-3-8-kiiruhendus-voi-m22-keermega-adapter","10":"pa_uhiku-hind-84-90e-tk","12":"first","13":"onbackorder","14":"taxable","15":"shipping-taxable","16":"purchasable","17":"product-type-simple"},"_links":{"self":[{"href":"https:\/\/chemicalstore.ee\/ru\/wp-json\/wp\/v2\/product\/3050","targetHints":{"allow":["GET"]}}],"collection":[{"href":"https:\/\/chemicalstore.ee\/ru\/wp-json\/wp\/v2\/product"}],"about":[{"href":"https:\/\/chemicalstore.ee\/ru\/wp-json\/wp\/v2\/types\/product"}],"replies":[{"embeddable":true,"href":"https:\/\/chemicalstore.ee\/ru\/wp-json\/wp\/v2\/comments?post=3050"}],"wp:featuredmedia":[{"embeddable":true,"href":"https:\/\/chemicalstore.ee\/ru\/wp-json\/wp\/v2\/media\/3051"}],"wp:attachment":[{"href":"https:\/\/chemicalstore.ee\/ru\/wp-json\/wp\/v2\/media?parent=3050"}],"wp:term":[{"taxonomy":"product_brand","embeddable":true,"href":"https:\/\/chemicalstore.ee\/ru\/wp-json\/wp\/v2\/product_brand?post=3050"},{"taxonomy":"product_cat","embeddable":true,"href":"https:\/\/chemicalstore.ee\/ru\/wp-json\/wp\/v2\/product_cat?post=3050"},{"taxonomy":"product_tag","embeddable":true,"href":"https:\/\/chemicalstore.ee\/ru\/wp-json\/wp\/v2\/product_tag?post=3050"}],"curies":[{"name":"wp","href":"https:\/\/api.w.org\/{rel}","templated":true}]}}